{"id":2256,"date":"2025-05-03T08:54:18","date_gmt":"2025-05-03T08:54:18","guid":{"rendered":"https:\/\/habibimb.com\/?post_type=product&#038;p=2256"},"modified":"2025-12-20T19:23:06","modified_gmt":"2025-12-20T19:23:06","slug":"apa-de-parfum-wonder-of-you-riiffs-barbati-100ml","status":"publish","type":"product","link":"https:\/\/habibimb.com\/en\/product\/apa-de-parfum-wonder-of-you-riiffs-barbati-100ml\/","title":{"rendered":"Wonder Of You, Riiffs"},"content":{"rendered":"<h2>Dezv\u0103luind minunea din tine<\/h2>\n<p>Experimenteaz\u0103 un parfum care \u00ee\u021bi spune povestea cu fiecare not\u0103. <strong>Apa De Parfum Wonder Of You de la Riiffs<\/strong> este conceput pentru b\u0103rbatul modern care \u00eentruchipeaz\u0103 elegan\u021ba, farmecul \u0219i rafinamentul. Aceast\u0103 ap\u0103 de parfum de 100 ml este o celebrare a individualit\u0103\u021bii, surprinz\u00e2nd esen\u021ba a ceea ce \u00eenseamn\u0103 s\u0103 fii unic. Nu este doar un miros; este o declara\u021bie.<\/p>\n<h2>O simfonie de note<\/h2>\n<p>La prima pulverizare, vei fi \u00eenv\u0103luit \u00eentr-o explozie r\u0103coritoare de note citrice \u0219i aromatice, revigor\u00e2ndu-\u021bi sim\u021burile \u0219i \u00een\u0103l\u021b\u00e2ndu-\u021bi spiritul. Pe m\u0103sur\u0103 ce parfumul evolueaz\u0103, dezv\u0103luie o inim\u0103 de condimente \u00eendr\u0103zne\u021be \u0219i lemne netede, cre\u00e2nd un echilibru perfect, care este at\u00e2t atr\u0103g\u0103tor, c\u00e2t \u0219i memorabil. \u00cen cele din urm\u0103, notele de baz\u0103 se a\u0219eaz\u0103 \u00eentr-o \u00eembr\u0103\u021bi\u0219are cald\u0103 de mosc \u0219i chihlimbar, l\u0103s\u00e2nd o impresie de durat\u0103 care persist\u0103 pe tot parcursul zilei. Fiecare strat din acest parfum se armonizeaz\u0103 frumos, f\u0103c\u00e2ndu-l potrivit pentru orice ocazie.<\/p>\n<h2>Perfect pentru orice ocazie<\/h2>\n<p><strong>The Wonder Of You<\/strong> este creat pentru a te \u00eenso\u021bi \u00een toate aventurile vie\u021bii tale, fie c\u0103 este vorba de o ie\u0219ire casual cu prietenii sau de o \u00eent\u00e2lnire formal\u0103. Este suficient de versatil pentru a fi purtat zi sau noapte, asigur\u00e2ndu-v\u0103 \u00eentotdeauna \u00eencredere \u0219i carism\u0103. Sticla durabil\u0103 de 100 ml nu numai c\u0103 arat\u0103 izbitor pe toalet\u0103, dar este \u0219i conceput\u0103 pentru u\u0219urin\u021b\u0103 \u00een utilizare, permi\u021b\u00e2ndu-v\u0103 s\u0103 v\u0103 bucura\u021bi de parfum oric\u00e2nd dori\u021bi.<\/p>\n<p>\u00cembr\u0103\u021bi\u0219eaz\u0103 puterea parfumului \u0219i las\u0103 <strong>Apa De Parfum Wonder Of You<\/strong> de Riiffs s\u0103 devin\u0103 parfumul t\u0103u semn\u0103tur\u0103. Nu este vorba doar de a mirosi bine; este vorba despre a exprima cine e\u0219ti. \u00cembun\u0103t\u0103\u021be\u0219te-\u021bi colec\u021bia de parfumuri ast\u0103zi \u0219i descoper\u0103 minunea care se afl\u0103 \u00een tine!<\/p>","protected":false},"excerpt":{"rendered":"<p>Inspirat din Stronger With You Giorgio\u00a0Armani<\/p>","protected":false},"featured_media":2258,"comment_status":"open","ping_status":"closed","template":"","meta":{"om_disable_all_campaigns":false,"_monsterinsights_skip_tracking":false,"_monsterinsights_sitenote_active":false,"_monsterinsights_sitenote_note":"","_monsterinsights_sitenote_category":0},"product_brand":[73],"product_cat":[55],"product_tag":[],"class_list":{"0":"post-2256","1":"product","2":"type-product","3":"status-publish","4":"has-post-thumbnail","6":"product_brand-riiffs","7":"product_cat-pentru-el","9":"first","10":"outofstock","11":"shipping-taxable","12":"purchasable","13":"product-type-simple"},"aioseo_notices":[],"ct_brands":[{"id":73,"name":"Riiffs","slug":"riiffs"}],"_links":{"self":[{"href":"https:\/\/habibimb.com\/en\/wp-json\/wp\/v2\/product\/2256","targetHints":{"allow":["GET"]}}],"collection":[{"href":"https:\/\/habibimb.com\/en\/wp-json\/wp\/v2\/product"}],"about":[{"href":"https:\/\/habibimb.com\/en\/wp-json\/wp\/v2\/types\/product"}],"replies":[{"embeddable":true,"href":"https:\/\/habibimb.com\/en\/wp-json\/wp\/v2\/comments?post=2256"}],"wp:featuredmedia":[{"embeddable":true,"href":"https:\/\/habibimb.com\/en\/wp-json\/wp\/v2\/media\/2258"}],"wp:attachment":[{"href":"https:\/\/habibimb.com\/en\/wp-json\/wp\/v2\/media?parent=2256"}],"wp:term":[{"taxonomy":"product_brand","embeddable":true,"href":"https:\/\/habibimb.com\/en\/wp-json\/wp\/v2\/product_brand?post=2256"},{"taxonomy":"product_cat","embeddable":true,"href":"https:\/\/habibimb.com\/en\/wp-json\/wp\/v2\/product_cat?post=2256"},{"taxonomy":"product_tag","embeddable":true,"href":"https:\/\/habibimb.com\/en\/wp-json\/wp\/v2\/product_tag?post=2256"}],"curies":[{"name":"wp","href":"https:\/\/api.w.org\/{rel}","templated":true}]}}