{"id":2253,"date":"2025-05-03T08:52:33","date_gmt":"2025-05-03T08:52:33","guid":{"rendered":"https:\/\/habibimb.com\/?post_type=product&#038;p=2253"},"modified":"2025-05-15T12:22:54","modified_gmt":"2025-05-15T12:22:54","slug":"apa-de-parfum-abeer-riiffs-femei-100ml","status":"publish","type":"product","link":"https:\/\/habibimb.com\/en\/product\/apa-de-parfum-abeer-riiffs-femei-100ml\/","title":{"rendered":"Abeer, Riiffs"},"content":{"rendered":"<h2>R\u0103sf\u0103\u021ba\u021bi-v\u0103 cu elegan\u021ba cu Apa De Parfum Abeer<\/h2>\n<p>Apa De Parfum Abeer de la Riiffs nu este doar un parfum; este o experien\u021b\u0103 care \u00eentruchipeaz\u0103 rafinamentul \u0219i farmecul. Conceput pentru femeia modern\u0103, acest parfum de lux \u00ee\u021bi ridic\u0103 momentele de zi cu zi \u00een ceva cu adev\u0103rat special. Cu amestecul s\u0103u rafinat de note florale \u0219i fructate, este perfect pentru orice ocazie, fie c\u0103 este vorba de o zi casual, o sear\u0103 romantic\u0103 sau un cadru profesional. Sticla de 100 ml v\u0103 asigur\u0103 o cantitate generoas\u0103 de care s\u0103 v\u0103 bucura\u021bi \u00een fiecare zi.<\/p>\n<h2>Amestecul perfect de note<\/h2>\n<p>Abeer prezint\u0103 un amestec uimitor de note de v\u00e2rf, mijloc \u0219i de baz\u0103 care creeaz\u0103 un profil olfactiv armonios. Notele de v\u00e2rf se deschid cu citrice r\u0103coritoare \u0219i acorduri florale \u00eenc\u00e2nt\u0103toare, oferind un \u00eenceput revigorant pentru c\u0103l\u0103toria ta parfumat\u0103. Pe m\u0103sur\u0103 ce se a\u0219eaz\u0103, inima dezv\u0103luie un amestec captivant de flori bogate, evoc\u00e2nd sentimente de elegan\u021b\u0103 \u0219i gra\u021bie. \u00cen cele din urm\u0103, notele de baz\u0103 ofer\u0103 c\u0103ldur\u0103 \u0219i profunzime cu note de mosc \u0219i chihlimbar, l\u0103s\u00e2nd o impresie de durat\u0103 oriunde te-ai duce.<\/p>\n<h2>De ce s\u0103 alegi Apa De Parfum Abeer?<\/h2>\n<p>Acest parfum premium este formulat folosind ingrediente de \u00eenalt\u0103 calitate, asigur\u00e2nd longevitate \u0219i bog\u0103\u021bie \u00een fiecare pulverizare. Designul sofisticat al sticlei nu numai c\u0103 arat\u0103 uimitor pe toalet\u0103, dar este \u0219i convenabil pentru c\u0103l\u0103torii. Fie c\u0103 \u00eel achizi\u021biona\u021bi pentru dumneavoastr\u0103 sau ca cadou pentru o persoan\u0103 drag\u0103, Apa De Parfum Abeer este o alegere care semnific\u0103 atemporalitate \u0219i frumuse\u021be. Descoper\u0103 cum un singur spritz \u00ee\u021bi poate transforma starea de spirit \u0219i \u00ee\u021bi poate \u00eembun\u0103t\u0103\u021bi prezen\u021ba, f\u0103c\u00e2ndu-l un plus esen\u021bial pentru colec\u021bia ta de parfumuri.<\/p>","protected":false},"excerpt":{"rendered":"<p>Inspirat din Good Girl Blush Carolina\u00a0Herrera<\/p>","protected":false},"featured_media":2255,"comment_status":"open","ping_status":"closed","template":"","meta":{"om_disable_all_campaigns":false,"_monsterinsights_skip_tracking":false,"_monsterinsights_sitenote_active":false,"_monsterinsights_sitenote_note":"","_monsterinsights_sitenote_category":0},"product_brand":[73],"product_cat":[56],"product_tag":[],"class_list":{"0":"post-2253","1":"product","2":"type-product","3":"status-publish","4":"has-post-thumbnail","6":"product_brand-riiffs","7":"product_cat-pentru-ea","9":"first","10":"instock","11":"shipping-taxable","12":"purchasable","13":"product-type-simple"},"aioseo_notices":[],"ct_brands":[{"id":73,"name":"Riiffs","slug":"riiffs"}],"_links":{"self":[{"href":"https:\/\/habibimb.com\/en\/wp-json\/wp\/v2\/product\/2253","targetHints":{"allow":["GET"]}}],"collection":[{"href":"https:\/\/habibimb.com\/en\/wp-json\/wp\/v2\/product"}],"about":[{"href":"https:\/\/habibimb.com\/en\/wp-json\/wp\/v2\/types\/product"}],"replies":[{"embeddable":true,"href":"https:\/\/habibimb.com\/en\/wp-json\/wp\/v2\/comments?post=2253"}],"wp:featuredmedia":[{"embeddable":true,"href":"https:\/\/habibimb.com\/en\/wp-json\/wp\/v2\/media\/2255"}],"wp:attachment":[{"href":"https:\/\/habibimb.com\/en\/wp-json\/wp\/v2\/media?parent=2253"}],"wp:term":[{"taxonomy":"product_brand","embeddable":true,"href":"https:\/\/habibimb.com\/en\/wp-json\/wp\/v2\/product_brand?post=2253"},{"taxonomy":"product_cat","embeddable":true,"href":"https:\/\/habibimb.com\/en\/wp-json\/wp\/v2\/product_cat?post=2253"},{"taxonomy":"product_tag","embeddable":true,"href":"https:\/\/habibimb.com\/en\/wp-json\/wp\/v2\/product_tag?post=2253"}],"curies":[{"name":"wp","href":"https:\/\/api.w.org\/{rel}","templated":true}]}}