{"id":2250,"date":"2025-05-03T08:50:45","date_gmt":"2025-05-03T08:50:45","guid":{"rendered":"https:\/\/habibimb.com\/?post_type=product&#038;p=2250"},"modified":"2025-10-30T08:19:25","modified_gmt":"2025-10-30T08:19:25","slug":"apa-de-parfum-colection-de-montano-absolu-riiffs-unisex-100ml","status":"publish","type":"product","link":"https:\/\/habibimb.com\/en\/product\/apa-de-parfum-colection-de-montano-absolu-riiffs-unisex-100ml\/","title":{"rendered":"Colection De Montano Absolu, Riiffs"},"content":{"rendered":"<h2>Experimenta\u021bi esen\u021ba elegan\u021bei<\/h2>\n<p>Descoperi\u021bi rafinamentul de neegalat cu Apa De Parfum Colection De Montano Absolu, Riiffs. Acest parfum rafinat de 100 ml este conceput pentru persoanele care caut\u0103 s\u0103-\u0219i exprime identitatea unic\u0103 prin parfum. Fie c\u0103 te \u00eembraci pentru o ocazie special\u0103 sau \u00ee\u021bi \u00eembun\u0103t\u0103\u021be\u0219ti prezen\u021ba de zi cu zi, acest parfum unisex cuprinde un amestec de note \u00eendr\u0103zne\u021be \u0219i subtile care se potrivesc fiec\u0103rei st\u0103ri de spirit \u0219i moment.<\/p>\n<h2>Un amestec armonios de note<\/h2>\n<p>Compozi\u021bia lui Riiffs este meticulos realizat\u0103 pentru a oferi o experien\u021b\u0103 olfactiv\u0103 f\u0103r\u0103 egal. Se deschide cu note de v\u00e2rf revigorante care stimuleaz\u0103 sim\u021burile, urmate de o inim\u0103 plin\u0103 de acorduri florale captivante. Notele de baz\u0103 dezv\u0103luie o esen\u021b\u0103 cald\u0103 \u0219i persistent\u0103, rezon\u00e2nd cu bog\u0103\u021bia care dureaz\u0103 pe tot parcursul zilei. Aceast\u0103 stratificare complex\u0103 asigur\u0103 c\u0103 fiecare pulverizare \u00ee\u021bi \u00eembun\u0103t\u0103\u021be\u0219te aura, f\u0103c\u00e2ndu-te de neuitat.<\/p>\n<h2>Versatilitate pentru toate ocaziile<\/h2>\n<p>Apa De Parfum Colection De Montano Absolu, Riiffs nu este doar un parfum; Este un \u00eenso\u021bitor versatil care se adapteaz\u0103 stilului t\u0103u de via\u021b\u0103. Potrivit at\u00e2t pentru set\u0103ri casual, c\u00e2t \u0219i formale, acest parfum unisex poate fi purtat zi sau noapte. Sticla sa spa\u021bioas\u0103 de 100 ml \u00eel face o alegere perfect\u0103 at\u00e2t pentru cas\u0103, c\u00e2t \u0219i pentru c\u0103l\u0103torii, permi\u021b\u00e2ndu-v\u0103 s\u0103 purta\u021bi o not\u0103 de lux oriunde merge\u021bi. \u00cembr\u0103\u021bi\u0219eaz\u0103 versatilitatea \u0219i f\u0103-o un element de baz\u0103 \u00een colec\u021bia ta de parfumuri.<\/p>","protected":false},"excerpt":{"rendered":"<p><strong>Note de v\u00e2rf:<\/strong>\u00a0Condimente;<\/p>\n<p><strong>Note de mijloc:<\/strong>\u00a0Condimente, Note lemnoase;<\/p>\n<p><strong>Note de baz\u0103:<\/strong>\u00a0Oud, Ambra, Condimente, Sofran.<\/p>","protected":false},"featured_media":2252,"comment_status":"open","ping_status":"closed","template":"","meta":{"om_disable_all_campaigns":false,"_monsterinsights_skip_tracking":false,"_monsterinsights_sitenote_active":false,"_monsterinsights_sitenote_note":"","_monsterinsights_sitenote_category":0},"product_brand":[73],"product_cat":[57],"product_tag":[],"class_list":{"0":"post-2250","1":"product","2":"type-product","3":"status-publish","4":"has-post-thumbnail","6":"product_brand-riiffs","7":"product_cat-unisex","9":"first","10":"outofstock","11":"shipping-taxable","12":"purchasable","13":"product-type-simple"},"aioseo_notices":[],"ct_brands":[{"id":73,"name":"Riiffs","slug":"riiffs"}],"_links":{"self":[{"href":"https:\/\/habibimb.com\/en\/wp-json\/wp\/v2\/product\/2250","targetHints":{"allow":["GET"]}}],"collection":[{"href":"https:\/\/habibimb.com\/en\/wp-json\/wp\/v2\/product"}],"about":[{"href":"https:\/\/habibimb.com\/en\/wp-json\/wp\/v2\/types\/product"}],"replies":[{"embeddable":true,"href":"https:\/\/habibimb.com\/en\/wp-json\/wp\/v2\/comments?post=2250"}],"wp:featuredmedia":[{"embeddable":true,"href":"https:\/\/habibimb.com\/en\/wp-json\/wp\/v2\/media\/2252"}],"wp:attachment":[{"href":"https:\/\/habibimb.com\/en\/wp-json\/wp\/v2\/media?parent=2250"}],"wp:term":[{"taxonomy":"product_brand","embeddable":true,"href":"https:\/\/habibimb.com\/en\/wp-json\/wp\/v2\/product_brand?post=2250"},{"taxonomy":"product_cat","embeddable":true,"href":"https:\/\/habibimb.com\/en\/wp-json\/wp\/v2\/product_cat?post=2250"},{"taxonomy":"product_tag","embeddable":true,"href":"https:\/\/habibimb.com\/en\/wp-json\/wp\/v2\/product_tag?post=2250"}],"curies":[{"name":"wp","href":"https:\/\/api.w.org\/{rel}","templated":true}]}}