{"id":2247,"date":"2025-05-03T08:48:36","date_gmt":"2025-05-03T08:48:36","guid":{"rendered":"https:\/\/habibimb.com\/?post_type=product&#038;p=2247"},"modified":"2025-05-15T07:32:16","modified_gmt":"2025-05-15T07:32:16","slug":"apa-de-parfum-tanzanite-bronze-riiffs-barbati-100ml","status":"publish","type":"product","link":"https:\/\/habibimb.com\/en\/product\/apa-de-parfum-tanzanite-bronze-riiffs-barbati-100ml\/","title":{"rendered":"Tanzanite Bronze, Riiffs"},"content":{"rendered":"<h2>Dezl\u0103n\u021buie-\u021bi carisma<\/h2>\n<p>Descoperi\u021bi parfumul atr\u0103g\u0103tor al <strong>Apa De Parfum Tanzanite Bronze<\/strong> de la Riiffs. Acest parfum rafinat pentru b\u0103rba\u021bi surprinde spiritul de aventur\u0103 \u0219i elegan\u021b\u0103 \u00eentr-o sticl\u0103 de 100 ml, f\u0103c\u00e2ndu-l completarea perfect\u0103 pentru orice colec\u021bie de parfumuri. Conceput pentru b\u0103rbatul modern care caut\u0103 s\u0103 fac\u0103 o declara\u021bie, bronzul tanzanit nu este doar un parfum; este o expresie a individualit\u0103\u021bii.<\/p>\n<h2>Profilul parfumului<\/h2>\n<p>Scufunda\u021bi-v\u0103 \u00eentr-un amestec armonios de note care creeaz\u0103 o arom\u0103 captivant\u0103. Notele de v\u00e2rf ale bronzului tanzanit dezv\u0103luie o explozie r\u0103coritoare de citrice, oferind un \u00eenceput revigorant zilei. Pe m\u0103sur\u0103 ce parfumul se dezvolt\u0103, apar note de mijloc de condimente calde \u0219i flori bogate, ad\u0103ug\u00e2nd profunzime \u0219i caracter. \u00cen cele din urm\u0103, notele de baz\u0103 de lemn moscat \u0219i chihlimbar ofer\u0103 o c\u0103ldur\u0103 de durat\u0103 care persist\u0103 pe piele, asigur\u00e2ndu-v\u0103 o impresie memorabil\u0103.<\/p>\n<h2>Perfect pentru orice ocazie<\/h2>\n<p>Fie c\u0103 te \u00eembraci pentru un eveniment special sau te bucuri de o zi casual, <strong>Apa De Parfum Tanzanite Bronze<\/strong> este \u00eenso\u021bitorul ideal pentru parfumuri. Compozi\u021bia sa versatil\u0103 \u00eel face potrivit pentru orice ocazie, de la \u00eent\u00e2lniri formale p\u00e2n\u0103 la \u021binuta de zi cu zi. Cu doar c\u00e2teva spray-uri, te vei sim\u021bi \u00eencrez\u0103tor \u0219i gata s\u0103 cucere\u0219ti lumea.<\/p>\n<p>Porni\u021bi \u00eentr-o c\u0103l\u0103torie a parfumului care v\u0103 \u00eembun\u0103t\u0103\u021be\u0219te experien\u021bele de zi cu zi. Elegan\u021ba bronzului tanzanit este completat\u0103 de ambalajul s\u0103u sofisticat, care reflect\u0103 calitatea \u0219i m\u0103iestria Riiffs. R\u0103sf\u0103\u021ba\u021bi-v\u0103 sau d\u0103rui\u021bi-l cuiva special \u0219i l\u0103sa\u021bi-l s\u0103 se r\u0103sfe\u021be cu luxul parfumului fin lucrat.<\/p>\n<p>\u00cembun\u0103t\u0103\u021be\u0219te-\u021bi jocul de parfumuri cu <strong>Apa De Parfum Tanzanite Bronze<\/strong> \u0219i f\u0103 fiecare moment de neuitat.<\/p>","protected":false},"excerpt":{"rendered":"<p>Inspirat din Le Gemme Empyr Bvulgari<\/p>","protected":false},"featured_media":2249,"comment_status":"open","ping_status":"closed","template":"","meta":{"om_disable_all_campaigns":false,"_monsterinsights_skip_tracking":false,"_monsterinsights_sitenote_active":false,"_monsterinsights_sitenote_note":"","_monsterinsights_sitenote_category":0},"product_brand":[73],"product_cat":[55],"product_tag":[],"class_list":{"0":"post-2247","1":"product","2":"type-product","3":"status-publish","4":"has-post-thumbnail","6":"product_brand-riiffs","7":"product_cat-pentru-el","9":"first","10":"instock","11":"shipping-taxable","12":"purchasable","13":"product-type-simple"},"aioseo_notices":[],"ct_brands":[{"id":73,"name":"Riiffs","slug":"riiffs"}],"_links":{"self":[{"href":"https:\/\/habibimb.com\/en\/wp-json\/wp\/v2\/product\/2247","targetHints":{"allow":["GET"]}}],"collection":[{"href":"https:\/\/habibimb.com\/en\/wp-json\/wp\/v2\/product"}],"about":[{"href":"https:\/\/habibimb.com\/en\/wp-json\/wp\/v2\/types\/product"}],"replies":[{"embeddable":true,"href":"https:\/\/habibimb.com\/en\/wp-json\/wp\/v2\/comments?post=2247"}],"wp:featuredmedia":[{"embeddable":true,"href":"https:\/\/habibimb.com\/en\/wp-json\/wp\/v2\/media\/2249"}],"wp:attachment":[{"href":"https:\/\/habibimb.com\/en\/wp-json\/wp\/v2\/media?parent=2247"}],"wp:term":[{"taxonomy":"product_brand","embeddable":true,"href":"https:\/\/habibimb.com\/en\/wp-json\/wp\/v2\/product_brand?post=2247"},{"taxonomy":"product_cat","embeddable":true,"href":"https:\/\/habibimb.com\/en\/wp-json\/wp\/v2\/product_cat?post=2247"},{"taxonomy":"product_tag","embeddable":true,"href":"https:\/\/habibimb.com\/en\/wp-json\/wp\/v2\/product_tag?post=2247"}],"curies":[{"name":"wp","href":"https:\/\/api.w.org\/{rel}","templated":true}]}}