{"id":2244,"date":"2025-05-03T08:46:58","date_gmt":"2025-05-03T08:46:58","guid":{"rendered":"https:\/\/habibimb.com\/?post_type=product&#038;p=2244"},"modified":"2025-05-15T07:32:16","modified_gmt":"2025-05-15T07:32:16","slug":"apa-de-parfum-shanaya-riiffs-femei-100ml","status":"publish","type":"product","link":"https:\/\/habibimb.com\/en\/product\/apa-de-parfum-shanaya-riiffs-femei-100ml\/","title":{"rendered":"Shanaya, Riiffs"},"content":{"rendered":"<h2>Descoper\u0103 esen\u021ba elegan\u021bei<\/h2>\n<p>V\u0103 prezent\u0103m <strong>Apa De Parfum Shanaya<\/strong> de la Riiffs, un parfum de lux creat special pentru femeile care \u00eentruchipeaz\u0103 rafinamentul \u0219i gra\u021biea. Acest parfum de 100 ml este mai mult dec\u00e2t un simplu parfum; Este conceput pentru a v\u0103 spori alura natural\u0103 \u0219i pentru a crea o impresie de durat\u0103. Indiferent dac\u0103 participa\u021bi la un eveniment formal sau v\u0103 bucura\u021bi de o dup\u0103-amiaz\u0103 informal\u0103, Shanaya ofer\u0103 o arom\u0103 versatil\u0103 care trece frumos pe tot parcursul zilei.<\/p>\n<h2>Note florale \u0219i fructate pentru fiecare ocazie<\/h2>\n<p>Amestecul \u00eenc\u00e2nt\u0103tor de note florale \u0219i fructate face din <strong>Apa De Parfum Shanaya<\/strong> un plus irezistibil pentru colec\u021bia ta de parfumuri. Cu note de v\u00e2rf de bergamot\u0103 r\u0103coritoare \u0219i iasomie delicat\u0103, acest parfum se deschide cu o explozie vibrant\u0103 care capteaz\u0103 aten\u021bia \u00eenc\u0103 de la prima pulverizare. Pe m\u0103sur\u0103 ce parfumul se dezvolt\u0103, se \u00eempletesc note de mijloc de trandafir bogat \u0219i piersic\u0103 dulce, oferind un buchet ispititor care se simte at\u00e2t luxos, c\u00e2t \u0219i primitor.<\/p>\n<h2>Parfum de lung\u0103 durat\u0103 pentru utilizarea de zi cu zi<\/h2>\n<p>Cu formula sa de lung\u0103 durat\u0103, <strong>Apa De Parfum Shanaya<\/strong> v\u0103 asigur\u0103 c\u0103 r\u0103m\u00e2ne\u021bi \u00eenv\u0103luit \u00een aroma sa captivant\u0103 de diminea\u021ba p\u00e2n\u0103 seara. Notele calde de baz\u0103 de lemn de santal cremos \u0219i mosc senzual fundamenteaz\u0103 frumos parfumul, l\u0103s\u00e2nd o urm\u0103 subtil\u0103, dar memorabil\u0103 oriunde te-ai duce. Perfect pentru femeia modern\u0103, acest parfum este conceput pentru a te \u00eenso\u021bi perfect \u00een numeroasele momente ale vie\u021bii, sporindu-\u021bi \u00eencrederea \u0219i l\u0103s\u00e2nd o impresie pozitiv\u0103 asupra celor din jurul t\u0103u.<\/p>\n<p>\u00cembun\u0103t\u0103\u021be\u0219te-\u021bi rutina zilnic\u0103 cu farmecul str\u0103lucitor al <strong>Apa De Parfum Shanaya<\/strong> de la Riiffs. Designul s\u0103u elegant al sticlei completeaz\u0103 parfumul rafinat, f\u0103c\u00e2ndu-l un cadou perfect sau o completare a colec\u021biei tale personale. Experimenta\u021bi farmecul acestui parfum de 100 ml \u0219i r\u0103sf\u0103\u021ba\u021bi-v\u0103 cu elegan\u021ba pe care o confer\u0103. Comanda\u021bi-l pe al vostru ast\u0103zi \u0219i p\u0103\u0219i\u021bi \u00eentr-o lume a rafinamentului!<\/p>","protected":false},"excerpt":{"rendered":"<p>Descoper\u0103 esen\u021ba elegan\u021bei V\u0103 prezent\u0103m Apa De Parfum Shanaya de la Riiffs, un parfum de lux creat special pentru femeile care \u00eentruchipeaz\u0103 rafinamentul \u0219i gra\u021biea. Acest parfum de 100 ml este mai mult dec\u00e2t un simplu parfum; Este conceput pentru a v\u0103 spori alura natural\u0103 \u0219i pentru a crea o impresie de durat\u0103. Indiferent dac\u0103 [&hellip;]<\/p>","protected":false},"featured_media":2246,"comment_status":"open","ping_status":"closed","template":"","meta":{"om_disable_all_campaigns":false,"_monsterinsights_skip_tracking":false,"_monsterinsights_sitenote_active":false,"_monsterinsights_sitenote_note":"","_monsterinsights_sitenote_category":0},"product_brand":[73],"product_cat":[56],"product_tag":[],"class_list":{"0":"post-2244","1":"product","2":"type-product","3":"status-publish","4":"has-post-thumbnail","6":"product_brand-riiffs","7":"product_cat-pentru-ea","9":"first","10":"instock","11":"shipping-taxable","12":"purchasable","13":"product-type-simple"},"aioseo_notices":[],"ct_brands":[{"id":73,"name":"Riiffs","slug":"riiffs"}],"_links":{"self":[{"href":"https:\/\/habibimb.com\/en\/wp-json\/wp\/v2\/product\/2244","targetHints":{"allow":["GET"]}}],"collection":[{"href":"https:\/\/habibimb.com\/en\/wp-json\/wp\/v2\/product"}],"about":[{"href":"https:\/\/habibimb.com\/en\/wp-json\/wp\/v2\/types\/product"}],"replies":[{"embeddable":true,"href":"https:\/\/habibimb.com\/en\/wp-json\/wp\/v2\/comments?post=2244"}],"wp:featuredmedia":[{"embeddable":true,"href":"https:\/\/habibimb.com\/en\/wp-json\/wp\/v2\/media\/2246"}],"wp:attachment":[{"href":"https:\/\/habibimb.com\/en\/wp-json\/wp\/v2\/media?parent=2244"}],"wp:term":[{"taxonomy":"product_brand","embeddable":true,"href":"https:\/\/habibimb.com\/en\/wp-json\/wp\/v2\/product_brand?post=2244"},{"taxonomy":"product_cat","embeddable":true,"href":"https:\/\/habibimb.com\/en\/wp-json\/wp\/v2\/product_cat?post=2244"},{"taxonomy":"product_tag","embeddable":true,"href":"https:\/\/habibimb.com\/en\/wp-json\/wp\/v2\/product_tag?post=2244"}],"curies":[{"name":"wp","href":"https:\/\/api.w.org\/{rel}","templated":true}]}}