{"id":2241,"date":"2025-05-03T08:45:11","date_gmt":"2025-05-03T08:45:11","guid":{"rendered":"https:\/\/habibimb.com\/?post_type=product&#038;p=2241"},"modified":"2025-05-15T07:32:16","modified_gmt":"2025-05-15T07:32:16","slug":"apa-de-parfum-warda-riiffs-femei-100ml","status":"publish","type":"product","link":"https:\/\/habibimb.com\/en\/product\/apa-de-parfum-warda-riiffs-femei-100ml\/","title":{"rendered":"Warda, Riiffs"},"content":{"rendered":"<h2>Experimenta\u021bi parfumul atr\u0103g\u0103tor<\/h2>\n<p>R\u0103sf\u0103\u021ba\u021bi-v\u0103 cu parfumul captivant al <strong>Apa De Parfum Warda, Riiffs, Femei-100ml<\/strong>, un parfum de lux care \u00eentruchipeaz\u0103 esen\u021ba feminit\u0103\u021bii. Acest parfum rafinat este conceput pentru femeia modern\u0103 care caut\u0103 s\u0103 lase o impresie de durat\u0103 oriunde merge. Cu amestecul s\u0103u armonios de note florale \u0219i orientale, acest parfum creeaz\u0103 o aur\u0103 de rafinament \u0219i farmec care este cu adev\u0103rat irezistibil\u0103.<\/p>\n<h2>Dezv\u0103luie compozi\u021bia bogat\u0103<\/h2>\n<p>Notele de v\u00e2rf atr\u0103g\u0103toare ale acestui parfum includ citrice proaspete \u0219i accente florale delicate, care se transform\u0103 gra\u021bios \u00eentr-o inim\u0103 bogat\u0103 de iasomie \u0219i condimente exotice. \u00cen cele din urm\u0103, notele de baz\u0103 dezv\u0103luie un mosc cald \u0219i senzual, completat de note de chihlimbar \u0219i lemn care persist\u0103 pe piele. Aceast\u0103 stratificare complicat\u0103 asigur\u0103 c\u0103 Apa De Parfum Warda ofer\u0103 un parfum complex, dar echilibrat, care evolueaz\u0103 frumos \u00een timp, f\u0103c\u00e2ndu-l potrivit pentru orice ocazie.<\/p>\n<h2>Perfect pentru orice ocazie<\/h2>\n<p>Fie c\u0103 te \u00eendrep\u021bi spre un eveniment formal, o \u00eent\u00e2lnire casual sau o sear\u0103 romantic\u0103, Apa De Parfum Warda, Riiffs, Femei-100ml este \u00eenso\u021bitorul ideal. Formula sa de lung\u0103 durat\u0103 v\u0103 asigur\u0103 c\u0103 r\u0103m\u00e2ne\u021bi \u00eenv\u0103luit \u00een parfumul s\u0103u \u00eenc\u00e2nt\u0103tor pe tot parcursul zilei, f\u0103c\u00e2ndu-v\u0103 s\u0103 v\u0103 sim\u021bi\u021bi \u00eencrez\u0103tori \u0219i eleganti. \u00cenvelit \u00eentr-o sticl\u0103 frumos proiectat\u0103, acest parfum nu numai c\u0103 arat\u0103 uimitor pe toalet\u0103, dar este \u0219i un cadou atent pentru cineva special.<\/p>\n<p>Experimenteaz\u0103 farmecul Warda \u0219i las\u0103-l s\u0103 devin\u0103 un element de baz\u0103 \u00een colec\u021bia ta de parfumuri. \u00cembun\u0103t\u0103\u021be\u0219te-\u021bi rutina de zi cu zi cu aroma \u00eenc\u00e2nt\u0103toare a Apa De Parfum Warda, Riiffs, Femei-100ml \u0219i \u00eembr\u0103\u021bi\u0219eaz\u0103-\u021bi alura interioar\u0103.<\/p>","protected":false},"excerpt":{"rendered":"<p>Experimenta\u021bi parfumul atr\u0103g\u0103tor R\u0103sf\u0103\u021ba\u021bi-v\u0103 cu parfumul captivant al Apa De Parfum Warda, Riiffs, Femei-100ml, un parfum de lux care \u00eentruchipeaz\u0103 esen\u021ba feminit\u0103\u021bii. Acest parfum rafinat este conceput pentru femeia modern\u0103 care caut\u0103 s\u0103 lase o impresie de durat\u0103 oriunde merge. Cu amestecul s\u0103u armonios de note florale \u0219i orientale, acest parfum creeaz\u0103 o aur\u0103 de [&hellip;]<\/p>","protected":false},"featured_media":2243,"comment_status":"open","ping_status":"closed","template":"","meta":{"om_disable_all_campaigns":false,"_monsterinsights_skip_tracking":false,"_monsterinsights_sitenote_active":false,"_monsterinsights_sitenote_note":"","_monsterinsights_sitenote_category":0},"product_brand":[73],"product_cat":[56],"product_tag":[],"class_list":{"0":"post-2241","1":"product","2":"type-product","3":"status-publish","4":"has-post-thumbnail","6":"product_brand-riiffs","7":"product_cat-pentru-ea","9":"first","10":"instock","11":"shipping-taxable","12":"purchasable","13":"product-type-simple"},"aioseo_notices":[],"ct_brands":[{"id":73,"name":"Riiffs","slug":"riiffs"}],"_links":{"self":[{"href":"https:\/\/habibimb.com\/en\/wp-json\/wp\/v2\/product\/2241","targetHints":{"allow":["GET"]}}],"collection":[{"href":"https:\/\/habibimb.com\/en\/wp-json\/wp\/v2\/product"}],"about":[{"href":"https:\/\/habibimb.com\/en\/wp-json\/wp\/v2\/types\/product"}],"replies":[{"embeddable":true,"href":"https:\/\/habibimb.com\/en\/wp-json\/wp\/v2\/comments?post=2241"}],"wp:featuredmedia":[{"embeddable":true,"href":"https:\/\/habibimb.com\/en\/wp-json\/wp\/v2\/media\/2243"}],"wp:attachment":[{"href":"https:\/\/habibimb.com\/en\/wp-json\/wp\/v2\/media?parent=2241"}],"wp:term":[{"taxonomy":"product_brand","embeddable":true,"href":"https:\/\/habibimb.com\/en\/wp-json\/wp\/v2\/product_brand?post=2241"},{"taxonomy":"product_cat","embeddable":true,"href":"https:\/\/habibimb.com\/en\/wp-json\/wp\/v2\/product_cat?post=2241"},{"taxonomy":"product_tag","embeddable":true,"href":"https:\/\/habibimb.com\/en\/wp-json\/wp\/v2\/product_tag?post=2241"}],"curies":[{"name":"wp","href":"https:\/\/api.w.org\/{rel}","templated":true}]}}