{"id":2238,"date":"2025-05-03T08:42:28","date_gmt":"2025-05-03T08:42:28","guid":{"rendered":"https:\/\/habibimb.com\/?post_type=product&#038;p=2238"},"modified":"2025-05-15T07:32:16","modified_gmt":"2025-05-15T07:32:16","slug":"apa-de-parfum-ardor-intensive-riiffs-barbati-100ml","status":"publish","type":"product","link":"https:\/\/habibimb.com\/en\/product\/apa-de-parfum-ardor-intensive-riiffs-barbati-100ml\/","title":{"rendered":"Ardor Intensive, Riiffs"},"content":{"rendered":"<h2>Descoperi\u021bi farmecul Ardor Intensive<\/h2>\n<p>V\u0103 prezent\u0103m Apa De Parfum Ardor Intensive de la Riiffs, un parfum pentru b\u0103rba\u021bi care \u00eentruchipeaz\u0103 rafinamentul \u0219i farmecul \u00eendr\u0103zne\u021b. Aceast\u0103 sticl\u0103 de 100 ml este creat\u0103 pentru cei care \u00eendr\u0103znesc s\u0103-\u0219i exprime stilul unic \u0219i s\u0103 lase o impresie de neuitat. Cu fiecare pulverizare, experimenta\u021bi o c\u0103l\u0103torie senzorial\u0103 care surprinde esen\u021ba puterii \u0219i elegan\u021bei, f\u0103c\u00e2ndu-l o alegere ideal\u0103 pentru orice ocazie.<\/p>\n<h2>Un parfum care spune multe<\/h2>\n<p>Apa De Parfum Ardor Intensive prezint\u0103 un amestec atent organizat de note care se armonizeaz\u0103 pentru a crea o arom\u0103 cu adev\u0103rat fascinant\u0103. Notele sale de v\u00e2rf explodeaz\u0103 cu o prospe\u021bime vibrant\u0103, trezind sim\u021burile \u0219i insufl\u00e2nd energie \u00een ziua ta. Notele de mijloc se ad\u00e2ncesc mai ad\u00e2nc, oferind un buchet cald \u0219i captivant care te \u021bine \u00eenc\u00e2ntat. \u00cen cele din urm\u0103, notele de baz\u0103 persist\u0103, l\u0103s\u00e2nd o urm\u0103 frumoas\u0103 care \u00eentruchipeaz\u0103 rezisten\u021ba \u0219i farmecul.<\/p>\n<h2>De ce sa alegi Apa de Parfum Ardor Intensive?<\/h2>\n<p>Alegerea Apa De Parfum Ardor Intensive \u00eenseamn\u0103 s\u0103 optezi pentru un parfum care s\u0103 reflecte individualitatea ta. Nu este doar un parfum; este o declara\u021bie de stil \u0219i \u00eencredere. Perfect pentru zi sau noapte, acest parfum trece f\u0103r\u0103 probleme de la ie\u0219irile casual la \u00eent\u00e2lnirile formale. \u00cenvelit \u00eentr-o sticl\u0103 cu design elegant, este at\u00e2t o pl\u0103cere vizual\u0103, c\u00e2t \u0219i o \u00eenc\u00e2ntare olfactiv\u0103. \u00cembr\u0103\u021bi\u0219eaz\u0103 puterea acestui parfum rafinat pentru a-\u021bi spori farmecul \u0219i a-\u021bi ridica prezen\u021ba.<\/p>\n<p>Las\u0103 Apa De Parfum Ardor Intensive s\u0103 devin\u0103 un element de baz\u0103 \u00een regimul t\u0103u zilnic de \u00eengrijire. Conceput pentru b\u0103rbatul modern, poart\u0103 o aur\u0103 de rafinament \u0219i alur\u0103 care rezoneaz\u0103 cu cei din jurul t\u0103u. Experimenta\u021bi mirosul captivant care men\u021bine complimentele \u0219i v\u0103 define\u0219te nara\u021biunea personal\u0103 cu fiecare pulverizare.<\/p>","protected":false},"excerpt":{"rendered":"<p>Descoperi\u021bi farmecul Ardor Intensive V\u0103 prezent\u0103m Apa De Parfum Ardor Intensive de la Riiffs, un parfum pentru b\u0103rba\u021bi care \u00eentruchipeaz\u0103 rafinamentul \u0219i farmecul \u00eendr\u0103zne\u021b. Aceast\u0103 sticl\u0103 de 100 ml este creat\u0103 pentru cei care \u00eendr\u0103znesc s\u0103-\u0219i exprime stilul unic \u0219i s\u0103 lase o impresie de neuitat. Cu fiecare pulverizare, experimenta\u021bi o c\u0103l\u0103torie senzorial\u0103 care surprinde [&hellip;]<\/p>","protected":false},"featured_media":2240,"comment_status":"open","ping_status":"closed","template":"","meta":{"om_disable_all_campaigns":false,"_monsterinsights_skip_tracking":false,"_monsterinsights_sitenote_active":false,"_monsterinsights_sitenote_note":"","_monsterinsights_sitenote_category":0},"product_brand":[73],"product_cat":[55],"product_tag":[],"class_list":{"0":"post-2238","1":"product","2":"type-product","3":"status-publish","4":"has-post-thumbnail","6":"product_brand-riiffs","7":"product_cat-pentru-el","9":"first","10":"instock","11":"shipping-taxable","12":"purchasable","13":"product-type-simple"},"aioseo_notices":[],"ct_brands":[{"id":73,"name":"Riiffs","slug":"riiffs"}],"_links":{"self":[{"href":"https:\/\/habibimb.com\/en\/wp-json\/wp\/v2\/product\/2238","targetHints":{"allow":["GET"]}}],"collection":[{"href":"https:\/\/habibimb.com\/en\/wp-json\/wp\/v2\/product"}],"about":[{"href":"https:\/\/habibimb.com\/en\/wp-json\/wp\/v2\/types\/product"}],"replies":[{"embeddable":true,"href":"https:\/\/habibimb.com\/en\/wp-json\/wp\/v2\/comments?post=2238"}],"wp:featuredmedia":[{"embeddable":true,"href":"https:\/\/habibimb.com\/en\/wp-json\/wp\/v2\/media\/2240"}],"wp:attachment":[{"href":"https:\/\/habibimb.com\/en\/wp-json\/wp\/v2\/media?parent=2238"}],"wp:term":[{"taxonomy":"product_brand","embeddable":true,"href":"https:\/\/habibimb.com\/en\/wp-json\/wp\/v2\/product_brand?post=2238"},{"taxonomy":"product_cat","embeddable":true,"href":"https:\/\/habibimb.com\/en\/wp-json\/wp\/v2\/product_cat?post=2238"},{"taxonomy":"product_tag","embeddable":true,"href":"https:\/\/habibimb.com\/en\/wp-json\/wp\/v2\/product_tag?post=2238"}],"curies":[{"name":"wp","href":"https:\/\/api.w.org\/{rel}","templated":true}]}}