{"id":2234,"date":"2025-05-03T08:40:21","date_gmt":"2025-05-03T08:40:21","guid":{"rendered":"https:\/\/habibimb.com\/?post_type=product&#038;p=2234"},"modified":"2025-05-15T07:32:16","modified_gmt":"2025-05-15T07:32:16","slug":"apa-de-parfum-cecile-rouge-riiffs-femei-80ml","status":"publish","type":"product","link":"https:\/\/habibimb.com\/en\/product\/apa-de-parfum-cecile-rouge-riiffs-femei-80ml\/","title":{"rendered":"Cecile Rouge, Riiffs, 80"},"content":{"rendered":"<h2>Descoperi\u021bi farmecul lui Cecile Rouge<\/h2>\n<p>V\u0103 prezent\u0103m Apa De Parfum Cecile Rouge de la Riiffs, un parfum captivant conceput pentru femeia modern\u0103. Acest parfum de 80ml este accesoriul perfect pentru a te \u00eenso\u021bi \u00een orice aventur\u0103, cre\u00e2nd o aur\u0103 de elegan\u021b\u0103 \u0219i rafinament. Cu profilul s\u0103u olfactiv bogat, Cecile Rouge \u00ee\u021bi \u00eensufle\u021be\u0219te spiritul \u0219i \u00eei \u00eenc\u00e2nt\u0103 pe cei din jurul t\u0103u.<\/p>\n<h2>Note de parfum care spun multe<\/h2>\n<p>Cecile Rouge dezv\u0103luie un amestec armonios de note atr\u0103g\u0103toare. Notele de v\u00e2rf se deschid cu o explozie de citrice proaspete \u0219i note florale delicate, cre\u00e2nd o experien\u021b\u0103 r\u0103coritoare \u0219i revigorant\u0103. Pe m\u0103sur\u0103 ce parfumul se a\u0219eaz\u0103, inima dezv\u0103luie o \u00eembr\u0103\u021bi\u0219are cald\u0103 de petale luxoase \u0219i nuan\u021be picante, sporind profunzimea \u0219i complexitatea parfumului. \u00cen cele din urm\u0103, notele de baz\u0103 ofer\u0103 un final senzual cu arome lemnoase bogate \u0219i vanilin\u0103 neted\u0103, l\u0103s\u00e2nd o impresie de durat\u0103 oriunde te-ai duce.<\/p>\n<h2>Perfect pentru orice ocazie<\/h2>\n<p>Fie c\u0103 te \u00eembraci pentru o ocazie special\u0103 sau cau\u021bi un parfum de zi cu zi, Apa De Parfum Cecile Rouge este incredibil de versatil. Aroma sa \u00eenc\u00e2nt\u0103toare \u00eel face potrivit at\u00e2t pentru angajamentele din timpul zilei, c\u00e2t \u0219i pentru \u00eent\u00e2lnirile de sear\u0103, asigur\u00e2ndu-v\u0103 \u00eencredere \u0219i farmec \u00een orice moment. Sticla atent realizat\u0103, proiectat\u0103 cu curbe elegante, nu numai c\u0103 p\u0103streaz\u0103 comorile aromatice din interior, dar adaug\u0103 \u0219i o not\u0103 de rafinament toaletei tale.<\/p>\n<p>Experimenteaz\u0103 esen\u021ba feminit\u0103\u021bii cu fiecare pulverizare de Cecile Rouge. Acest parfum nu este doar un parfum; Este o experien\u021b\u0103 care rezoneaz\u0103 cu individualitatea \u0219i stilul t\u0103u. R\u0103sf\u0103\u021ba\u021bi-v\u0103 cu luxul acestui parfum remarcabil \u0219i permite\u021bi-i s\u0103 v\u0103 ridice prezen\u021ba oriunde v\u0103 duce via\u021ba.<\/p>","protected":false},"excerpt":{"rendered":"<p>Descoperi\u021bi farmecul lui Cecile Rouge V\u0103 prezent\u0103m Apa De Parfum Cecile Rouge de la Riiffs, un parfum captivant conceput pentru femeia modern\u0103. Acest parfum de 80ml este accesoriul perfect pentru a te \u00eenso\u021bi \u00een orice aventur\u0103, cre\u00e2nd o aur\u0103 de elegan\u021b\u0103 \u0219i rafinament. Cu profilul s\u0103u olfactiv bogat, Cecile Rouge \u00ee\u021bi \u00eensufle\u021be\u0219te spiritul \u0219i \u00eei [&hellip;]<\/p>","protected":false},"featured_media":2236,"comment_status":"open","ping_status":"closed","template":"","meta":{"om_disable_all_campaigns":false,"_monsterinsights_skip_tracking":false,"_monsterinsights_sitenote_active":false,"_monsterinsights_sitenote_note":"","_monsterinsights_sitenote_category":0},"product_brand":[73],"product_cat":[56],"product_tag":[],"class_list":{"0":"post-2234","1":"product","2":"type-product","3":"status-publish","4":"has-post-thumbnail","6":"product_brand-riiffs","7":"product_cat-pentru-ea","9":"first","10":"instock","11":"shipping-taxable","12":"purchasable","13":"product-type-simple"},"aioseo_notices":[],"ct_brands":[{"id":73,"name":"Riiffs","slug":"riiffs"}],"_links":{"self":[{"href":"https:\/\/habibimb.com\/en\/wp-json\/wp\/v2\/product\/2234","targetHints":{"allow":["GET"]}}],"collection":[{"href":"https:\/\/habibimb.com\/en\/wp-json\/wp\/v2\/product"}],"about":[{"href":"https:\/\/habibimb.com\/en\/wp-json\/wp\/v2\/types\/product"}],"replies":[{"embeddable":true,"href":"https:\/\/habibimb.com\/en\/wp-json\/wp\/v2\/comments?post=2234"}],"wp:featuredmedia":[{"embeddable":true,"href":"https:\/\/habibimb.com\/en\/wp-json\/wp\/v2\/media\/2236"}],"wp:attachment":[{"href":"https:\/\/habibimb.com\/en\/wp-json\/wp\/v2\/media?parent=2234"}],"wp:term":[{"taxonomy":"product_brand","embeddable":true,"href":"https:\/\/habibimb.com\/en\/wp-json\/wp\/v2\/product_brand?post=2234"},{"taxonomy":"product_cat","embeddable":true,"href":"https:\/\/habibimb.com\/en\/wp-json\/wp\/v2\/product_cat?post=2234"},{"taxonomy":"product_tag","embeddable":true,"href":"https:\/\/habibimb.com\/en\/wp-json\/wp\/v2\/product_tag?post=2234"}],"curies":[{"name":"wp","href":"https:\/\/api.w.org\/{rel}","templated":true}]}}