{"id":2231,"date":"2025-05-03T08:38:10","date_gmt":"2025-05-03T08:38:10","guid":{"rendered":"https:\/\/habibimb.com\/?post_type=product&#038;p=2231"},"modified":"2025-05-15T07:32:16","modified_gmt":"2025-05-15T07:32:16","slug":"apa-de-parfum-eyad-riiffs-unisex-100ml","status":"publish","type":"product","link":"https:\/\/habibimb.com\/en\/product\/apa-de-parfum-eyad-riiffs-unisex-100ml\/","title":{"rendered":"Eyad, Riiffs"},"content":{"rendered":"<h2>Descoper\u0103 esen\u021ba elegan\u021bei<\/h2>\n<p>P\u0103\u0219i\u021bi \u00eentr-o lume a rafinamentului cu Apa De Parfum Eyad de la Riiffs. Acest parfum unisex este creat pentru a te \u00eenv\u0103lui \u00eentr-o tapiserie bogat\u0103 de note, perfect\u0103 at\u00e2t pentru zi, c\u00e2t \u0219i pentru noapte. Simte-te \u00eencrez\u0103tor \u0219i atr\u0103g\u0103tor, indiferent de ocazie. Cu echilibrul s\u0103u unic de note de v\u00e2rf energizante \u0219i note de baz\u0103 care persist\u0103, acest parfum este conceput pentru a l\u0103sa o impresie de neuitat.<\/p>\n<h2>Un parfum versatil pentru to\u021bi<\/h2>\n<p>Conceput pentru toat\u0103 lumea, Apa De Parfum Eyad transcende grani\u021bele tradi\u021bionale de gen. Amestecul s\u0103u armonios de note florale, lemnoase \u0219i picante \u00eel face un parfum ideal pentru orice persoan\u0103. Indiferent dac\u0103 te \u00eembraci elegant pentru un eveniment special sau pentru o ie\u0219ire casual, acest parfum se aliniaz\u0103 perfect cu starea ta de spirit \u0219i stil. Cu 100 ml de parfum rafinat \u00een fiecare sticl\u0103, exist\u0103 suficient pentru a v\u0103 asigura c\u0103 mirosi\u021bi grozav toat\u0103 ziua.<\/p>\n<h2>Longevitate \u0219i calitate \u00een care pute\u021bi avea \u00eencredere<\/h2>\n<p>Riiffs se m\u00e2ndre\u0219te cu crearea de parfumuri de \u00eenalt\u0103 calitate care rezist\u0103 testului timpului. Apa De Parfum Eyad ofer\u0103 o longevitate excep\u021bional\u0103, asigur\u00e2ndu-v\u0103 c\u0103 v\u0103 bucura\u021bi de parfumul s\u0103u captivant de diminea\u021ba p\u00e2n\u0103 seara. Concentra\u021bia acestui parfum \u00eei spore\u0219te durabilitatea, ceea ce \u00eenseamn\u0103 c\u0103 sunt necesare mai pu\u021bine spray-uri pe parcursul zilei. Experimenta\u021bi luxul parfumului de lung\u0103 durat\u0103, perfect pentru stilul de via\u021b\u0103 modern.<\/p>","protected":false},"excerpt":{"rendered":"<p>Descoper\u0103 esen\u021ba elegan\u021bei P\u0103\u0219i\u021bi \u00eentr-o lume a rafinamentului cu Apa De Parfum Eyad de la Riiffs. Acest parfum unisex este creat pentru a te \u00eenv\u0103lui \u00eentr-o tapiserie bogat\u0103 de note, perfect\u0103 at\u00e2t pentru zi, c\u00e2t \u0219i pentru noapte. Simte-te \u00eencrez\u0103tor \u0219i atr\u0103g\u0103tor, indiferent de ocazie. Cu echilibrul s\u0103u unic de note de v\u00e2rf energizante \u0219i [&hellip;]<\/p>","protected":false},"featured_media":2233,"comment_status":"open","ping_status":"closed","template":"","meta":{"om_disable_all_campaigns":false,"_monsterinsights_skip_tracking":false,"_monsterinsights_sitenote_active":false,"_monsterinsights_sitenote_note":"","_monsterinsights_sitenote_category":0},"product_brand":[73],"product_cat":[57],"product_tag":[],"class_list":{"0":"post-2231","1":"product","2":"type-product","3":"status-publish","4":"has-post-thumbnail","6":"product_brand-riiffs","7":"product_cat-unisex","9":"first","10":"instock","11":"shipping-taxable","12":"purchasable","13":"product-type-simple"},"aioseo_notices":[],"ct_brands":[{"id":73,"name":"Riiffs","slug":"riiffs"}],"_links":{"self":[{"href":"https:\/\/habibimb.com\/en\/wp-json\/wp\/v2\/product\/2231","targetHints":{"allow":["GET"]}}],"collection":[{"href":"https:\/\/habibimb.com\/en\/wp-json\/wp\/v2\/product"}],"about":[{"href":"https:\/\/habibimb.com\/en\/wp-json\/wp\/v2\/types\/product"}],"replies":[{"embeddable":true,"href":"https:\/\/habibimb.com\/en\/wp-json\/wp\/v2\/comments?post=2231"}],"wp:featuredmedia":[{"embeddable":true,"href":"https:\/\/habibimb.com\/en\/wp-json\/wp\/v2\/media\/2233"}],"wp:attachment":[{"href":"https:\/\/habibimb.com\/en\/wp-json\/wp\/v2\/media?parent=2231"}],"wp:term":[{"taxonomy":"product_brand","embeddable":true,"href":"https:\/\/habibimb.com\/en\/wp-json\/wp\/v2\/product_brand?post=2231"},{"taxonomy":"product_cat","embeddable":true,"href":"https:\/\/habibimb.com\/en\/wp-json\/wp\/v2\/product_cat?post=2231"},{"taxonomy":"product_tag","embeddable":true,"href":"https:\/\/habibimb.com\/en\/wp-json\/wp\/v2\/product_tag?post=2231"}],"curies":[{"name":"wp","href":"https:\/\/api.w.org\/{rel}","templated":true}]}}