{"id":2228,"date":"2025-05-03T08:36:25","date_gmt":"2025-05-03T08:36:25","guid":{"rendered":"https:\/\/habibimb.com\/?post_type=product&#038;p=2228"},"modified":"2026-02-26T08:46:48","modified_gmt":"2026-02-26T08:46:48","slug":"apa-de-parfum-desert-de-sahara-riiffs-unisex-100ml","status":"publish","type":"product","link":"https:\/\/habibimb.com\/en\/product\/apa-de-parfum-desert-de-sahara-riiffs-unisex-100ml\/","title":{"rendered":"Desert De Sahara, Riiffs"},"content":{"rendered":"<h2>Descoperi\u021bi o experien\u021b\u0103 unic\u0103 de parfum<\/h2>\n<p>R\u0103sf\u0103\u021ba\u021bi-v\u0103 cu parfumul captivant al <strong>Apa De Parfum Desert De Sahara de la<\/strong> Riiffs. Acest parfum unisex rafinat v\u0103 invit\u0103 s\u0103 experimenta\u021bi esen\u021ba de\u0219ertului cu fiecare pulverizare. Creat pentru cei care caut\u0103 aventur\u0103 \u0219i autenticitate, acest parfum \u00eencapsuleaz\u0103 spiritul Saharei, reunind note unice care reflect\u0103 peisajele sale vaste \u0219i mistica atr\u0103g\u0103toare. Cu o sticl\u0103 generoas\u0103 de 100 ml, te vei bucura de un parfum de durat\u0103 care \u00eentruchipeaz\u0103 frumuse\u021bea naturii.<\/p>\n<h2>Note cheie care spun o poveste<\/h2>\n<p>Parfumul se desf\u0103\u0219oar\u0103 cu o deschidere cald\u0103 \u0219i primitoare care combin\u0103 condimentele exotice \u0219i prospe\u021bimea citricelor. Pe m\u0103sur\u0103 ce te ad\u00e2nci, inima dezv\u0103luie un amestec \u00eenc\u00e2nt\u0103tor de note florale \u0219i lemnoase, reflect\u00e2nd diversitatea bogat\u0103 a florei de\u0219ertului. Notele de baz\u0103, cu ambr\u0103 senzual\u0103 \u0219i mosc profund, las\u0103 o impresie de durat\u0103, surprinz\u00e2nd lini\u0219tea \u0219i senin\u0103tatea unui apus de soare \u00een de\u0219ert. Fiecare strat al parfumului spune o poveste de explorare \u0219i uimire, f\u0103c\u00e2ndu-l perfect at\u00e2t pentru zi, c\u00e2t \u0219i pentru noapte.<\/p>\n<h2>Perfect pentru orice ocazie<\/h2>\n<p>Apa De Parfum Desert De Sahara este conceput pentru toat\u0103 lumea, datorit\u0103 formulei sale unisex. Indiferent dac\u0103 te \u00eendrep\u021bi spre o ie\u0219ire casual, un eveniment formal sau o sear\u0103 romantic\u0103, acest parfum este suficient de versatil pentru a-\u021bi completa stilul. Compozi\u021bia sa echilibrat\u0103 asigur\u0103 c\u0103 poate fi purtat f\u0103r\u0103 efort de-a lungul anotimpurilor, l\u0103s\u00e2nd o urm\u0103 de elegan\u021b\u0103 \u00een urma ta. \u00cembr\u0103\u021bi\u0219eaz\u0103-\u021bi individualitatea cu acest parfum semn\u0103tur\u0103 care \u00ee\u021bi oglinde\u0219te personalitatea, f\u0103c\u00e2ndu-l un plus ideal pentru colec\u021bia ta de parfumuri.<\/p>\n<p>\u00cembun\u0103t\u0103\u021be\u0219te-\u021bi experien\u021ba olfactiv\u0103 cu <strong>Apa De Parfum Desert De Sahara de la<\/strong> Riiffs. Acest parfum este mai mult dec\u00e2t un simplu parfum; este o c\u0103l\u0103torie prin peisajele captivante ale Saharei, \u00eembuteliate doar pentru tine. Nu rata\u021bi \u0219ansa de a de\u021bine aceast\u0103 expresie unic\u0103 a artei \u00een parfumuri &#8211; ia-o ast\u0103zi!<\/p>","protected":false},"excerpt":{"rendered":"<p>Descoperi\u021bi o experien\u021b\u0103 unic\u0103 de parfum R\u0103sf\u0103\u021ba\u021bi-v\u0103 cu parfumul captivant al Apa De Parfum Desert De Sahara de la Riiffs. Acest parfum unisex rafinat v\u0103 invit\u0103 s\u0103 experimenta\u021bi esen\u021ba de\u0219ertului cu fiecare pulverizare. Creat pentru cei care caut\u0103 aventur\u0103 \u0219i autenticitate, acest parfum \u00eencapsuleaz\u0103 spiritul Saharei, reunind note unice care reflect\u0103 peisajele sale vaste \u0219i [&hellip;]<\/p>","protected":false},"featured_media":2230,"comment_status":"open","ping_status":"closed","template":"","meta":{"om_disable_all_campaigns":false,"_monsterinsights_skip_tracking":false,"_monsterinsights_sitenote_active":false,"_monsterinsights_sitenote_note":"","_monsterinsights_sitenote_category":0},"product_brand":[73],"product_cat":[57],"product_tag":[],"class_list":{"0":"post-2228","1":"product","2":"type-product","3":"status-publish","4":"has-post-thumbnail","6":"product_brand-riiffs","7":"product_cat-unisex","9":"first","10":"instock","11":"sale","12":"shipping-taxable","13":"purchasable","14":"product-type-simple"},"aioseo_notices":[],"ct_brands":[{"id":73,"name":"Riiffs","slug":"riiffs"}],"_links":{"self":[{"href":"https:\/\/habibimb.com\/en\/wp-json\/wp\/v2\/product\/2228","targetHints":{"allow":["GET"]}}],"collection":[{"href":"https:\/\/habibimb.com\/en\/wp-json\/wp\/v2\/product"}],"about":[{"href":"https:\/\/habibimb.com\/en\/wp-json\/wp\/v2\/types\/product"}],"replies":[{"embeddable":true,"href":"https:\/\/habibimb.com\/en\/wp-json\/wp\/v2\/comments?post=2228"}],"wp:featuredmedia":[{"embeddable":true,"href":"https:\/\/habibimb.com\/en\/wp-json\/wp\/v2\/media\/2230"}],"wp:attachment":[{"href":"https:\/\/habibimb.com\/en\/wp-json\/wp\/v2\/media?parent=2228"}],"wp:term":[{"taxonomy":"product_brand","embeddable":true,"href":"https:\/\/habibimb.com\/en\/wp-json\/wp\/v2\/product_brand?post=2228"},{"taxonomy":"product_cat","embeddable":true,"href":"https:\/\/habibimb.com\/en\/wp-json\/wp\/v2\/product_cat?post=2228"},{"taxonomy":"product_tag","embeddable":true,"href":"https:\/\/habibimb.com\/en\/wp-json\/wp\/v2\/product_tag?post=2228"}],"curies":[{"name":"wp","href":"https:\/\/api.w.org\/{rel}","templated":true}]}}