{"id":2225,"date":"2025-05-03T08:34:18","date_gmt":"2025-05-03T08:34:18","guid":{"rendered":"https:\/\/habibimb.com\/?post_type=product&#038;p=2225"},"modified":"2026-01-07T05:30:01","modified_gmt":"2026-01-07T05:30:01","slug":"extract-de-parfum-aurum-femme-riiffs-femei-100ml","status":"publish","type":"product","link":"https:\/\/habibimb.com\/en\/product\/extract-de-parfum-aurum-femme-riiffs-femei-100ml\/","title":{"rendered":"Aurum Femme, Riiffs"},"content":{"rendered":"<h2>Dezl\u0103n\u021buie-\u021bi elegan\u021ba interioar\u0103<\/h2>\n<p>Experimenta\u021bi alura captivant\u0103 a <strong>Extract de Parfum Aurum Femme<\/strong> de la Riiffs, un parfum creat pentru femeia modern\u0103 care caut\u0103 rafinament \u0219i farmec. Acest parfum luxos \u00eentruchipeaz\u0103 un echilibru perfect de note florale \u0219i moscate, conceput pentru a v\u0103 spori elegan\u021ba natural\u0103 \u0219i pentru a l\u0103sa o impresie de durat\u0103 oriunde merge\u021bi.<\/p>\n<h2>Esen\u021ba Aurum Femme<\/h2>\n<p>Aurum Femme nu este doar un parfum; Este o experien\u021b\u0103 care \u00ee\u021bi treze\u0219te sim\u021burile. Fiecare spritz introduce un amestec armonios de citrice vibrante \u0219i flori delicate care trec u\u0219or \u00eentr-o baz\u0103 bogat\u0103 de chihlimbar cald \u0219i mosc moale. Aceast\u0103 compozi\u021bie rafinat\u0103 creeaz\u0103 un sentiment de \u00eencredere \u0219i feminitate care rezoneaz\u0103 cu femeile de toate v\u00e2rstele.<\/p>\n<h2>De ce sa alegi Extract de Parfum Aurum Femme?<\/h2>\n<p>Realizat\u0103 cu cele mai bune ingrediente, sticla de 100 ml de Aurum Femme este perfect\u0103 pentru purtarea zilnic\u0103 sau pentru ocazii speciale. Concentra\u021bia acestui extract de parfum asigur\u0103 c\u0103 parfumul persist\u0103 pe tot parcursul zilei, oferind un impuls r\u0103coritor ori de c\u00e2te ori ave\u021bi nevoie. Sticla sa frumos proiectat\u0103 nu este doar o expresie a luxului, ci \u0219i un plus uimitor pentru colec\u021bia ta de parfumuri.<\/p>\n<p>Fie c\u0103 te \u00eembraci pentru o \u00eent\u00e2lnire important\u0103 sau te bucuri de o noapte cu prietenii, Aurum Femme \u00ee\u021bi \u00eembun\u0103t\u0103\u021be\u0219te aura \u0219i \u00ee\u021bi ridic\u0103 prezen\u021ba. Experimenteaz\u0103 puterea transformatoare a parfumului cu fiecare pulverizare, f\u0103c\u00e2nd fiecare moment memorabil. R\u0103sf\u0103\u021ba\u021bi-v\u0103 cu luxul Aurum Femme de la Riiffs \u0219i l\u0103sa\u021bi-v\u0103 parfumul s\u0103 v\u0103 spun\u0103 povestea.<\/p>","protected":false},"excerpt":{"rendered":"<p><strong>Note de v\u00e2rf:<\/strong>\u00a0Citrice, Bergamota;<\/p>\n<p><strong>Note de mijloc:<\/strong>\u00a0Trandafir, Iasomie;<\/p>\n<p><strong>Note de baz\u0103:<\/strong>\u00a0Vanilie, Boabe de tonka;<\/p>","protected":false},"featured_media":2227,"comment_status":"open","ping_status":"closed","template":"","meta":{"om_disable_all_campaigns":false,"_monsterinsights_skip_tracking":false,"_monsterinsights_sitenote_active":false,"_monsterinsights_sitenote_note":"","_monsterinsights_sitenote_category":0},"product_brand":[73],"product_cat":[58,56],"product_tag":[],"class_list":{"0":"post-2225","1":"product","2":"type-product","3":"status-publish","4":"has-post-thumbnail","6":"product_brand-riiffs","7":"product_cat-extracte-si-esente","8":"product_cat-pentru-ea","10":"first","11":"instock","12":"sale","13":"shipping-taxable","14":"purchasable","15":"product-type-simple"},"aioseo_notices":[],"ct_brands":[{"id":73,"name":"Riiffs","slug":"riiffs"}],"_links":{"self":[{"href":"https:\/\/habibimb.com\/en\/wp-json\/wp\/v2\/product\/2225","targetHints":{"allow":["GET"]}}],"collection":[{"href":"https:\/\/habibimb.com\/en\/wp-json\/wp\/v2\/product"}],"about":[{"href":"https:\/\/habibimb.com\/en\/wp-json\/wp\/v2\/types\/product"}],"replies":[{"embeddable":true,"href":"https:\/\/habibimb.com\/en\/wp-json\/wp\/v2\/comments?post=2225"}],"wp:featuredmedia":[{"embeddable":true,"href":"https:\/\/habibimb.com\/en\/wp-json\/wp\/v2\/media\/2227"}],"wp:attachment":[{"href":"https:\/\/habibimb.com\/en\/wp-json\/wp\/v2\/media?parent=2225"}],"wp:term":[{"taxonomy":"product_brand","embeddable":true,"href":"https:\/\/habibimb.com\/en\/wp-json\/wp\/v2\/product_brand?post=2225"},{"taxonomy":"product_cat","embeddable":true,"href":"https:\/\/habibimb.com\/en\/wp-json\/wp\/v2\/product_cat?post=2225"},{"taxonomy":"product_tag","embeddable":true,"href":"https:\/\/habibimb.com\/en\/wp-json\/wp\/v2\/product_tag?post=2225"}],"curies":[{"name":"wp","href":"https:\/\/api.w.org\/{rel}","templated":true}]}}