{"id":2222,"date":"2025-05-03T08:32:29","date_gmt":"2025-05-03T08:32:29","guid":{"rendered":"https:\/\/habibimb.com\/?post_type=product&#038;p=2222"},"modified":"2025-05-15T07:32:16","modified_gmt":"2025-05-15T07:32:16","slug":"extract-de-parfum-imagine-homme-riiffs-barbati-100ml","status":"publish","type":"product","link":"https:\/\/habibimb.com\/en\/product\/extract-de-parfum-imagine-homme-riiffs-barbati-100ml\/","title":{"rendered":"Imagine Homme, Riiffs"},"content":{"rendered":"<h2>Dezv\u0103luie-\u021bi semn\u0103tura parfumat\u0103<\/h2>\n<p>V\u0103 prezent\u0103m Extract de Parfum Imagine Homme de la Riiffs, un parfum de lux creat exclusiv pentru b\u0103rbatul modern. Aceast\u0103 sticl\u0103 de 100 ml este conceput\u0103 pentru a v\u0103 ridica prezen\u021ba, \u00eentruchip\u00e2nd rafinamentul \u0219i \u00eencrederea cu fiecare pulverizare. Indiferent dac\u0103 v\u0103 \u00eendrepta\u021bi spre o \u00eent\u00e2lnire de afaceri sau o sear\u0103 \u00een ora\u0219, acest parfum v\u0103 asigur\u0103 c\u0103 face\u021bi o impresie de durat\u0103.<\/p>\n<h2>Un amestec unic de note<\/h2>\n<p>Extract de Parfum Imagine Hommes prezint\u0103 un amestec captivant de note aromatice care spun o poveste de elegan\u021b\u0103. Notele de v\u00e2rf ofer\u0103 o explozie r\u0103coritoare de citrice, urmat\u0103 de o inim\u0103 de condimente bogate \u0219i nuan\u021be florale, termin\u00e2nd cu o baz\u0103 cald\u0103 \u0219i p\u0103m\u00e2nteasc\u0103 care persist\u0103 pe tot parcursul zilei. Aceast\u0103 compozi\u021bie atent organizat\u0103 este perfect\u0103 pentru cei care apreciaz\u0103 lucrurile fine din via\u021b\u0103.<\/p>\n<h2>De ce s\u0103 alege\u021bi Extract de Parfum Imagine Homme?<\/h2>\n<p>A investi \u00een Extract de Parfum Imagine Homme \u00eenseamn\u0103 a \u00eembr\u0103\u021bi\u0219a un parfum care merge dincolo de un parfum pl\u0103cut. Este o expresie a personalit\u0103\u021bii \u0219i individualit\u0103\u021bii tale. Acest parfum nu numai c\u0103 \u00ee\u021bi spore\u0219te farmecul, dar \u00ee\u021bi spore\u0219te \u0219i \u00eencrederea, f\u0103c\u00e2ndu-te s\u0103 te sim\u021bi puternic \u0219i revigorat. Sticla de 100 ml v\u0103 asigur\u0103 c\u0103 ave\u021bi suficient parfum pentru a rezista, fiind \u00een acela\u0219i timp un plus elegant pentru colec\u021bia dvs.<\/p>\n<p>Cu aroma sa sofisticat\u0103 \u0219i calit\u0103\u021bile distincte, Extract de Parfum Imagine Homme iese \u00een eviden\u021b\u0103 fa\u021b\u0103 de parfumurile tipice masculine. Este perfect pentru a v\u0103 oferi cadou sau pentru a v\u0103 r\u0103sf\u0103\u021ba cu ceva special. F\u0103 alegerea potrivit\u0103 pentru orice ocazie, ad\u0103ug\u00e2nd acest parfum rafinat \u00een rutina ta zilnic\u0103.<\/p>","protected":false},"excerpt":{"rendered":"<p>Dezv\u0103luie-\u021bi semn\u0103tura parfumat\u0103 V\u0103 prezent\u0103m Extract de Parfum Imagine Homme de la Riiffs, un parfum de lux creat exclusiv pentru b\u0103rbatul modern. Aceast\u0103 sticl\u0103 de 100 ml este conceput\u0103 pentru a v\u0103 ridica prezen\u021ba, \u00eentruchip\u00e2nd rafinamentul \u0219i \u00eencrederea cu fiecare pulverizare. Indiferent dac\u0103 v\u0103 \u00eendrepta\u021bi spre o \u00eent\u00e2lnire de afaceri sau o sear\u0103 \u00een ora\u0219, [&hellip;]<\/p>","protected":false},"featured_media":2224,"comment_status":"open","ping_status":"closed","template":"","meta":{"om_disable_all_campaigns":false,"_monsterinsights_skip_tracking":false,"_monsterinsights_sitenote_active":false,"_monsterinsights_sitenote_note":"","_monsterinsights_sitenote_category":0},"product_brand":[73],"product_cat":[58,55],"product_tag":[],"class_list":{"0":"post-2222","1":"product","2":"type-product","3":"status-publish","4":"has-post-thumbnail","6":"product_brand-riiffs","7":"product_cat-extracte-si-esente","8":"product_cat-pentru-el","10":"first","11":"instock","12":"shipping-taxable","13":"purchasable","14":"product-type-simple"},"aioseo_notices":[],"ct_brands":[{"id":73,"name":"Riiffs","slug":"riiffs"}],"_links":{"self":[{"href":"https:\/\/habibimb.com\/en\/wp-json\/wp\/v2\/product\/2222","targetHints":{"allow":["GET"]}}],"collection":[{"href":"https:\/\/habibimb.com\/en\/wp-json\/wp\/v2\/product"}],"about":[{"href":"https:\/\/habibimb.com\/en\/wp-json\/wp\/v2\/types\/product"}],"replies":[{"embeddable":true,"href":"https:\/\/habibimb.com\/en\/wp-json\/wp\/v2\/comments?post=2222"}],"wp:featuredmedia":[{"embeddable":true,"href":"https:\/\/habibimb.com\/en\/wp-json\/wp\/v2\/media\/2224"}],"wp:attachment":[{"href":"https:\/\/habibimb.com\/en\/wp-json\/wp\/v2\/media?parent=2222"}],"wp:term":[{"taxonomy":"product_brand","embeddable":true,"href":"https:\/\/habibimb.com\/en\/wp-json\/wp\/v2\/product_brand?post=2222"},{"taxonomy":"product_cat","embeddable":true,"href":"https:\/\/habibimb.com\/en\/wp-json\/wp\/v2\/product_cat?post=2222"},{"taxonomy":"product_tag","embeddable":true,"href":"https:\/\/habibimb.com\/en\/wp-json\/wp\/v2\/product_tag?post=2222"}],"curies":[{"name":"wp","href":"https:\/\/api.w.org\/{rel}","templated":true}]}}