{"id":2219,"date":"2025-05-03T08:29:47","date_gmt":"2025-05-03T08:29:47","guid":{"rendered":"https:\/\/habibimb.com\/?post_type=product&#038;p=2219"},"modified":"2025-05-15T07:32:16","modified_gmt":"2025-05-15T07:32:16","slug":"extract-de-parfum-luminous-riiffs-barbati-100ml","status":"publish","type":"product","link":"https:\/\/habibimb.com\/en\/product\/extract-de-parfum-luminous-riiffs-barbati-100ml\/","title":{"rendered":"Luminous, Riiffs"},"content":{"rendered":"<h2>Treze\u0219te-\u021bi sim\u021burile<\/h2>\n<p>V\u0103 prezent\u0103m Extract de Parfum Luminous de la Riiffs, un parfum conceput pentru b\u0103rbatul modern care apreciaz\u0103 rafinamentul \u0219i elegan\u021ba. Aceast\u0103 sticl\u0103 de 100 ml \u00eencapsuleaz\u0103 esen\u021ba luxului, invit\u00e2ndu-te s\u0103 te cufunzi \u00een aroma sa captivant\u0103. Cu amestecul s\u0103u echilibrat de note, Luminous este creat pentru a v\u0103 ridica experien\u021bele de zi cu zi, l\u0103s\u00e2nd o impresie memorabil\u0103 oriunde merge\u021bi.<\/p>\n<h2>Un amestec armonios de note<\/h2>\n<p>Extract de Parfum Luminous are o compozi\u021bie meticulos curat\u0103, care se dezv\u0103luie \u00een faze, \u00eenv\u0103luindu-te \u00een c\u0103ldur\u0103 \u0219i profunzime. Notele de v\u00e2rf ofer\u0103 o explozie r\u0103coritoare de citrice, trezindu-\u021bi sim\u021burile cu o str\u0103lucire revigorant\u0103. Pe m\u0103sur\u0103 ce parfumul se desf\u0103\u0219oar\u0103, apar note de mijloc, prezent\u00e2nd un buchet floral \u0219i picant care adaug\u0103 o complexitate captivant\u0103. \u00cen cele din urm\u0103, notele de baz\u0103 ofer\u0103 un fond de ten bogat, lemnos, care persist\u0103 pe piele, l\u0103s\u00e2nd \u00een urm\u0103 o urm\u0103 de elegan\u021b\u0103.<\/p>\n<h2>Perfect pentru orice ocazie<\/h2>\n<p>Fie c\u0103 te \u00eendrep\u021bi spre un eveniment formal, o ie\u0219ire casual sau o cin\u0103 romantic\u0103, Extract de Parfum Luminous \u00ee\u021bi completeaz\u0103 perfect personalitatea. Natura sa versatil\u0103 \u00eel face potrivit pentru purtarea de zi \u0219i de noapte, asigur\u00e2ndu-v\u0103 \u00eentotdeauna \u00eencredere \u0219i farmec. \u00centr-o lume \u00een care primele impresii conteaz\u0103, acest parfum este o dovad\u0103 a stilului \u0219i gustului t\u0103u unic, f\u0103c\u00e2ndu-l un plus esen\u021bial pentru colec\u021bia ta.<\/p>\n<p>R\u0103sf\u0103\u021ba\u021bi-v\u0103 cu experien\u021ba de lux a Extract de Parfum Luminous de la Riiffs \u0219i l\u0103sa\u021bi aroma sa \u00eenc\u00e2nt\u0103toare s\u0103 devin\u0103 parfumul dvs.<\/p>","protected":false},"excerpt":{"rendered":"<p><strong>Note de varf:<\/strong>\u00a0bergamota, frunza de lamaie<br \/>\n<strong>Note de mijloc:<\/strong>\u00a0florale<br \/>\n<strong>Note de baza:\u00a0<\/strong>trandafir, iasomie<\/p>","protected":false},"featured_media":2221,"comment_status":"open","ping_status":"closed","template":"","meta":{"om_disable_all_campaigns":false,"_monsterinsights_skip_tracking":false,"_monsterinsights_sitenote_active":false,"_monsterinsights_sitenote_note":"","_monsterinsights_sitenote_category":0},"product_brand":[73],"product_cat":[58,55],"product_tag":[],"class_list":{"0":"post-2219","1":"product","2":"type-product","3":"status-publish","4":"has-post-thumbnail","6":"product_brand-riiffs","7":"product_cat-extracte-si-esente","8":"product_cat-pentru-el","10":"first","11":"instock","12":"shipping-taxable","13":"purchasable","14":"product-type-simple"},"aioseo_notices":[],"ct_brands":[{"id":73,"name":"Riiffs","slug":"riiffs"}],"_links":{"self":[{"href":"https:\/\/habibimb.com\/en\/wp-json\/wp\/v2\/product\/2219","targetHints":{"allow":["GET"]}}],"collection":[{"href":"https:\/\/habibimb.com\/en\/wp-json\/wp\/v2\/product"}],"about":[{"href":"https:\/\/habibimb.com\/en\/wp-json\/wp\/v2\/types\/product"}],"replies":[{"embeddable":true,"href":"https:\/\/habibimb.com\/en\/wp-json\/wp\/v2\/comments?post=2219"}],"wp:featuredmedia":[{"embeddable":true,"href":"https:\/\/habibimb.com\/en\/wp-json\/wp\/v2\/media\/2221"}],"wp:attachment":[{"href":"https:\/\/habibimb.com\/en\/wp-json\/wp\/v2\/media?parent=2219"}],"wp:term":[{"taxonomy":"product_brand","embeddable":true,"href":"https:\/\/habibimb.com\/en\/wp-json\/wp\/v2\/product_brand?post=2219"},{"taxonomy":"product_cat","embeddable":true,"href":"https:\/\/habibimb.com\/en\/wp-json\/wp\/v2\/product_cat?post=2219"},{"taxonomy":"product_tag","embeddable":true,"href":"https:\/\/habibimb.com\/en\/wp-json\/wp\/v2\/product_tag?post=2219"}],"curies":[{"name":"wp","href":"https:\/\/api.w.org\/{rel}","templated":true}]}}