{"id":2216,"date":"2025-05-03T08:27:25","date_gmt":"2025-05-03T08:27:25","guid":{"rendered":"https:\/\/habibimb.com\/?post_type=product&#038;p=2216"},"modified":"2025-05-15T07:32:16","modified_gmt":"2025-05-15T07:32:16","slug":"apa-de-parfum-rosa-femme-riiffs-femei-100ml","status":"publish","type":"product","link":"https:\/\/habibimb.com\/en\/product\/apa-de-parfum-rosa-femme-riiffs-femei-100ml\/","title":{"rendered":"Rosa Femme, Riiffs"},"content":{"rendered":"<h2>Dezl\u0103n\u021buie-\u021bi elegan\u021ba interioar\u0103<\/h2>\n<p>V\u0103 prezent\u0103m Apa de Parfum Rosa Femme de Riiffs, un parfum captivant conceput pentru femeia modern\u0103. Acest buchet de 100 ml de lux aromat nu este doar un parfum; Este o experien\u021b\u0103 care \u00ee\u021bi transform\u0103 momentele de zi cu zi \u00een amintiri extraordinare. Cu fiecare pulverizare, te vei trezi \u00eenv\u0103luit \u00eentr-o lume de rafinament \u0219i alur\u0103, f\u0103c\u00e2ndu-l completarea ideal\u0103 pentru colec\u021bia ta de parfumuri.<\/p>\n<h2>O simfonie de mirosuri<\/h2>\n<p>Rosa Femme se deschide cu note de v\u00e2rf vibrante care \u00ee\u021bi ademenesc sim\u021burile. Acest parfum rafinat prezint\u0103 un amestec floral, \u00eempletit cu note de fructe care creeaz\u0103 o prim\u0103 impresie revigorant\u0103. Pe m\u0103sur\u0103 ce parfumul se dezvolt\u0103, apar notele de mijloc, dezv\u0103luind straturi delicate de petale care evoc\u0103 esen\u021ba unei gr\u0103dini \u00eenflorite. \u00cen cele din urm\u0103, notele de baz\u0103 ofer\u0103 un finisaj cald \u0219i persistent, care va l\u0103sa o impresie de durat\u0103 oriunde a\u021bi merge. Echilibrul armonios al acestor acorduri v\u0103 asigur\u0103 c\u0103 v\u0103 ve\u021bi sim\u021bi \u00eencrez\u0103tor \u0219i elegant pe tot parcursul zilei.<\/p>\n<h2>Elegan\u021b\u0103 \u00eentr-o sticl\u0103<\/h2>\n<p>\u00cenvelit \u00eentr-o sticl\u0103 frumos proiectat\u0103, Apa de Parfum Rosa Femme eman\u0103 farmec \u0219i rafinament. Ideal pentru orice mas\u0103 de toalet\u0103, silueta sa elegant\u0103 serve\u0219te ca un accent frumos, precum \u0219i ca un suport practic pentru parfum. Ambalajul atent realizat \u00eel face, de asemenea, un cadou perfect pentru femeile speciale din via\u021ba ta, oferind o not\u0103 de lux pe care ea o va aprecia cu adev\u0103rat. Fie c\u0103 este vorba de o zi de na\u0219tere, o aniversare sau pur \u0219i simplu pentru c\u0103, prezentarea acestui parfum va aduce cu siguran\u021b\u0103 un z\u00e2mbet.<\/p>\n<p>Cu Rosa Femme, nu por\u021bi doar un parfum; \u00eembr\u0103\u021bi\u0219ezi un stil de via\u021b\u0103 de elegan\u021b\u0103 \u0219i feminitate. Aceast\u0103 sticl\u0103 de 100 ml ofer\u0103 un parfum amplu pentru utilizarea zilnic\u0103, asigur\u00e2ndu-se c\u0103 fiecare moment este infuzat cu frumuse\u021be \u0219i alur\u0103. Descoperi\u021bi magia Riiffs ast\u0103zi \u0219i l\u0103sa\u021bi-v\u0103 parfumul s\u0103 spun\u0103 multe.<\/p>","protected":false},"excerpt":{"rendered":"<p>Dezl\u0103n\u021buie-\u021bi elegan\u021ba interioar\u0103 V\u0103 prezent\u0103m Apa de Parfum Rosa Femme de Riiffs, un parfum captivant conceput pentru femeia modern\u0103. Acest buchet de 100 ml de lux aromat nu este doar un parfum; Este o experien\u021b\u0103 care \u00ee\u021bi transform\u0103 momentele de zi cu zi \u00een amintiri extraordinare. Cu fiecare pulverizare, te vei trezi \u00eenv\u0103luit \u00eentr-o lume [&hellip;]<\/p>","protected":false},"featured_media":2218,"comment_status":"open","ping_status":"closed","template":"","meta":{"om_disable_all_campaigns":false,"_monsterinsights_skip_tracking":false,"_monsterinsights_sitenote_active":false,"_monsterinsights_sitenote_note":"","_monsterinsights_sitenote_category":0},"product_brand":[73],"product_cat":[58,56],"product_tag":[],"class_list":{"0":"post-2216","1":"product","2":"type-product","3":"status-publish","4":"has-post-thumbnail","6":"product_brand-riiffs","7":"product_cat-extracte-si-esente","8":"product_cat-pentru-ea","10":"first","11":"instock","12":"shipping-taxable","13":"purchasable","14":"product-type-simple"},"aioseo_notices":[],"ct_brands":[{"id":73,"name":"Riiffs","slug":"riiffs"}],"_links":{"self":[{"href":"https:\/\/habibimb.com\/en\/wp-json\/wp\/v2\/product\/2216","targetHints":{"allow":["GET"]}}],"collection":[{"href":"https:\/\/habibimb.com\/en\/wp-json\/wp\/v2\/product"}],"about":[{"href":"https:\/\/habibimb.com\/en\/wp-json\/wp\/v2\/types\/product"}],"replies":[{"embeddable":true,"href":"https:\/\/habibimb.com\/en\/wp-json\/wp\/v2\/comments?post=2216"}],"wp:featuredmedia":[{"embeddable":true,"href":"https:\/\/habibimb.com\/en\/wp-json\/wp\/v2\/media\/2218"}],"wp:attachment":[{"href":"https:\/\/habibimb.com\/en\/wp-json\/wp\/v2\/media?parent=2216"}],"wp:term":[{"taxonomy":"product_brand","embeddable":true,"href":"https:\/\/habibimb.com\/en\/wp-json\/wp\/v2\/product_brand?post=2216"},{"taxonomy":"product_cat","embeddable":true,"href":"https:\/\/habibimb.com\/en\/wp-json\/wp\/v2\/product_cat?post=2216"},{"taxonomy":"product_tag","embeddable":true,"href":"https:\/\/habibimb.com\/en\/wp-json\/wp\/v2\/product_tag?post=2216"}],"curies":[{"name":"wp","href":"https:\/\/api.w.org\/{rel}","templated":true}]}}