{"id":2213,"date":"2025-05-03T08:25:45","date_gmt":"2025-05-03T08:25:45","guid":{"rendered":"https:\/\/habibimb.com\/?post_type=product&#038;p=2213"},"modified":"2025-05-15T07:32:16","modified_gmt":"2025-05-15T07:32:16","slug":"apa-de-parfum-amora-de-femme-riiffs-femei-100ml","status":"publish","type":"product","link":"https:\/\/habibimb.com\/en\/product\/apa-de-parfum-amora-de-femme-riiffs-femei-100ml\/","title":{"rendered":"Amora De Femme Riiffs"},"content":{"rendered":"<h2>Dezl\u0103n\u021buie-\u021bi elegan\u021ba interioar\u0103<\/h2>\n<p>Experimenta\u021bi \u00eentruchiparea feminit\u0103\u021bii cu <strong>Apa de Parfum Amora De Femme Riiffs<\/strong>. Special creat pentru femeia modern\u0103, acest parfum rafinat \u00eencapsuleaz\u0103 rafinamentul \u0219i alura, f\u0103c\u00e2ndu-l un plus obligatoriu pentru colec\u021bia ta de parfumuri. Conceput pentru a evoca emo\u021bii \u0219i amintiri, Amora De Femme se remarc\u0103 ca un parfum cu adev\u0103rat unic care celebreaz\u0103 esen\u021ba feminit\u0103\u021bii.<\/p>\n<h2>Profil de parfum captivant<\/h2>\n<p>Parfumul se deschide cu note de v\u00e2rf proaspete care trezesc sim\u021burile, trec\u00e2nd f\u0103r\u0103 probleme \u00eentr-o inim\u0103 de acorduri florale \u00eenc\u00e2nt\u0103toare. Fiecare spray te \u00eenv\u0103luie \u00eentr-un amestec frumos care persist\u0103 pe tot parcursul zilei, f\u0103c\u00e2ndu-l perfect at\u00e2t pentru purtarea de zi cu zi, c\u00e2t \u0219i pentru ocazii speciale. Armonia echilibrat\u0103 a subtonurilor dulci \u0219i picante v\u0103 asigur\u0103 c\u0103 l\u0103sa\u021bi o impresie de durat\u0103, ridic\u00e2ndu-v\u0103 \u00eencrederea oriunde merge\u021bi.<\/p>\n<h2>Conceput pentru femeia cu discern\u0103m\u00e2nt<\/h2>\n<p>Prezentat \u00eentr-o sticl\u0103 cu design elegant, <strong>Apa de Parfum Amora De Femme Riiffs de 100 ml<\/strong> este la fel de uimitor din punct de vedere vizual ca \u0219i parfumul pe care \u00eel con\u021bine. Designul s\u0103u \u0219ic completeaz\u0103 orice vanitate, f\u0103c\u00e2ndu-l un cadou de lux pentru tine sau pentru o persoan\u0103 drag\u0103. Cu aroma sa rafinat\u0103 \u0219i ambalajul sofisticat, acest parfum este o dovad\u0103 a gustului rafinat \u0219i a aprecierii pentru calitate.<\/p>\n<p>Transform\u0103-\u021bi rutina zilnic\u0103 \u00eentr-o experien\u021b\u0103 senzorial\u0103 cu Amora De Femme \u0219i las\u0103 parfumul t\u0103u s\u0103 spun\u0103 multe despre personalitatea ta. Adaug\u0103 acest parfum captivant la colec\u021bia ta ast\u0103zi \u0219i bucur\u0103-te de \u00eembr\u0103\u021bi\u0219area sa \u00eenc\u00e2nt\u0103toare care persist\u0103 pe piele, revitaliz\u00e2ndu-\u021bi spiritul.<\/p>","protected":false},"excerpt":{"rendered":"<p>Dezl\u0103n\u021buie-\u021bi elegan\u021ba interioar\u0103 Experimenta\u021bi \u00eentruchiparea feminit\u0103\u021bii cu Apa de Parfum Amora De Femme Riiffs. Special creat pentru femeia modern\u0103, acest parfum rafinat \u00eencapsuleaz\u0103 rafinamentul \u0219i alura, f\u0103c\u00e2ndu-l un plus obligatoriu pentru colec\u021bia ta de parfumuri. Conceput pentru a evoca emo\u021bii \u0219i amintiri, Amora De Femme se remarc\u0103 ca un parfum cu adev\u0103rat unic care celebreaz\u0103 [&hellip;]<\/p>","protected":false},"featured_media":2215,"comment_status":"open","ping_status":"closed","template":"","meta":{"om_disable_all_campaigns":false,"_monsterinsights_skip_tracking":false,"_monsterinsights_sitenote_active":false,"_monsterinsights_sitenote_note":"","_monsterinsights_sitenote_category":0},"product_brand":[73],"product_cat":[56],"product_tag":[],"class_list":{"0":"post-2213","1":"product","2":"type-product","3":"status-publish","4":"has-post-thumbnail","6":"product_brand-riiffs","7":"product_cat-pentru-ea","9":"first","10":"instock","11":"shipping-taxable","12":"purchasable","13":"product-type-simple"},"aioseo_notices":[],"ct_brands":[{"id":73,"name":"Riiffs","slug":"riiffs"}],"_links":{"self":[{"href":"https:\/\/habibimb.com\/en\/wp-json\/wp\/v2\/product\/2213","targetHints":{"allow":["GET"]}}],"collection":[{"href":"https:\/\/habibimb.com\/en\/wp-json\/wp\/v2\/product"}],"about":[{"href":"https:\/\/habibimb.com\/en\/wp-json\/wp\/v2\/types\/product"}],"replies":[{"embeddable":true,"href":"https:\/\/habibimb.com\/en\/wp-json\/wp\/v2\/comments?post=2213"}],"wp:featuredmedia":[{"embeddable":true,"href":"https:\/\/habibimb.com\/en\/wp-json\/wp\/v2\/media\/2215"}],"wp:attachment":[{"href":"https:\/\/habibimb.com\/en\/wp-json\/wp\/v2\/media?parent=2213"}],"wp:term":[{"taxonomy":"product_brand","embeddable":true,"href":"https:\/\/habibimb.com\/en\/wp-json\/wp\/v2\/product_brand?post=2213"},{"taxonomy":"product_cat","embeddable":true,"href":"https:\/\/habibimb.com\/en\/wp-json\/wp\/v2\/product_cat?post=2213"},{"taxonomy":"product_tag","embeddable":true,"href":"https:\/\/habibimb.com\/en\/wp-json\/wp\/v2\/product_tag?post=2213"}],"curies":[{"name":"wp","href":"https:\/\/api.w.org\/{rel}","templated":true}]}}