{"id":2210,"date":"2025-05-03T08:23:36","date_gmt":"2025-05-03T08:23:36","guid":{"rendered":"https:\/\/habibimb.com\/?post_type=product&#038;p=2210"},"modified":"2025-05-15T07:32:16","modified_gmt":"2025-05-15T07:32:16","slug":"apa-de-parfum-la-nuit-de-rose-riiffs-femei-100ml","status":"publish","type":"product","link":"https:\/\/habibimb.com\/en\/product\/apa-de-parfum-la-nuit-de-rose-riiffs-femei-100ml\/","title":{"rendered":"La Nuit De Rose, Riiffs"},"content":{"rendered":"<h2>Dezl\u0103n\u021buie-\u021bi farmecul interior<\/h2>\n<p>V\u0103 prezent\u0103m Apa de Parfum La Nuit De Rose de la Riiffs, un parfum captivant conceput pentru femeia modern\u0103 care \u00eentruchipeaz\u0103 gra\u021bia \u0219i rafinamentul. Acest parfum \u00eenc\u00e2nt\u0103tor, g\u0103zduit \u00eentr-o sticl\u0103 de 100 ml frumos realizat\u0103, este perfect pentru acele seri \u00eenc\u00e2nt\u0103toare \u00een care dori\u021bi s\u0103 l\u0103sa\u021bi o impresie de durat\u0103. Cu profilul s\u0103u olfactiv elegant, La Nuit De Rose este mai mult dec\u00e2t un parfum; Este o experien\u021b\u0103 care r\u0103m\u00e2ne \u00een mintea celor din jurul t\u0103u.<\/p>\n<h2>Note de parfum care captiveaz\u0103<\/h2>\n<p>Magia La Nuit De Rose const\u0103 \u00een amestecul s\u0103u rafinat de note care se \u00eempletesc armonios pentru a crea o experien\u021b\u0103 olfactiv\u0103 fascinant\u0103. Se deschide cu note florale proaspete care evoc\u0103 un sentiment de romantism, duc\u00e2nd la o inim\u0103 de trandafiri boga\u021bi, catifela\u021bi, care eman\u0103 feminitate \u0219i c\u0103ldur\u0103. \u00cen cele din urm\u0103, notele de baz\u0103 de chihlimbar \u0219i mosc ofer\u0103 un final senzual \u0219i persistent care face acest parfum irezistibil. Fiecare spray te transport\u0103 \u00eentr-o gr\u0103din\u0103 de trandafiri \u00eenflori\u021bi sub lumina lunii, f\u0103c\u00e2ndu-l potrivit at\u00e2t pentru purtarea zilnic\u0103, c\u00e2t \u0219i pentru ocazii speciale.<\/p>\n<h2>Perfect pentru orice ocazie<\/h2>\n<p>Indiferent unde te duce ziua, Apa de Parfum La Nuit De Rose se adapteaz\u0103 stilului t\u0103u de via\u021b\u0103. Poart\u0103-l \u00een timpul unui pr\u00e2nz casual cu prietenii, la o cin\u0103 romantic\u0103 sau la orice eveniment special \u00een care dori\u021bi s\u0103 ie\u0219i\u021bi \u00een eviden\u021b\u0103. Formula sa de lung\u0103 durat\u0103 v\u0103 asigur\u0103 c\u0103 ve\u021bi purta cu dumneavoastr\u0103 esen\u021ba fermec\u0103toare a La Nuit De Rose pe tot parcursul zilei, sporindu-v\u0103 alura natural\u0103.<\/p>\n<p>Investe\u0219te \u00eentr-un parfum care simbolizeaz\u0103 frumuse\u021bea \u0219i rafinamentul atemporal. Fie c\u0103 v\u0103 r\u0103sf\u0103\u021ba\u021bi sau c\u0103uta\u021bi cadoul perfect pentru o persoan\u0103 drag\u0103, La Nuit De Rose by Riiffs v\u0103 va impresiona cu siguran\u021b\u0103. \u00cembr\u0103\u021bi\u0219eaz\u0103 elegan\u021ba acestui parfum \u0219i las\u0103-l s\u0103 fie parfumul t\u0103u semn\u0103tur\u0103.<\/p>","protected":false},"excerpt":{"rendered":"<p>Dezl\u0103n\u021buie-\u021bi farmecul interior V\u0103 prezent\u0103m Apa de Parfum La Nuit De Rose de la Riiffs, un parfum captivant conceput pentru femeia modern\u0103 care \u00eentruchipeaz\u0103 gra\u021bia \u0219i rafinamentul. Acest parfum \u00eenc\u00e2nt\u0103tor, g\u0103zduit \u00eentr-o sticl\u0103 de 100 ml frumos realizat\u0103, este perfect pentru acele seri \u00eenc\u00e2nt\u0103toare \u00een care dori\u021bi s\u0103 l\u0103sa\u021bi o impresie de durat\u0103. Cu profilul [&hellip;]<\/p>","protected":false},"featured_media":2212,"comment_status":"open","ping_status":"closed","template":"","meta":{"om_disable_all_campaigns":false,"_monsterinsights_skip_tracking":false,"_monsterinsights_sitenote_active":false,"_monsterinsights_sitenote_note":"","_monsterinsights_sitenote_category":0},"product_brand":[73],"product_cat":[56],"product_tag":[],"class_list":{"0":"post-2210","1":"product","2":"type-product","3":"status-publish","4":"has-post-thumbnail","6":"product_brand-riiffs","7":"product_cat-pentru-ea","9":"first","10":"instock","11":"shipping-taxable","12":"purchasable","13":"product-type-simple"},"aioseo_notices":[],"ct_brands":[{"id":73,"name":"Riiffs","slug":"riiffs"}],"_links":{"self":[{"href":"https:\/\/habibimb.com\/en\/wp-json\/wp\/v2\/product\/2210","targetHints":{"allow":["GET"]}}],"collection":[{"href":"https:\/\/habibimb.com\/en\/wp-json\/wp\/v2\/product"}],"about":[{"href":"https:\/\/habibimb.com\/en\/wp-json\/wp\/v2\/types\/product"}],"replies":[{"embeddable":true,"href":"https:\/\/habibimb.com\/en\/wp-json\/wp\/v2\/comments?post=2210"}],"wp:featuredmedia":[{"embeddable":true,"href":"https:\/\/habibimb.com\/en\/wp-json\/wp\/v2\/media\/2212"}],"wp:attachment":[{"href":"https:\/\/habibimb.com\/en\/wp-json\/wp\/v2\/media?parent=2210"}],"wp:term":[{"taxonomy":"product_brand","embeddable":true,"href":"https:\/\/habibimb.com\/en\/wp-json\/wp\/v2\/product_brand?post=2210"},{"taxonomy":"product_cat","embeddable":true,"href":"https:\/\/habibimb.com\/en\/wp-json\/wp\/v2\/product_cat?post=2210"},{"taxonomy":"product_tag","embeddable":true,"href":"https:\/\/habibimb.com\/en\/wp-json\/wp\/v2\/product_tag?post=2210"}],"curies":[{"name":"wp","href":"https:\/\/api.w.org\/{rel}","templated":true}]}}