{"id":2207,"date":"2025-05-03T08:21:29","date_gmt":"2025-05-03T08:21:29","guid":{"rendered":"https:\/\/habibimb.com\/?post_type=product&#038;p=2207"},"modified":"2026-03-25T15:26:55","modified_gmt":"2026-03-25T15:26:55","slug":"apa-de-parfum-imperial-noir-riiffs-unisex-100ml","status":"publish","type":"product","link":"https:\/\/habibimb.com\/en\/product\/apa-de-parfum-imperial-noir-riiffs-unisex-100ml\/","title":{"rendered":"Imperial Noir, Riiffs"},"content":{"rendered":"<h2>Dezv\u0103luie un parfum de distinc\u021bie<\/h2>\n<p>Descoperi\u021bi alura captivant\u0103 a Apa de Parfum Imperial Noir de la Riiffs, un parfum unisex conceput pentru persoanele care apreciaz\u0103 frumuse\u021bea echilibrului \u00een fiecare aspect al vie\u021bii. Cu profilul s\u0103u olfactiv remarcabil, acest parfum de 100 ml te invit\u0103 s\u0103-\u021bi \u00eembun\u0103t\u0103\u021be\u0219ti experien\u021ba de zi cu zi \u0219i s\u0103 la\u0219i o impresie de durat\u0103 oriunde te-ai duce.<\/p>\n<h2>Note bogate care spun o poveste<\/h2>\n<p>Imperial Noir este un amestec luxos care \u00eencapsuleaz\u0103 at\u00e2t c\u0103ldur\u0103, c\u00e2t \u0219i mister. Notele de v\u00e2rf izbucnesc cu citrice revigorante \u0219i flori delicate, desf\u0103\u0219ur\u00e2ndu-se treptat \u00eentr-o inim\u0103 care prezint\u0103 condimente bogate \u0219i lemn aromat. Pe m\u0103sur\u0103 ce parfumul se a\u0219eaz\u0103, apar notele de baz\u0103 de chihlimbar neted \u0219i nuan\u021be p\u0103m\u00e2ntii, cre\u00e2nd un final profund satisf\u0103c\u0103tor. Aceast\u0103 stratificare complex\u0103 asigur\u0103 c\u0103 fiecare pulverizare dezv\u0103luie noi dimensiuni, f\u0103c\u00e2ndu-l perfect pentru zi sau noapte.<\/p>\n<h2>Un parfum care se potrive\u0219te oric\u0103rei ocazii<\/h2>\n<p>Creat pentru versatilitate, Apa de Parfum Imperial Noir trece f\u0103r\u0103 probleme de la un pr\u00e2nz casual la un eveniment formal de sear\u0103. Compozi\u021bia sa unisex \u00eel face potrivit pentru toat\u0103 lumea, permi\u021b\u00e2nd at\u00e2t b\u0103rba\u021bilor, c\u00e2t \u0219i femeilor s\u0103-\u0219i exprime stilul unic prin parfum. Fie c\u0103 este purtat cu grij\u0103 pentru purtarea de zi cu zi sau p\u0103strat pentru ocazii speciale, acest parfum \u00eentruchipeaz\u0103 cu adev\u0103rat spiritul rafinamentului modern.<\/p>\n<p>\u00cembun\u0103t\u0103\u021be\u0219te-\u021bi colec\u021bia de parfumuri cu aceast\u0103 sticl\u0103 rafinat\u0103 de 100 ml de Imperial Noir; Nu este doar un parfum, ci o declara\u021bie de individualitate. Fiecare aplica\u021bie este o amintire a elegan\u021bei \u0219i a atrac\u021biei, f\u0103c\u00e2ndu-l un plus esen\u021bial pentru ritualul t\u0103u de \u00eengrijire. Cufunda\u021bi-v\u0103 \u00een esen\u021ba acestui parfum remarcabil \u0219i l\u0103sa\u021bi-l s\u0103 rezoneze cu stilul dumneavoastr\u0103 personal.<\/p>","protected":false},"excerpt":{"rendered":"<p>Inspirat din Invictus Paco Rabanne<\/p>","protected":false},"featured_media":2209,"comment_status":"open","ping_status":"closed","template":"","meta":{"om_disable_all_campaigns":false,"_monsterinsights_skip_tracking":false,"_monsterinsights_sitenote_active":false,"_monsterinsights_sitenote_note":"","_monsterinsights_sitenote_category":0},"product_brand":[73],"product_cat":[57],"product_tag":[],"class_list":{"0":"post-2207","1":"product","2":"type-product","3":"status-publish","4":"has-post-thumbnail","6":"product_brand-riiffs","7":"product_cat-unisex","9":"first","10":"outofstock","11":"shipping-taxable","12":"purchasable","13":"product-type-simple"},"aioseo_notices":[],"ct_brands":[{"id":73,"name":"Riiffs","slug":"riiffs"}],"_links":{"self":[{"href":"https:\/\/habibimb.com\/en\/wp-json\/wp\/v2\/product\/2207","targetHints":{"allow":["GET"]}}],"collection":[{"href":"https:\/\/habibimb.com\/en\/wp-json\/wp\/v2\/product"}],"about":[{"href":"https:\/\/habibimb.com\/en\/wp-json\/wp\/v2\/types\/product"}],"replies":[{"embeddable":true,"href":"https:\/\/habibimb.com\/en\/wp-json\/wp\/v2\/comments?post=2207"}],"wp:featuredmedia":[{"embeddable":true,"href":"https:\/\/habibimb.com\/en\/wp-json\/wp\/v2\/media\/2209"}],"wp:attachment":[{"href":"https:\/\/habibimb.com\/en\/wp-json\/wp\/v2\/media?parent=2207"}],"wp:term":[{"taxonomy":"product_brand","embeddable":true,"href":"https:\/\/habibimb.com\/en\/wp-json\/wp\/v2\/product_brand?post=2207"},{"taxonomy":"product_cat","embeddable":true,"href":"https:\/\/habibimb.com\/en\/wp-json\/wp\/v2\/product_cat?post=2207"},{"taxonomy":"product_tag","embeddable":true,"href":"https:\/\/habibimb.com\/en\/wp-json\/wp\/v2\/product_tag?post=2207"}],"curies":[{"name":"wp","href":"https:\/\/api.w.org\/{rel}","templated":true}]}}