{"id":2204,"date":"2025-05-03T08:19:47","date_gmt":"2025-05-03T08:19:47","guid":{"rendered":"https:\/\/habibimb.com\/?post_type=product&#038;p=2204"},"modified":"2025-05-15T07:32:16","modified_gmt":"2025-05-15T07:32:16","slug":"apa-de-parfum-celesto-intense-riiffs-unisex-100ml","status":"publish","type":"product","link":"https:\/\/habibimb.com\/en\/product\/apa-de-parfum-celesto-intense-riiffs-unisex-100ml\/","title":{"rendered":"Celesto Intense, Riiffs"},"content":{"rendered":"<h2>Experimenta\u021bi esen\u021ba elegan\u021bei<\/h2>\n<p>Descoperi\u021bi o lume a rafinamentului cu Apa de Parfum Celesto Intense de la Riiffs. Acest parfum unisex, prezentat \u00eentr-o sticl\u0103 generoas\u0103 de 100 ml, surprinde esen\u021ba elegan\u021bei atemporale, f\u0103c\u00e2ndu-l un plus perfect pentru orice colec\u021bie de parfumuri. Fie pentru o ocazie special\u0103 sau pentru o purtare de zi cu zi, acest parfum v\u0103 ridic\u0103 prezen\u021ba \u0219i las\u0103 o impresie de durat\u0103.<\/p>\n<h2>Note care inspir\u0103<\/h2>\n<p>Celesto Intense se desf\u0103\u0219oar\u0103 cu un amestec fascinant de note care se adreseaz\u0103 at\u00e2t lui, c\u00e2t \u0219i ei. Notele de v\u00e2rf introduc o explozie proasp\u0103t\u0103 \u0219i vibrant\u0103, captiv\u00e2nd sim\u021burile cu aroma sa revigorant\u0103. Pe m\u0103sur\u0103 ce parfumul se dezvolt\u0103, inima dezv\u0103luie un buchet bogat \u0219i floral, \u00eentruchip\u00e2nd un echilibru armonios care \u00eei \u00eenc\u00e2nt\u0103 pe cei din jurul t\u0103u. \u00cen cele din urm\u0103, notele de baz\u0103 stabilesc o baz\u0103 cald\u0103, p\u0103m\u00e2nteasc\u0103, care persist\u0103 pe tot parcursul zilei, asigur\u00e2ndu-v\u0103 c\u0103 r\u0103m\u00e2ne\u021bi \u00eenv\u0103luit \u00een lux.<\/p>\n<h2>Un parfum versatil pentru fiecare ocazie<\/h2>\n<p>Acest parfum unisex este ideal pentru toate ocaziile, fie c\u0103 este vorba de o cin\u0103 romantic\u0103, un eveniment formal sau pur \u0219i simplu o zi \u00een ora\u0219. Compozi\u021bia bine realizat\u0103 a Celesto Intense \u00eei permite s\u0103 se adapteze, \u00eembun\u0103t\u0103\u021bindu-v\u0103 individualitatea f\u0103r\u0103 efort. Flaconul de 100 ml nu numai c\u0103 asigur\u0103 o purtare de lung\u0103 durat\u0103, dar adaug\u0103 \u0219i o not\u0103 de elegan\u021b\u0103 chiuvetei tale. Preg\u0103te\u0219te-te s\u0103 \u00eentorci capetele \u0219i s\u0103 te sim\u021bi \u00eencrez\u0103tor cu fiecare pulverizare.<\/p>","protected":false},"excerpt":{"rendered":"<p>Inspirat din Louis Vuitton Coeur\u00a0Battant<\/p>","protected":false},"featured_media":2206,"comment_status":"open","ping_status":"closed","template":"","meta":{"om_disable_all_campaigns":false,"_monsterinsights_skip_tracking":false,"_monsterinsights_sitenote_active":false,"_monsterinsights_sitenote_note":"","_monsterinsights_sitenote_category":0},"product_brand":[73],"product_cat":[57],"product_tag":[],"class_list":{"0":"post-2204","1":"product","2":"type-product","3":"status-publish","4":"has-post-thumbnail","6":"product_brand-riiffs","7":"product_cat-unisex","9":"first","10":"instock","11":"shipping-taxable","12":"purchasable","13":"product-type-simple"},"aioseo_notices":[],"ct_brands":[{"id":73,"name":"Riiffs","slug":"riiffs"}],"_links":{"self":[{"href":"https:\/\/habibimb.com\/en\/wp-json\/wp\/v2\/product\/2204","targetHints":{"allow":["GET"]}}],"collection":[{"href":"https:\/\/habibimb.com\/en\/wp-json\/wp\/v2\/product"}],"about":[{"href":"https:\/\/habibimb.com\/en\/wp-json\/wp\/v2\/types\/product"}],"replies":[{"embeddable":true,"href":"https:\/\/habibimb.com\/en\/wp-json\/wp\/v2\/comments?post=2204"}],"wp:featuredmedia":[{"embeddable":true,"href":"https:\/\/habibimb.com\/en\/wp-json\/wp\/v2\/media\/2206"}],"wp:attachment":[{"href":"https:\/\/habibimb.com\/en\/wp-json\/wp\/v2\/media?parent=2204"}],"wp:term":[{"taxonomy":"product_brand","embeddable":true,"href":"https:\/\/habibimb.com\/en\/wp-json\/wp\/v2\/product_brand?post=2204"},{"taxonomy":"product_cat","embeddable":true,"href":"https:\/\/habibimb.com\/en\/wp-json\/wp\/v2\/product_cat?post=2204"},{"taxonomy":"product_tag","embeddable":true,"href":"https:\/\/habibimb.com\/en\/wp-json\/wp\/v2\/product_tag?post=2204"}],"curies":[{"name":"wp","href":"https:\/\/api.w.org\/{rel}","templated":true}]}}