{"id":2201,"date":"2025-05-03T08:18:16","date_gmt":"2025-05-03T08:18:16","guid":{"rendered":"https:\/\/habibimb.com\/?post_type=product&#038;p=2201"},"modified":"2025-05-15T07:32:16","modified_gmt":"2025-05-15T07:32:16","slug":"apa-de-parfum-celesto-turquoise-riiffs-unisex-100ml","status":"publish","type":"product","link":"https:\/\/habibimb.com\/en\/product\/apa-de-parfum-celesto-turquoise-riiffs-unisex-100ml\/","title":{"rendered":"Celesto Turquoise, Riiffs"},"content":{"rendered":"<h2>Descoperi\u021bi esen\u021ba turcoazului Celesto<\/h2>\n<p>Experimenta\u021bi un parfum captivant care transcende obi\u0219nuitul cu Apa de Parfum Celesto Turquoise de la Riiffs. Creat pentru persoanele care refuz\u0103 s\u0103 fie definite de gen, acest parfum unisex te invit\u0103 s\u0103 porne\u0219ti \u00eentr-o c\u0103l\u0103torie senzorial\u0103 care rezoneaz\u0103 cu esen\u021ba ta unic\u0103. Infuzat cu note de briz\u0103 oceanic\u0103 \u0219i \u021b\u0103rmuri calde luminate de soare, acest parfum promite s\u0103 v\u0103 trezeasc\u0103 spiritul \u0219i s\u0103 evoce amintiri ale zilelor lini\u0219tite de var\u0103.<\/p>\n<h2>Un amestec armonios de note parfumate<\/h2>\n<p>Apa de Parfum Celesto Turquoise prezint\u0103 un amestec meticulos de note de v\u00e2rf, mijloc \u0219i de baz\u0103 care creeaz\u0103 o semn\u0103tur\u0103 olfactiv\u0103 irezistibil\u0103. \u00cen partea de sus, notele r\u0103coritoare de citrice revigoreaz\u0103 sim\u021burile, trec\u00e2nd f\u0103r\u0103 probleme la note de inim\u0103 care dezv\u0103luie nuan\u021be florale \u0219i acvatice, \u00eenv\u0103luindu-te \u00eentr-o \u00eembr\u0103\u021bi\u0219are r\u0103coritoare. \u00cen cele din urm\u0103, notele de baz\u0103 ancoreaz\u0103 parfumul cu nuan\u021be lemnoase bogate, asigur\u00e2nd o impresie de durat\u0103 care persist\u0103 pe tot parcursul zilei. Acest parfum multidimensional este conceput pentru a evolua odat\u0103 cu tine, asigur\u00e2ndu-se c\u0103 fiecare spritz spune o poveste.<\/p>\n<h2>Perfect pentru orice ocazie<\/h2>\n<p>Fie c\u0103 te \u00eendrep\u021bi spre o ie\u0219ire casual, o \u00eent\u00e2lnire de afaceri important\u0103 sau o cin\u0103 romantic\u0103, Apa de Parfum Celesto Turquoise este \u00eenso\u021bitorul ideal. Natura sa versatil\u0103 \u00eel face potrivit pentru purtarea de zi \u0219i de noapte, adapt\u00e2ndu-se f\u0103r\u0103 efort la starea de spirit \u0219i personalitatea ta. Flaconul de 100 ml are un design elegant, reflect\u00e2nd experien\u021ba de lux care vine odat\u0103 cu purtarea acestui parfum remarcabil. Dimensiunea sa compact\u0103 \u00eel face u\u0219or de transportat \u00een geant\u0103, asigur\u00e2ndu-v\u0103 c\u0103 v\u0103 pute\u021bi re\u00eemprosp\u0103ta parfumul oric\u00e2nd \u0219i oriunde.<\/p>\n<p>\u00cembr\u0103\u021bi\u0219eaz\u0103 un parfum care \u00eentruchipeaz\u0103 libertatea \u0219i individualitatea cu Apa de Parfum Celesto Turquoise, Riiffs. Las\u0103 aroma sa \u00eemb\u0103t\u0103toare s\u0103-\u021bi sporeasc\u0103 prezen\u021ba \u0219i s\u0103-i permit\u0103 s\u0103 exprime cine e\u0219ti cu adev\u0103rat. Comanda\u021bi-v\u0103 sticla ast\u0103zi \u0219i scufunda\u021bi-v\u0103 \u00een experien\u021ba olfactiv\u0103 suprem\u0103!<\/p>","protected":false},"excerpt":{"rendered":"<p>Inspirat din Imagination Louis Vuitton<\/p>","protected":false},"featured_media":2203,"comment_status":"open","ping_status":"closed","template":"","meta":{"om_disable_all_campaigns":false,"_monsterinsights_skip_tracking":false,"_monsterinsights_sitenote_active":false,"_monsterinsights_sitenote_note":"","_monsterinsights_sitenote_category":0},"product_brand":[73],"product_cat":[57],"product_tag":[],"class_list":{"0":"post-2201","1":"product","2":"type-product","3":"status-publish","4":"has-post-thumbnail","6":"product_brand-riiffs","7":"product_cat-unisex","9":"first","10":"instock","11":"shipping-taxable","12":"purchasable","13":"product-type-simple"},"aioseo_notices":[],"ct_brands":[{"id":73,"name":"Riiffs","slug":"riiffs"}],"_links":{"self":[{"href":"https:\/\/habibimb.com\/en\/wp-json\/wp\/v2\/product\/2201","targetHints":{"allow":["GET"]}}],"collection":[{"href":"https:\/\/habibimb.com\/en\/wp-json\/wp\/v2\/product"}],"about":[{"href":"https:\/\/habibimb.com\/en\/wp-json\/wp\/v2\/types\/product"}],"replies":[{"embeddable":true,"href":"https:\/\/habibimb.com\/en\/wp-json\/wp\/v2\/comments?post=2201"}],"wp:featuredmedia":[{"embeddable":true,"href":"https:\/\/habibimb.com\/en\/wp-json\/wp\/v2\/media\/2203"}],"wp:attachment":[{"href":"https:\/\/habibimb.com\/en\/wp-json\/wp\/v2\/media?parent=2201"}],"wp:term":[{"taxonomy":"product_brand","embeddable":true,"href":"https:\/\/habibimb.com\/en\/wp-json\/wp\/v2\/product_brand?post=2201"},{"taxonomy":"product_cat","embeddable":true,"href":"https:\/\/habibimb.com\/en\/wp-json\/wp\/v2\/product_cat?post=2201"},{"taxonomy":"product_tag","embeddable":true,"href":"https:\/\/habibimb.com\/en\/wp-json\/wp\/v2\/product_tag?post=2201"}],"curies":[{"name":"wp","href":"https:\/\/api.w.org\/{rel}","templated":true}]}}