{"id":2198,"date":"2025-05-03T08:14:42","date_gmt":"2025-05-03T08:14:42","guid":{"rendered":"https:\/\/habibimb.com\/?post_type=product&#038;p=2198"},"modified":"2025-05-15T07:32:16","modified_gmt":"2025-05-15T07:32:16","slug":"apa-de-parfum-prive-rouge-riiffs-unisex-100ml","status":"publish","type":"product","link":"https:\/\/habibimb.com\/en\/product\/apa-de-parfum-prive-rouge-riiffs-unisex-100ml\/","title":{"rendered":"Prive Rouge, Riiffs"},"content":{"rendered":"<h2>Elegan\u021ba atemporal\u0103 v\u0103 a\u0219teapt\u0103<\/h2>\n<p>Scufunda\u021bi-v\u0103 \u00een lumea captivant\u0103 a parfumurilor cu Apa de Parfum Prive Rouge de la Riiffs. Acest parfum unisex rafinat este meticulos realizat pentru a evoca rafinament \u0219i farmec, f\u0103c\u00e2ndu-l accesoriul perfect pentru orice ocazie. Indiferent dac\u0103 v\u0103 \u00eendrepta\u021bi spre un eveniment formal sau v\u0103 bucura\u021bi de o \u00eent\u00e2lnire intim\u0103, acest parfum promite s\u0103 \u00eentoarc\u0103 capetele \u0219i s\u0103 lase o impresie de neuitat.<\/p>\n<h2>Note distinctive pentru fiecare personalitate<\/h2>\n<p>Apa de Parfum Prive Rouge combin\u0103 un amestec armonios de note revigorante \u0219i calde care creeaz\u0103 un profil olfactiv multidimensional. \u00cen prim-plan, ve\u021bi experimenta o explozie de citrice picante \u0219i note florale proaspete care trezesc sim\u021burile. Pe m\u0103sur\u0103 ce parfumul se dezvolt\u0103, apar note de inim\u0103 de iasomie catifelat\u0103 \u0219i note picante, cre\u00e2nd o aur\u0103 bogat\u0103 \u0219i primitoare. \u00cen cele din urm\u0103, notele de baz\u0103 de chihlimbar \u0219i mosc ofer\u0103 un finisaj cald, p\u0103m\u00e2ntesc, care persist\u0103 pe tot parcursul zilei, f\u0103c\u00e2ndu-l o alegere ideal\u0103 at\u00e2t pentru zi, c\u00e2t \u0219i pentru sear\u0103.<\/p>\n<h2>Creat pentru to\u021bi<\/h2>\n<p>Conceput pentru a fi purtat de oricine, acest parfum unisex redefine\u0219te normele tradi\u021bionale de gen \u00een parfumuri. Apa de Parfum Prive Rouge se adreseaz\u0103 tuturor persoanelor care apreciaz\u0103 elegan\u021ba \u0219i stilul. Sticla sa de 100 ml v\u0103 asigur\u0103 c\u0103 ave\u021bi suficient parfum pentru a face o declara\u021bie \u0219i pentru a v\u0103 sim\u021bi \u00eencrez\u0103tor \u00een fiecare zi. Ambalajul elegant \u0219i modern nu numai c\u0103 reprezint\u0103 rafinamentul parfumului, dar \u00eel face \u0219i un plus frumos pentru toaleta ta sau un cadou perfect pentru cineva special.<\/p>\n<p>\u00cembun\u0103t\u0103\u021be\u0219te-\u021bi colec\u021bia de parfumuri cu Apa de Parfum Prive Rouge, Riiffs. \u00cembr\u0103\u021bi\u0219eaz\u0103 amestecul de elegan\u021b\u0103 atemporal\u0103 \u0219i parfumuri contemporane care sunt concepute pentru toat\u0103 lumea, permi\u021b\u00e2nd fiec\u0103rui purt\u0103tor s\u0103-\u0219i exprime personalitatea unic\u0103 prin parfum.<\/p>","protected":false},"excerpt":{"rendered":"<p><strong>Inspirat din Baccarat Rouge 540 Maison Francis\u00a0Kurkdjian<\/strong><\/p>","protected":false},"featured_media":2200,"comment_status":"open","ping_status":"closed","template":"","meta":{"om_disable_all_campaigns":false,"_monsterinsights_skip_tracking":false,"_monsterinsights_sitenote_active":false,"_monsterinsights_sitenote_note":"","_monsterinsights_sitenote_category":0},"product_brand":[73],"product_cat":[57],"product_tag":[],"class_list":{"0":"post-2198","1":"product","2":"type-product","3":"status-publish","4":"has-post-thumbnail","6":"product_brand-riiffs","7":"product_cat-unisex","9":"first","10":"instock","11":"shipping-taxable","12":"purchasable","13":"product-type-simple"},"aioseo_notices":[],"ct_brands":[{"id":73,"name":"Riiffs","slug":"riiffs"}],"_links":{"self":[{"href":"https:\/\/habibimb.com\/en\/wp-json\/wp\/v2\/product\/2198","targetHints":{"allow":["GET"]}}],"collection":[{"href":"https:\/\/habibimb.com\/en\/wp-json\/wp\/v2\/product"}],"about":[{"href":"https:\/\/habibimb.com\/en\/wp-json\/wp\/v2\/types\/product"}],"replies":[{"embeddable":true,"href":"https:\/\/habibimb.com\/en\/wp-json\/wp\/v2\/comments?post=2198"}],"wp:featuredmedia":[{"embeddable":true,"href":"https:\/\/habibimb.com\/en\/wp-json\/wp\/v2\/media\/2200"}],"wp:attachment":[{"href":"https:\/\/habibimb.com\/en\/wp-json\/wp\/v2\/media?parent=2198"}],"wp:term":[{"taxonomy":"product_brand","embeddable":true,"href":"https:\/\/habibimb.com\/en\/wp-json\/wp\/v2\/product_brand?post=2198"},{"taxonomy":"product_cat","embeddable":true,"href":"https:\/\/habibimb.com\/en\/wp-json\/wp\/v2\/product_cat?post=2198"},{"taxonomy":"product_tag","embeddable":true,"href":"https:\/\/habibimb.com\/en\/wp-json\/wp\/v2\/product_tag?post=2198"}],"curies":[{"name":"wp","href":"https:\/\/api.w.org\/{rel}","templated":true}]}}