{"id":2195,"date":"2025-05-03T08:11:32","date_gmt":"2025-05-03T08:11:32","guid":{"rendered":"https:\/\/habibimb.com\/?post_type=product&#038;p=2195"},"modified":"2025-05-15T07:32:16","modified_gmt":"2025-05-15T07:32:16","slug":"apa-de-parfum-prive-gold-riiffs-unisex-100ml","status":"publish","type":"product","link":"https:\/\/habibimb.com\/en\/product\/apa-de-parfum-prive-gold-riiffs-unisex-100ml\/","title":{"rendered":"Prive Gold, Riiffs"},"content":{"rendered":"<h2>Experimenta\u021bi esen\u021ba elegan\u021bei<\/h2>\n<p>V\u0103 prezent\u0103m Apa de Parfum Prive Gold de la Riiffs, un parfum unisex de lux conceput pentru a v\u0103 \u00eenv\u0103lui \u00eentr-o arom\u0103 captivant\u0103 care eman\u0103 rafinament \u0219i elegan\u021b\u0103. Acest parfum rafinat este perfect pentru cei care apreciaz\u0103 lucrurile fine din via\u021b\u0103 \u0219i doresc un parfum care s\u0103 reflecte cu adev\u0103rat individualitatea lor. Cu o sticl\u0103 generoas\u0103 de 100 ml, este un \u00eenso\u021bitor ideal at\u00e2t pentru purtarea de zi cu zi, c\u00e2t \u0219i pentru ocazii speciale.<\/p>\n<h2>Note care orbesc sim\u021burile<\/h2>\n<p>Apa de Parfum Prive Gold se deschide cu o explozie r\u0103coritoare de note de citrice, oferind un \u00eenceput revigorant care treze\u0219te sim\u021burile. Aceast\u0103 luminozitate ini\u021bial\u0103 trece f\u0103r\u0103 probleme \u00eentr-o inim\u0103 de acorduri florale \u0219i lemnoase, cre\u00e2nd un parfum frumos echilibrat care persist\u0103 pe tot parcursul zilei. Notele de baz\u0103, compuse din chihlimbar cald \u0219i mosc subtil, asigur\u0103 c\u0103 parfumul r\u0103m\u00e2ne intrigant \u0219i memorabil mult timp dup\u0103 aplicare.<\/p>\n<h2>De ce s\u0103 alegi Apa de Parfum Prive Gold?<\/h2>\n<p>Acest parfum nu este doar un parfum; este o experien\u021b\u0103. Perfect at\u00e2t pentru b\u0103rba\u021bi, c\u00e2t \u0219i pentru femei, Prive Gold v\u0103 permite s\u0103 v\u0103 exprima\u021bi cu \u00eencredere. Indiferent dac\u0103 participa\u021bi la un eveniment formal sau v\u0103 bucura\u021bi de o noapte casual, natura sa versatil\u0103 asigur\u0103 c\u0103 completeaz\u0103 orice \u021binut\u0103 \u0219i ocazie. \u00cen plus, ambalajul elegant adaug\u0103 o not\u0103 de lux chiuvetei tale, f\u0103c\u00e2ndu-l un cadou perfect pentru cei dragi sau un r\u0103sf\u0103\u021b rafinat pentru tine.<\/p>\n<p>Cu Apa de Parfum Prive Gold, nu por\u021bi doar un parfum; purta\u021bi o declara\u021bie. Face\u021bi o impresie care dureaz\u0103 cu acest parfum remarcabil care este conceput pentru individul modern care pre\u021buie\u0219te calitatea \u0219i stilul. Cump\u0103ra\u021bi acum pentru a \u00eembr\u0103\u021bi\u0219a esen\u021ba rafinamentului!<\/p>","protected":false},"excerpt":{"rendered":"<p>Experimenta\u021bi esen\u021ba elegan\u021bei V\u0103 prezent\u0103m Apa de Parfum Prive Gold de la Riiffs, un parfum unisex de lux conceput pentru a v\u0103 \u00eenv\u0103lui \u00eentr-o arom\u0103 captivant\u0103 care eman\u0103 rafinament \u0219i elegan\u021b\u0103. Acest parfum rafinat este perfect pentru cei care apreciaz\u0103 lucrurile fine din via\u021b\u0103 \u0219i doresc un parfum care s\u0103 reflecte cu adev\u0103rat individualitatea lor. [&hellip;]<\/p>","protected":false},"featured_media":2197,"comment_status":"open","ping_status":"closed","template":"","meta":{"om_disable_all_campaigns":false,"_monsterinsights_skip_tracking":false,"_monsterinsights_sitenote_active":false,"_monsterinsights_sitenote_note":"","_monsterinsights_sitenote_category":0},"product_brand":[73],"product_cat":[57],"product_tag":[],"class_list":{"0":"post-2195","1":"product","2":"type-product","3":"status-publish","4":"has-post-thumbnail","6":"product_brand-riiffs","7":"product_cat-unisex","9":"first","10":"instock","11":"shipping-taxable","12":"purchasable","13":"product-type-simple"},"aioseo_notices":[],"ct_brands":[{"id":73,"name":"Riiffs","slug":"riiffs"}],"_links":{"self":[{"href":"https:\/\/habibimb.com\/en\/wp-json\/wp\/v2\/product\/2195","targetHints":{"allow":["GET"]}}],"collection":[{"href":"https:\/\/habibimb.com\/en\/wp-json\/wp\/v2\/product"}],"about":[{"href":"https:\/\/habibimb.com\/en\/wp-json\/wp\/v2\/types\/product"}],"replies":[{"embeddable":true,"href":"https:\/\/habibimb.com\/en\/wp-json\/wp\/v2\/comments?post=2195"}],"wp:featuredmedia":[{"embeddable":true,"href":"https:\/\/habibimb.com\/en\/wp-json\/wp\/v2\/media\/2197"}],"wp:attachment":[{"href":"https:\/\/habibimb.com\/en\/wp-json\/wp\/v2\/media?parent=2195"}],"wp:term":[{"taxonomy":"product_brand","embeddable":true,"href":"https:\/\/habibimb.com\/en\/wp-json\/wp\/v2\/product_brand?post=2195"},{"taxonomy":"product_cat","embeddable":true,"href":"https:\/\/habibimb.com\/en\/wp-json\/wp\/v2\/product_cat?post=2195"},{"taxonomy":"product_tag","embeddable":true,"href":"https:\/\/habibimb.com\/en\/wp-json\/wp\/v2\/product_tag?post=2195"}],"curies":[{"name":"wp","href":"https:\/\/api.w.org\/{rel}","templated":true}]}}