{"id":2192,"date":"2025-05-03T08:09:22","date_gmt":"2025-05-03T08:09:22","guid":{"rendered":"https:\/\/habibimb.com\/?post_type=product&#038;p=2192"},"modified":"2025-05-15T07:32:16","modified_gmt":"2025-05-15T07:32:16","slug":"apa-de-parfum-angelique-extrait-de-vanilla-riffs-unisex-100ml","status":"publish","type":"product","link":"https:\/\/habibimb.com\/en\/product\/apa-de-parfum-angelique-extrait-de-vanilla-riffs-unisex-100ml\/","title":{"rendered":"Angelique Extrait De Vanilla, Riiffs"},"content":{"rendered":"<h2>Deblocheaz\u0103 o lume a farmecului<\/h2>\n<p>Experimenta\u021bi esen\u021ba captivant\u0103 a <strong>Apa de Parfum Angelique Extrait De Vanilla<\/strong>, un parfum luxos care combin\u0103 bog\u0103\u021bia vaniliei cu nuan\u021be florale subtile. Acest parfum unisex, prezentat \u00eentr-o sticl\u0103 elegant\u0103 de 100 ml, este conceput pentru cei care pre\u021buiesc lucrurile fine din via\u021b\u0103. Compozi\u021bia sa unic\u0103 \u00eel face perfect at\u00e2t pentru purtarea de zi cu zi, c\u00e2t \u0219i pentru ocazii speciale, asigur\u00e2ndu-v\u0103 c\u0103 l\u0103sa\u021bi \u00eentotdeauna o impresie de durat\u0103.<\/p>\n<h2>Note care definesc elegan\u021ba<\/h2>\n<p>Inima <strong>Angelique Extrait De Vanilla<\/strong> prezint\u0103 un amestec atr\u0103g\u0103tor de vanilie \u0219i angelic\u0103, cre\u00e2nd un echilibru armonios care \u00eenc\u00e2nt\u0103 sim\u021burile. Pe m\u0103sur\u0103 ce parfumul se desf\u0103\u0219oar\u0103, apar note de flori delicate, \u00eenv\u0103luindu-te \u00eentr-o \u00eembr\u0103\u021bi\u0219are bl\u00e2nd\u0103. Baza dezv\u0103luie nuan\u021be calde \u0219i reconfortante care persist\u0103 pe tot parcursul zilei, f\u0103c\u00e2nd din acest parfum nu doar un parfum, ci o experien\u021b\u0103 olfactiv\u0103.<\/p>\n<h2>De ce s\u0103 alege\u021bi extractul de vanilie Angelica?<\/h2>\n<p>Ceea ce diferen\u021biaz\u0103 <strong>Apa de Parfum Angelique Extrait De Vanilla<\/strong> este versatilitatea \u0219i atractivitatea unisex. Acest parfum transcende grani\u021bele tradi\u021bionale de gen, f\u0103c\u00e2ndu-l potrivit pentru oricine dore\u0219te un parfum de semn\u0103tur\u0103, care este at\u00e2t sofisticat, c\u00e2t \u0219i cald. Ideal pentru a fi stratificat sau purtat singur, acest parfum te poate \u00eenso\u021bi f\u0103r\u0103 efort din zori p\u00e2n\u0103 seara, asigur\u00e2ndu-te c\u0103 te sim\u021bi \u00eencrez\u0103tor \u0219i proasp\u0103t indiferent de ocazie.<\/p>\n<p>R\u0103sf\u0103\u021ba\u021bi-v\u0103 sau surprinde\u021bi pe cineva special cu cadoul <strong>Apa de Parfum Angelique Extrait De Vanilla<\/strong>. Ambalajul s\u0103u frumos \u0219i parfumul rafinat \u00eel fac un cadou ideal pentru zile de na\u0219tere, anivers\u0103ri sau pur \u0219i simplu pentru a-\u0219i ar\u0103ta aprecierea. Alege un parfum care \u00ee\u021bi completeaz\u0103 stilul de via\u021b\u0103 \u0219i \u00ee\u021bi reprezint\u0103 personalitatea unic\u0103.<\/p>","protected":false},"excerpt":{"rendered":"<p>Deblocheaz\u0103 o lume a farmecului Experimenta\u021bi esen\u021ba captivant\u0103 a Apa de Parfum Angelique Extrait De Vanilla, un parfum luxos care combin\u0103 bog\u0103\u021bia vaniliei cu nuan\u021be florale subtile. Acest parfum unisex, prezentat \u00eentr-o sticl\u0103 elegant\u0103 de 100 ml, este conceput pentru cei care pre\u021buiesc lucrurile fine din via\u021b\u0103. Compozi\u021bia sa unic\u0103 \u00eel face perfect at\u00e2t pentru [&hellip;]<\/p>","protected":false},"featured_media":2194,"comment_status":"open","ping_status":"closed","template":"","meta":{"om_disable_all_campaigns":false,"_monsterinsights_skip_tracking":false,"_monsterinsights_sitenote_active":false,"_monsterinsights_sitenote_note":"","_monsterinsights_sitenote_category":0},"product_brand":[73],"product_cat":[58,57],"product_tag":[],"class_list":{"0":"post-2192","1":"product","2":"type-product","3":"status-publish","4":"has-post-thumbnail","6":"product_brand-riiffs","7":"product_cat-extracte-si-esente","8":"product_cat-unisex","10":"first","11":"instock","12":"shipping-taxable","13":"purchasable","14":"product-type-simple"},"aioseo_notices":[],"ct_brands":[{"id":73,"name":"Riiffs","slug":"riiffs"}],"_links":{"self":[{"href":"https:\/\/habibimb.com\/en\/wp-json\/wp\/v2\/product\/2192","targetHints":{"allow":["GET"]}}],"collection":[{"href":"https:\/\/habibimb.com\/en\/wp-json\/wp\/v2\/product"}],"about":[{"href":"https:\/\/habibimb.com\/en\/wp-json\/wp\/v2\/types\/product"}],"replies":[{"embeddable":true,"href":"https:\/\/habibimb.com\/en\/wp-json\/wp\/v2\/comments?post=2192"}],"wp:featuredmedia":[{"embeddable":true,"href":"https:\/\/habibimb.com\/en\/wp-json\/wp\/v2\/media\/2194"}],"wp:attachment":[{"href":"https:\/\/habibimb.com\/en\/wp-json\/wp\/v2\/media?parent=2192"}],"wp:term":[{"taxonomy":"product_brand","embeddable":true,"href":"https:\/\/habibimb.com\/en\/wp-json\/wp\/v2\/product_brand?post=2192"},{"taxonomy":"product_cat","embeddable":true,"href":"https:\/\/habibimb.com\/en\/wp-json\/wp\/v2\/product_cat?post=2192"},{"taxonomy":"product_tag","embeddable":true,"href":"https:\/\/habibimb.com\/en\/wp-json\/wp\/v2\/product_tag?post=2192"}],"curies":[{"name":"wp","href":"https:\/\/api.w.org\/{rel}","templated":true}]}}