{"id":2189,"date":"2025-05-03T08:07:43","date_gmt":"2025-05-03T08:07:43","guid":{"rendered":"https:\/\/habibimb.com\/?post_type=product&#038;p=2189"},"modified":"2025-05-15T07:32:16","modified_gmt":"2025-05-15T07:32:16","slug":"apa-de-parfum-angelique-extrait-de-plum-riffs-unisex-100ml","status":"publish","type":"product","link":"https:\/\/habibimb.com\/en\/product\/apa-de-parfum-angelique-extrait-de-plum-riffs-unisex-100ml\/","title":{"rendered":"Angelique Extrait De Plum, Riiffs"},"content":{"rendered":"<h2>Dezv\u0103luirea esen\u021bei elegan\u021bei<\/h2>\n<p>V\u0103 prezent\u0103m Apa de Parfum Angelique Extrait De Plum, un parfum de lux conceput pentru cei care apreciaz\u0103 rafinamentul \u0219i m\u0103iestria \u00een parfumul lor. Acest parfum unisex te invit\u0103 \u00eentr-o lume a \u00eenc\u00e2nt\u0103rii cu amestecul s\u0103u rafinat de note care captiveaz\u0103 sim\u021burile. Perfect\u0103 at\u00e2t pentru b\u0103rba\u021bi, c\u00e2t \u0219i pentru femei, aceast\u0103 sticl\u0103 de 100 ml este un plus esen\u021bial pentru colec\u021bia ta de parfumuri.<\/p>\n<h2>O simfonie de note pentru a-\u021bi atrage sim\u021burile<\/h2>\n<p>\u00cen inima Angelique Extrait De Plum se afl\u0103 o armonie delicat\u0103 de note aromatice atent create pentru a evoca emo\u021bii \u0219i amintiri. Notele de v\u00e2rf prezint\u0103 un amestec atr\u0103g\u0103tor care se deschide cu note de prune proaspete \u0219i citrice vibrante, oferind o introducere revigorant\u0103 care \u00eensufle\u021be\u0219te spiritul. Pe m\u0103sur\u0103 ce parfumul se dezvolt\u0103, inima dezv\u0103luie un buchet floral \u00eempletit cu condimente subtile, cre\u00e2nd o alur\u0103 echilibrat\u0103, care este at\u00e2t \u00een\u0103l\u021b\u0103toare, c\u00e2t \u0219i reconfortant\u0103.<\/p>\n<p>Notele de baz\u0103 ale acestui parfum ofer\u0103 o \u00eembr\u0103\u021bi\u0219are cald\u0103, pe m\u0103sur\u0103 ce lemnul bogat \u0219i subtonurile cremoase persist\u0103 pe piele, l\u0103s\u00e2nd o urm\u0103 de c\u0103ldur\u0103 care \u00eei captiveaz\u0103 pe cei din jurul t\u0103u. Sinteza perfect\u0103 de dulcea\u021b\u0103 \u0219i profunzime face ca acest parfum s\u0103 fie potrivit pentru orice ocazie, fie c\u0103 este vorba de o zi la birou sau de o noapte \u00een ora\u0219.<\/p>\n<h2>Parfumul t\u0103u semn\u0103tur\u0103 te a\u0219teapt\u0103<\/h2>\n<p>Apa de Parfum Angelique Extrait De Plum nu este doar un parfum; este o declara\u021bie de individualitate. Ambalat\u0103 frumos \u00eentr-o sticl\u0103 de 100 ml, aceast\u0103 ap\u0103 de parfum reprezint\u0103 perfect luxul \u0219i rafinamentul. Formula unisex asigur\u0103 c\u0103 toat\u0103 lumea se poate bucura de profilul s\u0103u olfactiv complicat, f\u0103c\u00e2ndu-l un cadou ideal pentru cei dragi sau un r\u0103sf\u0103\u021b pentru tine.<\/p>\n<p>Cu formula sa de lung\u0103 durat\u0103, c\u00e2teva spray-uri te vor \u021bine \u00eenv\u0103luit \u00een aroma sa \u00eenc\u00e2nt\u0103toare pe tot parcursul zilei, asigur\u00e2ndu-te c\u0103 vei face o impresie memorabil\u0103 oriunde te va duce via\u021ba. \u00cembun\u0103t\u0103\u021be\u0219te-\u021bi profilul de parfum cu Angelique Extrait De Plum \u0219i \u00eembr\u0103\u021bi\u0219eaz\u0103 esen\u021ba elegan\u021bei ast\u0103zi.<\/p>","protected":false},"excerpt":{"rendered":"<ul>\n<li class=\"\" data-start=\"189\" data-end=\"246\">\n<p class=\"\" data-start=\"191\" data-end=\"246\"><strong data-start=\"191\" data-end=\"208\">Note de v\u00e2rf:<\/strong> <span class=\"relative -mx-px my-[-0.2rem] rounded px-px py-[0.2rem] transition-colors duration-100 ease-in-out\">fistic, alune, bergamot\u0103<\/span><\/p>\n<\/li>\n<li class=\"\" data-start=\"247\" data-end=\"308\">\n<p class=\"\" data-start=\"249\" data-end=\"308\"><strong data-start=\"249\" data-end=\"268\">Note de mijloc:<\/strong> <span class=\"relative -mx-px my-[-0.2rem] rounded px-px py-[0.2rem] transition-colors duration-100 ease-in-out\">piersic\u0103, crin, par\u0103<\/span><\/p>\n<\/li>\n<li class=\"\" data-start=\"309\" data-end=\"407\">\n<p class=\"\" data-start=\"311\" data-end=\"407\"><strong data-start=\"311\" data-end=\"328\">Note de baz\u0103:<\/strong> <span class=\"relative -mx-px my-[-0.2rem] rounded px-px py-[0.2rem] transition-colors duration-100 ease-in-out\">vata de zah\u0103r<\/span><\/p>\n<\/li>\n<\/ul>","protected":false},"featured_media":2190,"comment_status":"open","ping_status":"closed","template":"","meta":{"om_disable_all_campaigns":false,"_monsterinsights_skip_tracking":false,"_monsterinsights_sitenote_active":false,"_monsterinsights_sitenote_note":"","_monsterinsights_sitenote_category":0},"product_brand":[73],"product_cat":[58,57],"product_tag":[],"class_list":{"0":"post-2189","1":"product","2":"type-product","3":"status-publish","4":"has-post-thumbnail","6":"product_brand-riiffs","7":"product_cat-extracte-si-esente","8":"product_cat-unisex","10":"first","11":"instock","12":"shipping-taxable","13":"purchasable","14":"product-type-simple"},"aioseo_notices":[],"ct_brands":[{"id":73,"name":"Riiffs","slug":"riiffs"}],"_links":{"self":[{"href":"https:\/\/habibimb.com\/en\/wp-json\/wp\/v2\/product\/2189","targetHints":{"allow":["GET"]}}],"collection":[{"href":"https:\/\/habibimb.com\/en\/wp-json\/wp\/v2\/product"}],"about":[{"href":"https:\/\/habibimb.com\/en\/wp-json\/wp\/v2\/types\/product"}],"replies":[{"embeddable":true,"href":"https:\/\/habibimb.com\/en\/wp-json\/wp\/v2\/comments?post=2189"}],"wp:featuredmedia":[{"embeddable":true,"href":"https:\/\/habibimb.com\/en\/wp-json\/wp\/v2\/media\/2190"}],"wp:attachment":[{"href":"https:\/\/habibimb.com\/en\/wp-json\/wp\/v2\/media?parent=2189"}],"wp:term":[{"taxonomy":"product_brand","embeddable":true,"href":"https:\/\/habibimb.com\/en\/wp-json\/wp\/v2\/product_brand?post=2189"},{"taxonomy":"product_cat","embeddable":true,"href":"https:\/\/habibimb.com\/en\/wp-json\/wp\/v2\/product_cat?post=2189"},{"taxonomy":"product_tag","embeddable":true,"href":"https:\/\/habibimb.com\/en\/wp-json\/wp\/v2\/product_tag?post=2189"}],"curies":[{"name":"wp","href":"https:\/\/api.w.org\/{rel}","templated":true}]}}