{"id":2186,"date":"2025-05-03T08:04:53","date_gmt":"2025-05-03T08:04:53","guid":{"rendered":"https:\/\/habibimb.com\/?post_type=product&#038;p=2186"},"modified":"2025-12-29T13:09:01","modified_gmt":"2025-12-29T13:09:01","slug":"apa-de-parfum-opulent-oud-lattafa-unisex-100ml","status":"publish","type":"product","link":"https:\/\/habibimb.com\/en\/product\/apa-de-parfum-opulent-oud-lattafa-unisex-100ml\/","title":{"rendered":"Opulent Oud, Lattafa"},"content":{"rendered":"<h2>Dezv\u0103lui\u021bi luxul oud-ului opulent<\/h2>\n<p>V\u0103 prezent\u0103m Apa de Parfum Opulent Oud de la Lattafa, un parfum fascinant care \u00eencapsuleaz\u0103 o experien\u021b\u0103 de lux. Conceput at\u00e2t pentru b\u0103rba\u021bi, c\u00e2t \u0219i pentru femei, acest parfum unisex este o \u00eentruchipare perfect\u0103 a rafinamentului \u0219i elegan\u021bei. Cu aroma sa \u00eenc\u00e2nt\u0103toare, Opulent Oud devine un plus esen\u021bial pentru colec\u021bia ta de parfumuri, f\u0103c\u00e2nd fiecare ocazie special\u0103.<\/p>\n<h2>Profil aromatic care captiveaz\u0103<\/h2>\n<p>\u00cen inima Opulent Oud se afl\u0103 un amestec bogat de note profunde \u0219i aromate care creeaz\u0103 o c\u0103l\u0103torie olfactiv\u0103 de neuitat. Parfumul se deschide cu o not\u0103 de v\u00e2rf captivant\u0103 care stabile\u0219te un ton \u00eendr\u0103zne\u021b, dar primitor, duc\u00e2nd la o inim\u0103 armonioas\u0103 care echilibreaz\u0103 frumos c\u0103ldura \u0219i bog\u0103\u021bia. Pe m\u0103sur\u0103 ce evolueaz\u0103, esen\u021ba oudului apare, \u00eenv\u0103luindu-te \u00een \u00eembr\u0103\u021bi\u0219area sa luxoas\u0103. Aceast\u0103 compozi\u021bie rafinat\u0103 nu numai c\u0103 eviden\u021biaz\u0103 nota rafinat\u0103 de oud, dar \u00eencorporeaz\u0103 \u0219i un amestec de alte elemente delicate, f\u0103c\u00e2ndu-l o alegere ideal\u0103 pentru orice iubitor de parfumuri.<\/p>\n<h2>Elegan\u021b\u0103 versatil\u0103 pentru orice ocazie<\/h2>\n<p>Apa de Parfum Opulent Oud nu este doar un parfum; este o declara\u021bie. Fie c\u0103 v\u0103 \u00eembr\u0103ca\u021bi pentru o sear\u0103 formal\u0103 sau c\u0103uta\u021bi un parfum de semn\u0103tur\u0103 pentru purtarea de zi cu zi, acest parfum se adapteaz\u0103 f\u0103r\u0103 efort la orice ocazie. Formula sa de lung\u0103 durat\u0103 v\u0103 asigur\u0103 c\u0103 ve\u021bi sim\u021bi \u00eencredere aromatic\u0103 pe tot parcursul zilei, \u00een timp ce sticla elegant\u0103 de 100 ml serve\u0219te ca un plus uimitor pentru toaleta dvs. Experimenteaz\u0103 farmecul Opulent Oud \u0219i las\u0103-\u021bi prezen\u021ba s\u0103 fie sim\u021bit\u0103, oriunde te-ar duce via\u021ba.<\/p>","protected":false},"excerpt":{"rendered":"<p><strong>Note de v\u00e2rf<\/strong>: \u0219ofran, note florale, citrice<br \/>\n<strong>Note de mijloc<\/strong>: iasomie, ambr\u0103, caramel<br \/>\n<strong>Note de baz\u0103<\/strong>: oud, r\u0103\u0219ini, note lemnoase, patchouli, vanilie.<\/p>","protected":false},"featured_media":2188,"comment_status":"open","ping_status":"closed","template":"","meta":{"om_disable_all_campaigns":false,"_monsterinsights_skip_tracking":false,"_monsterinsights_sitenote_active":false,"_monsterinsights_sitenote_note":"","_monsterinsights_sitenote_category":0},"product_brand":[63],"product_cat":[57],"product_tag":[],"class_list":{"0":"post-2186","1":"product","2":"type-product","3":"status-publish","4":"has-post-thumbnail","6":"product_brand-lattafa","7":"product_cat-unisex","9":"first","10":"instock","11":"shipping-taxable","12":"purchasable","13":"product-type-simple"},"aioseo_notices":[],"ct_brands":[{"id":63,"name":"Lattafa","slug":"lattafa"}],"_links":{"self":[{"href":"https:\/\/habibimb.com\/en\/wp-json\/wp\/v2\/product\/2186","targetHints":{"allow":["GET"]}}],"collection":[{"href":"https:\/\/habibimb.com\/en\/wp-json\/wp\/v2\/product"}],"about":[{"href":"https:\/\/habibimb.com\/en\/wp-json\/wp\/v2\/types\/product"}],"replies":[{"embeddable":true,"href":"https:\/\/habibimb.com\/en\/wp-json\/wp\/v2\/comments?post=2186"}],"wp:featuredmedia":[{"embeddable":true,"href":"https:\/\/habibimb.com\/en\/wp-json\/wp\/v2\/media\/2188"}],"wp:attachment":[{"href":"https:\/\/habibimb.com\/en\/wp-json\/wp\/v2\/media?parent=2186"}],"wp:term":[{"taxonomy":"product_brand","embeddable":true,"href":"https:\/\/habibimb.com\/en\/wp-json\/wp\/v2\/product_brand?post=2186"},{"taxonomy":"product_cat","embeddable":true,"href":"https:\/\/habibimb.com\/en\/wp-json\/wp\/v2\/product_cat?post=2186"},{"taxonomy":"product_tag","embeddable":true,"href":"https:\/\/habibimb.com\/en\/wp-json\/wp\/v2\/product_tag?post=2186"}],"curies":[{"name":"wp","href":"https:\/\/api.w.org\/{rel}","templated":true}]}}