{"id":2180,"date":"2025-05-03T08:01:06","date_gmt":"2025-05-03T08:01:06","guid":{"rendered":"https:\/\/habibimb.com\/?post_type=product&#038;p=2180"},"modified":"2026-01-08T08:17:40","modified_gmt":"2026-01-08T08:17:40","slug":"apa-de-parfum-khamrah-lattafa-unisex-100ml","status":"publish","type":"product","link":"https:\/\/habibimb.com\/en\/product\/apa-de-parfum-khamrah-lattafa-unisex-100ml\/","title":{"rendered":"Khamrah, Lattafa"},"content":{"rendered":"<h2>Dezl\u0103n\u021buie-\u021bi sim\u021burile cu Khamrah<\/h2>\n<p>V\u0103 prezent\u0103m rafinatul Apa de Parfum Khamrah de la Lattafa \u2013 un parfum unisex uimitor care captiveaz\u0103 prin aroma sa bogat\u0103 \u0219i esen\u021ba luxoas\u0103. Conceput\u0103 pentru cei care apreciaz\u0103 lucrurile fine din via\u021b\u0103, aceast\u0103 sticl\u0103 de 100 ml de Khamrah este mai mult dec\u00e2t un simplu parfum; este o declara\u021bie de rafinament \u0219i elegan\u021b\u0103. Cu echilibrul s\u0103u perfect de note, v\u0103 invit\u0103 s\u0103 explora\u021bi o experien\u021b\u0103 de parfum care este at\u00e2t atr\u0103g\u0103toare, c\u00e2t \u0219i memorabil\u0103.<\/p>\n<h2>Un amestec armonios de note parfumate<\/h2>\n<p>Khamrah se desf\u0103\u0219oar\u0103 frumos cu o explozie ini\u021bial\u0103 de note de v\u00e2rf fructate care \u00ee\u021bi trezesc sim\u021burile. Pe m\u0103sur\u0103 ce parfumul se dezvolt\u0103, dezv\u0103luie o inim\u0103 compus\u0103 din condimente calde \u0219i note florale, cre\u00e2nd un buchet \u00eenc\u00e2nt\u0103tor care persist\u0103 gra\u021bios. \u00cen cele din urm\u0103, notele de baz\u0103 se stabilesc \u00eentr-o baz\u0103 profund\u0103 \u0219i senzual\u0103, oferind o impresie de durat\u0103, care este at\u00e2t reconfortant\u0103, c\u00e2t \u0219i seduc\u0103toare. Acest amestec armonios face ca Khamrah s\u0103 fie potrivit pentru orice ocazie, fie c\u0103 este vorba de un eveniment formal sau de o ie\u0219ire casual cu prietenii.<\/p>\n<h2>Perfect pentru toate ocaziile<\/h2>\n<p>Una dintre caracteristicile remarcabile ale Apa de Parfum Khamrah este versatilitatea sa. Acest parfum unisex este adaptat tuturor, f\u0103c\u00e2ndu-l completarea perfect\u0103 pentru orice colec\u021bie de parfumuri. Fie c\u0103 \u00ee\u021bi exprimi dragostea, creezi o impresie memorabil\u0103 sau pur \u0219i simplu te r\u0103sfa\u021b\u0103 cu ceva special, Khamrah ofer\u0103 o aur\u0103 captivant\u0103 care \u00ee\u021bi spore\u0219te prezen\u021ba. Longevitatea sa v\u0103 asigur\u0103 c\u0103 r\u0103m\u00e2ne\u021bi fermec\u0103tor pe tot parcursul zilei, elimin\u00e2nd nevoia de reaplic\u0103ri frecvente.<\/p>\n<p>\u00centr-o lume din ce \u00een ce mai aglomerat\u0103, este esen\u021bial s\u0103 g\u0103se\u0219ti un parfum care s\u0103 se alinieze cu personalitatea ta. Khamrah nu este doar despre arome pl\u0103cute; este vorba despre cultivarea unei experien\u021be personale care las\u0103 un impact de durat\u0103. D\u0103ruie\u0219te-l unei persoane dragi sau r\u0103sf\u0103\u021b\u0103-te cu luxul pentru tine \u0219i experimenteaz\u0103 c\u0103l\u0103toria magic\u0103 pe care o promite acest parfum.<\/p>\n<p>\u00cen concluzie, Apa de Parfum Khamrah by Lattafa este o dovad\u0103 a calit\u0103\u021bii \u0219i creativit\u0103\u021bii \u00een designul parfumurilor. \u00centruchipeaz\u0103 elegan\u021ba \u0219i versatilitatea, f\u0103c\u00e2ndu-l o alegere indispensabil\u0103 at\u00e2t pentru pasiona\u021bii de parfumuri, c\u00e2t \u0219i pentru cei noi \u00een lumea parfumurilor. Nu rata\u021bi aceast\u0103 oportunitate de a v\u0103 ridica jocul de parfum cu Khamrah, \u00eembr\u0103\u021bi\u0219\u00e2nd fiecare moment cu \u00eencredere \u0219i farmec.<\/p>","protected":false},"excerpt":{"rendered":"<p><strong>Inspirat din Angel&#8217;s Share by\u00a0Kilian<\/strong><\/p>\n<p><strong>Note de Varf:<\/strong>\u00a0Cognac.<\/p>\n<p><strong>Note de Mijloc:\u00a0<\/strong>Boabe Tonka, Scortisoara, Stejar.<\/p>\n<p><strong>Note de Baza:<\/strong>\u00a0Vanilie, Praline, Lemn de Santal.<\/p>","protected":false},"featured_media":2182,"comment_status":"open","ping_status":"closed","template":"","meta":{"om_disable_all_campaigns":false,"_monsterinsights_skip_tracking":false,"_monsterinsights_sitenote_active":false,"_monsterinsights_sitenote_note":"","_monsterinsights_sitenote_category":0},"product_brand":[63],"product_cat":[57],"product_tag":[],"class_list":{"0":"post-2180","1":"product","2":"type-product","3":"status-publish","4":"has-post-thumbnail","6":"product_brand-lattafa","7":"product_cat-unisex","9":"first","10":"instock","11":"shipping-taxable","12":"purchasable","13":"product-type-simple"},"aioseo_notices":[],"ct_brands":[{"id":63,"name":"Lattafa","slug":"lattafa"}],"_links":{"self":[{"href":"https:\/\/habibimb.com\/en\/wp-json\/wp\/v2\/product\/2180","targetHints":{"allow":["GET"]}}],"collection":[{"href":"https:\/\/habibimb.com\/en\/wp-json\/wp\/v2\/product"}],"about":[{"href":"https:\/\/habibimb.com\/en\/wp-json\/wp\/v2\/types\/product"}],"replies":[{"embeddable":true,"href":"https:\/\/habibimb.com\/en\/wp-json\/wp\/v2\/comments?post=2180"}],"wp:featuredmedia":[{"embeddable":true,"href":"https:\/\/habibimb.com\/en\/wp-json\/wp\/v2\/media\/2182"}],"wp:attachment":[{"href":"https:\/\/habibimb.com\/en\/wp-json\/wp\/v2\/media?parent=2180"}],"wp:term":[{"taxonomy":"product_brand","embeddable":true,"href":"https:\/\/habibimb.com\/en\/wp-json\/wp\/v2\/product_brand?post=2180"},{"taxonomy":"product_cat","embeddable":true,"href":"https:\/\/habibimb.com\/en\/wp-json\/wp\/v2\/product_cat?post=2180"},{"taxonomy":"product_tag","embeddable":true,"href":"https:\/\/habibimb.com\/en\/wp-json\/wp\/v2\/product_tag?post=2180"}],"curies":[{"name":"wp","href":"https:\/\/api.w.org\/{rel}","templated":true}]}}