{"id":2176,"date":"2025-05-03T07:58:49","date_gmt":"2025-05-03T07:58:49","guid":{"rendered":"https:\/\/habibimb.com\/?post_type=product&#038;p=2176"},"modified":"2025-05-15T07:32:16","modified_gmt":"2025-05-15T07:32:16","slug":"apa-de-parfum-ana-abiyedh-rouge-lattafa-femei-60ml","status":"publish","type":"product","link":"https:\/\/habibimb.com\/en\/product\/apa-de-parfum-ana-abiyedh-rouge-lattafa-femei-60ml\/","title":{"rendered":"Ana Abiyedh Rouge, Lattafa"},"content":{"rendered":"<h2>Dezl\u0103n\u021buie-\u021bi esen\u021ba cu Ana Abiyedh Rouge<\/h2>\n<p>Descoperi\u021bi farmecul \u00eenc\u00e2nt\u0103tor al Apa de Parfum Ana Abiyedh Rouge de la Lattafa. Creat pentru femeia modern\u0103, acest parfum rafinat celebreaz\u0103 esen\u021ba feminit\u0103\u021bii \u0219i elegan\u021bei. Cu amestecul s\u0103u unic de note florale \u0219i calde, captiveaz\u0103 sim\u021burile, f\u0103c\u00e2ndu-l o alegere ideal\u0103 pentru purtarea de zi p\u00e2n\u0103 la noapte. Las\u0103 acest parfum fascinant s\u0103 devin\u0103 semn\u0103tura ta, l\u0103s\u00e2nd o impresie de durat\u0103 oriunde te-ai duce.<\/p>\n<h2>Note de parfum care inspir\u0103<\/h2>\n<p>Ana Abiyedh Rouge prezint\u0103 o compozi\u021bie armonioas\u0103 care se desf\u0103\u0219oar\u0103 frumos \u00een timp. Notele de v\u00e2rf ademenesc cu o explozie proasp\u0103t\u0103 de nuan\u021be citrice \u0219i florale, cre\u00e2nd o introducere plin\u0103 de via\u021b\u0103. Pe m\u0103sur\u0103 ce parfumul se dezvolt\u0103, inima dezv\u0103luie petale florale delicate \u00eempletite cu condimente bogate \u0219i calde. \u00cen cele din urm\u0103, notele de baz\u0103 \u00eemp\u0103m\u00e2nteaz\u0103 parfumul cu nuan\u021be p\u0103m\u00e2ntii \u0219i o not\u0103 de dulcea\u021b\u0103, asigur\u00e2ndu-v\u0103 c\u0103 sunte\u021bi \u00eenv\u0103luit \u00eentr-o aur\u0103 irezistibil\u0103 care dureaz\u0103 toat\u0103 ziua.<\/p>\n<h2>Completarea perfect\u0103 a colec\u021biei tale<\/h2>\n<p>Aceast\u0103 sticl\u0103 de 60 ml nu numai c\u0103 prezint\u0103 parfumul luxos din interior, dar serve\u0219te \u0219i ca o pies\u0103 elegant\u0103 pentru a v\u0103 \u00eempodobi toalet\u0103. Ambalajul frumos reflect\u0103 esen\u021ba parfumului &#8211; sofisticat, dar accesibil. Ana Abiyedh Rouge este perfect\u0103 pentru femeile care \u00ee\u0219i \u00eembr\u0103\u021bi\u0219eaz\u0103 individualitatea \u0219i caut\u0103 s\u0103 se exprime distinct prin parfum. Fie c\u0103 v\u0103 r\u0103sf\u0103\u021ba\u021bi sau c\u0103uta\u021bi cadoul perfect, acest parfum va \u00eenc\u00e2nta cu siguran\u021b\u0103 orice iubitor de parfumuri.<\/p>\n<p>Experimenta\u021bi farmecul unic al Apa de Parfum Ana Abiyedh Rouge de la Lattafa, unde elegan\u021ba atemporal\u0103 se \u00eent\u00e2lne\u0219te cu flerul modern. \u00cembun\u0103t\u0103\u021be\u0219te-\u021bi colec\u021bia de parfumuri \u0219i las\u0103-\u021bi parfumul s\u0103-\u021bi spun\u0103 povestea.<\/p>","protected":false},"excerpt":{"rendered":"<p>Note de v\u00e2rf: bergamot\u0103, par\u0103, fructe de kumquat<br \/>\nNote de mijloc: coriandru, cardamom, geranium<br \/>\nNote de baz\u0103: note de piele, vetiver, ambr\u0103 cenu\u0219ie<\/p>","protected":false},"featured_media":2179,"comment_status":"open","ping_status":"closed","template":"","meta":{"om_disable_all_campaigns":false,"_monsterinsights_skip_tracking":false,"_monsterinsights_sitenote_active":false,"_monsterinsights_sitenote_note":"","_monsterinsights_sitenote_category":0},"product_brand":[63],"product_cat":[56],"product_tag":[],"class_list":{"0":"post-2176","1":"product","2":"type-product","3":"status-publish","4":"has-post-thumbnail","6":"product_brand-lattafa","7":"product_cat-pentru-ea","9":"first","10":"instock","11":"shipping-taxable","12":"purchasable","13":"product-type-simple"},"aioseo_notices":[],"ct_brands":[{"id":63,"name":"Lattafa","slug":"lattafa"}],"_links":{"self":[{"href":"https:\/\/habibimb.com\/en\/wp-json\/wp\/v2\/product\/2176","targetHints":{"allow":["GET"]}}],"collection":[{"href":"https:\/\/habibimb.com\/en\/wp-json\/wp\/v2\/product"}],"about":[{"href":"https:\/\/habibimb.com\/en\/wp-json\/wp\/v2\/types\/product"}],"replies":[{"embeddable":true,"href":"https:\/\/habibimb.com\/en\/wp-json\/wp\/v2\/comments?post=2176"}],"wp:featuredmedia":[{"embeddable":true,"href":"https:\/\/habibimb.com\/en\/wp-json\/wp\/v2\/media\/2179"}],"wp:attachment":[{"href":"https:\/\/habibimb.com\/en\/wp-json\/wp\/v2\/media?parent=2176"}],"wp:term":[{"taxonomy":"product_brand","embeddable":true,"href":"https:\/\/habibimb.com\/en\/wp-json\/wp\/v2\/product_brand?post=2176"},{"taxonomy":"product_cat","embeddable":true,"href":"https:\/\/habibimb.com\/en\/wp-json\/wp\/v2\/product_cat?post=2176"},{"taxonomy":"product_tag","embeddable":true,"href":"https:\/\/habibimb.com\/en\/wp-json\/wp\/v2\/product_tag?post=2176"}],"curies":[{"name":"wp","href":"https:\/\/api.w.org\/{rel}","templated":true}]}}