{"id":2173,"date":"2025-05-03T07:56:25","date_gmt":"2025-05-03T07:56:25","guid":{"rendered":"https:\/\/habibimb.com\/?post_type=product&#038;p=2173"},"modified":"2025-05-15T07:32:16","modified_gmt":"2025-05-15T07:32:16","slug":"apa-de-parfum-badee-al-oud-lattafa-barbati-100ml","status":"publish","type":"product","link":"https:\/\/habibimb.com\/en\/product\/apa-de-parfum-badee-al-oud-lattafa-barbati-100ml\/","title":{"rendered":"Bade`e Al Oud, Lattafa"},"content":{"rendered":"<h2>Dezl\u0103n\u021buie-\u021bi sim\u021burile cu Bade&#8217;e Al Oud<\/h2>\n<p>Descoperi\u021bi profunzimea luxului cu Apa de Parfum Bade&#8217;e Al Oud de la Lattafa. Acest parfum rafinat este conceput pentru b\u0103rbatul modern care caut\u0103 s\u0103 ias\u0103 \u00een eviden\u021b\u0103 cu o arom\u0103 captivant\u0103 \u0219i sofisticat\u0103. Fabricat cu cel mai bun Oud, cunoscut pentru parfumul s\u0103u bogat \u0219i complex, fiecare spray te \u00eenv\u0103luie \u00eentr-o aur\u0103 \u00eenc\u00e2nt\u0103toare care persist\u0103 pe tot parcursul zilei.<\/p>\n<h2>Note care spun o poveste<\/h2>\n<p>Fiecare sticl\u0103 de Bade&#8217;e Al Oud este o nara\u021biune de note aromatice care se armonizeaz\u0103 perfect. \u00cencep\u00e2nd cu o explozie proasp\u0103t\u0103 de citrice, parfumul se desf\u0103\u0219oar\u0103 rapid \u00eentr-o inim\u0103 de acorduri florale \u0219i lemnoase. Notele de baz\u0103 dezv\u0103luie profunzimea bogat\u0103 \u0219i persistent\u0103 a Oud-ului combinat\u0103 cu note de mosc \u0219i chihlimbar, f\u0103c\u00e2ndu-l o alegere ideal\u0103 pentru \u00eent\u00e2lniri de sear\u0103 sau ocazii speciale. Experimenteaz\u0103 echilibrul perfect \u00eentre for\u021b\u0103 \u0219i elegan\u021b\u0103, cre\u00e2nd un parfum unic care va l\u0103sa cu siguran\u021b\u0103 o impresie de durat\u0103.<\/p>\n<h2>De ce s\u0103 alegi Bade&#8217;e Al Oud?<\/h2>\n<p>Cu o sticl\u0103 generoas\u0103 de 100 ml, Apa de Parfum Bade&#8217;e Al Oud nu este doar un parfum; este o investi\u021bie \u00een stilul t\u0103u personal. Formula sa de lung\u0103 durat\u0103 v\u0103 asigur\u0103 c\u0103 v\u0103 sim\u021bi\u021bi \u00eencrez\u0103tori \u0219i revigora\u021bi pe tot parcursul zilei. Sticla elegant\u0103 este, de asemenea, un plus atr\u0103g\u0103tor pentru colec\u021bia ta de parfumuri, reflect\u00e2nd bog\u0103\u021bia con\u021binutului s\u0103u. Fie c\u0103 v\u0103 r\u0103sf\u0103\u021ba\u021bi sau c\u0103uta\u021bi cadoul perfect pentru cineva special, acest parfum Oud este o alegere care rezoneaz\u0103 at\u00e2t cu tradi\u021bia, c\u00e2t \u0219i cu modernitatea. \u00cembun\u0103t\u0103\u021be\u0219te-\u021bi experien\u021ba de zi cu zi cu un parfum care define\u0219te rafinamentul.<\/p>","protected":false},"excerpt":{"rendered":"<p><strong>Esen\u021be de V\u00e2rf:<\/strong>\u00a0note lemnoase, Paciuli<\/p>\n<p><strong>Esen\u021be de Mijloc:<\/strong>\u00a0Chilimbar, Caramel<\/p>\n<p><strong>Esen\u021be de Baz\u0103:<\/strong>\u00a0note de fum, lemn de Agar (Oud), Vanilie<\/p>","protected":false},"featured_media":2174,"comment_status":"open","ping_status":"closed","template":"","meta":{"om_disable_all_campaigns":false,"_monsterinsights_skip_tracking":false,"_monsterinsights_sitenote_active":false,"_monsterinsights_sitenote_note":"","_monsterinsights_sitenote_category":0},"product_brand":[63],"product_cat":[55],"product_tag":[],"class_list":{"0":"post-2173","1":"product","2":"type-product","3":"status-publish","4":"has-post-thumbnail","6":"product_brand-lattafa","7":"product_cat-pentru-el","9":"first","10":"instock","11":"shipping-taxable","12":"purchasable","13":"product-type-simple"},"aioseo_notices":[],"ct_brands":[{"id":63,"name":"Lattafa","slug":"lattafa"}],"_links":{"self":[{"href":"https:\/\/habibimb.com\/en\/wp-json\/wp\/v2\/product\/2173","targetHints":{"allow":["GET"]}}],"collection":[{"href":"https:\/\/habibimb.com\/en\/wp-json\/wp\/v2\/product"}],"about":[{"href":"https:\/\/habibimb.com\/en\/wp-json\/wp\/v2\/types\/product"}],"replies":[{"embeddable":true,"href":"https:\/\/habibimb.com\/en\/wp-json\/wp\/v2\/comments?post=2173"}],"wp:featuredmedia":[{"embeddable":true,"href":"https:\/\/habibimb.com\/en\/wp-json\/wp\/v2\/media\/2174"}],"wp:attachment":[{"href":"https:\/\/habibimb.com\/en\/wp-json\/wp\/v2\/media?parent=2173"}],"wp:term":[{"taxonomy":"product_brand","embeddable":true,"href":"https:\/\/habibimb.com\/en\/wp-json\/wp\/v2\/product_brand?post=2173"},{"taxonomy":"product_cat","embeddable":true,"href":"https:\/\/habibimb.com\/en\/wp-json\/wp\/v2\/product_cat?post=2173"},{"taxonomy":"product_tag","embeddable":true,"href":"https:\/\/habibimb.com\/en\/wp-json\/wp\/v2\/product_tag?post=2173"}],"curies":[{"name":"wp","href":"https:\/\/api.w.org\/{rel}","templated":true}]}}