{"id":2170,"date":"2025-05-03T07:53:37","date_gmt":"2025-05-03T07:53:37","guid":{"rendered":"https:\/\/habibimb.com\/?post_type=product&#038;p=2170"},"modified":"2026-03-13T08:19:59","modified_gmt":"2026-03-13T08:19:59","slug":"apa-de-parfum-her-confession-lattafa-femei-100ml","status":"publish","type":"product","link":"https:\/\/habibimb.com\/en\/product\/apa-de-parfum-her-confession-lattafa-femei-100ml\/","title":{"rendered":"Her Confession, Lattafa"},"content":{"rendered":"<h2>Dezv\u0103luie-\u021bi adev\u0103rata esen\u021b\u0103<\/h2>\n<p>Descoper\u0103 alura captivant\u0103 a Apa de Parfum Her Confession de Lattafa. Conceput special pentru femei, acest parfum rafinat \u00eencapsuleaz\u0103 esen\u021ba elegan\u021bei, puterii \u0219i feminit\u0103\u021bii \u00een fiecare pic\u0103tur\u0103. Cu un volum de 100 ml, este \u00eenso\u021bitorul perfect pentru purtarea zilnic\u0103 sau ocazii speciale, f\u0103c\u00e2nd o declara\u021bie oriunde ai merge.<\/p>\n<h2>Profilul parfumului<\/h2>\n<p>Her Confession se deschide cu o explozie \u00eenc\u00e2nt\u0103toare de note fructate proaspete care trezesc sim\u021burile, tranzi\u021bion\u00e2nd gra\u021bios \u00eentr-o inim\u0103 care \u00eenflore\u0219te cu bog\u0103\u021bie floral\u0103. Notele de baz\u0103 amestecate cu m\u0103iestrie ofer\u0103 o arom\u0103 cald\u0103 \u0219i persistent\u0103 care \u00eei \u00eenc\u00e2nt\u0103 pe cei din jur. Fiecare spritz dezv\u0103luie un nou strat al acestui parfum sofisticat, asigur\u00e2ndu-se c\u0103 acesta evolueaz\u0103 pe parcursul zilei, p\u0103str\u00e2ndu-\u0219i farmecul.<\/p>\n<h2>Perfect pentru orice ocazie<\/h2>\n<p>Acest parfum versatil este perfect pentru orice ocazie, fie c\u0103 este vorba de o zi casual, o cin\u0103 romantic\u0103 sau un eveniment formal. Apa de Parfum Her Confession \u00eentruchipeaz\u0103 spiritul femeilor moderne, echilibr\u00e2nd f\u0103r\u0103 efort for\u021ba \u0219i moliciunea. \u00cembun\u0103t\u0103\u021be\u0219te-\u021bi colec\u021bia de parfumuri cu acest parfum de semn\u0103tur\u0103 care va l\u0103sa o impresie memorabil\u0103.<\/p>\n<p>Experimenta\u021bi lumea \u00eenc\u00e2nt\u0103toare a Apa de Parfum Her Confession de la Lattafa \u0219i s\u0103rb\u0103tori\u021bi femeia unic\u0103 care sunte\u021bi. Las\u0103 acest parfum s\u0103 fie atingerea final\u0103 a ansamblului t\u0103u zilnic, oferindu-\u021bi \u00eencredere \u0219i gra\u021bie. P\u0103\u0219e\u0219te \u00eentr-un t\u0103r\u00e2m al minunilor parfumate de lux \u0219i f\u0103-i m\u0103rturisirea ta.<\/p>","protected":false},"excerpt":{"rendered":"<p>Inspirat din \u00a0Blanche Bete by Liquides Imaginaires<\/p>\n<p><strong>Note de varf:\u00a0<\/strong>Accord, Scortisoara si Mystikal<br \/>\n<strong>Note de mijloc:<\/strong>\u00a0iasomie, tuberoza, tamaie si Mahonial<br \/>\n<strong>Note de baza:\u00a0<\/strong>boabe de tonka, mosc si vanilie<\/p>","protected":false},"featured_media":2172,"comment_status":"open","ping_status":"closed","template":"","meta":{"om_disable_all_campaigns":false,"_monsterinsights_skip_tracking":false,"_monsterinsights_sitenote_active":false,"_monsterinsights_sitenote_note":"","_monsterinsights_sitenote_category":0},"product_brand":[63],"product_cat":[56],"product_tag":[],"class_list":{"0":"post-2170","1":"product","2":"type-product","3":"status-publish","4":"has-post-thumbnail","6":"product_brand-lattafa","7":"product_cat-pentru-ea","9":"first","10":"outofstock","11":"shipping-taxable","12":"purchasable","13":"product-type-simple"},"aioseo_notices":[],"ct_brands":[{"id":63,"name":"Lattafa","slug":"lattafa"}],"_links":{"self":[{"href":"https:\/\/habibimb.com\/en\/wp-json\/wp\/v2\/product\/2170","targetHints":{"allow":["GET"]}}],"collection":[{"href":"https:\/\/habibimb.com\/en\/wp-json\/wp\/v2\/product"}],"about":[{"href":"https:\/\/habibimb.com\/en\/wp-json\/wp\/v2\/types\/product"}],"replies":[{"embeddable":true,"href":"https:\/\/habibimb.com\/en\/wp-json\/wp\/v2\/comments?post=2170"}],"wp:featuredmedia":[{"embeddable":true,"href":"https:\/\/habibimb.com\/en\/wp-json\/wp\/v2\/media\/2172"}],"wp:attachment":[{"href":"https:\/\/habibimb.com\/en\/wp-json\/wp\/v2\/media?parent=2170"}],"wp:term":[{"taxonomy":"product_brand","embeddable":true,"href":"https:\/\/habibimb.com\/en\/wp-json\/wp\/v2\/product_brand?post=2170"},{"taxonomy":"product_cat","embeddable":true,"href":"https:\/\/habibimb.com\/en\/wp-json\/wp\/v2\/product_cat?post=2170"},{"taxonomy":"product_tag","embeddable":true,"href":"https:\/\/habibimb.com\/en\/wp-json\/wp\/v2\/product_tag?post=2170"}],"curies":[{"name":"wp","href":"https:\/\/api.w.org\/{rel}","templated":true}]}}