{"id":2167,"date":"2025-05-03T07:51:14","date_gmt":"2025-05-03T07:51:14","guid":{"rendered":"https:\/\/habibimb.com\/?post_type=product&#038;p=2167"},"modified":"2026-01-05T07:10:03","modified_gmt":"2026-01-05T07:10:03","slug":"apa-de-parfum-the-kingdom-women-lattafa-femei-100ml","status":"publish","type":"product","link":"https:\/\/habibimb.com\/en\/product\/apa-de-parfum-the-kingdom-women-lattafa-femei-100ml\/","title":{"rendered":"The Kingdom Women, Lattafa"},"content":{"rendered":"<h2>Dezl\u0103n\u021buie-\u021bi m\u0103re\u021bia interioar\u0103<\/h2>\n<p>Descoperi\u021bi lumea \u00eenc\u00e2nt\u0103toare a parfumurilor cu <strong>Apa de Parfum The Kingdom Women<\/strong> de la Lattafa. Acest parfum captivant este conceput pentru femeia modern\u0103 care \u00eentruchipeaz\u0103 elegan\u021ba \u0219i puterea. Dispun\u00e2nd de un amestec de ingrediente rafinate, ofer\u0103 un profil de parfum unic care persist\u0103 frumos, cre\u00e2nd o aur\u0103 de rafinament \u00een jurul t\u0103u.<\/p>\n<h2>Un amestec armonios de note<\/h2>\n<p>Kingdom Women este o s\u0103rb\u0103toare a feminit\u0103\u021bii, \u00eencapsulat\u0103 \u00een fiecare pic\u0103tur\u0103. Notele de v\u00e2rf dezv\u0103luie o deschidere proasp\u0103t\u0103 \u0219i fructat\u0103, combin\u00e2nd dulcea\u021ba fructelor suculente cu o not\u0103 de elegan\u021b\u0103 floral\u0103. Pe m\u0103sur\u0103 ce parfumul se dezvolt\u0103, ve\u021bi g\u0103si note de mijloc bogate \u0219i calde care evoc\u0103 un sentiment de lux, culmin\u00e2nd cu o baz\u0103 profund\u0103 \u0219i atr\u0103g\u0103toare care transmite \u00eencredere \u0219i gra\u021bie.<\/p>\n<h2>Perfect pentru orice ocazie<\/h2>\n<p>Fie c\u0103 te \u00eendrep\u021bi spre un brunch casual sau un eveniment elegant de sear\u0103, aceast\u0103 sticl\u0103 de 100 ml de Apa de Parfum este accesoriul perfect. Compozi\u021bia sa echilibrat\u0103 \u00eel face potrivit pentru purtarea de zi cu zi, \u00een timp ce profunzimea parfumului v\u0103 asigur\u0103 c\u0103 ve\u021bi \u00eentoarce capetele la ocazii speciale. R\u0103sf\u0103\u021ba\u021bi-v\u0103 cu esen\u021ba bogat\u0103 \u0219i l\u0103sa\u021bi-o s\u0103 fie parfumul vostru semn\u0103tur\u0103.<\/p>\n<p>R\u0103sf\u0103\u021ba\u021bi-v\u0103 cu magia <strong>Apa de Parfum The Kingdom Women<\/strong>, o reprezentare perfect\u0103 a frumuse\u021bii, puterii \u0219i elegan\u021bei. Cu fiecare spray, nu numai c\u0103 por\u021bi un parfum, dar \u00eembr\u0103\u021bi\u0219ezi un stil de via\u021b\u0103 alimentat de ambi\u021bie \u0219i gra\u021bie. Face\u021bi din acest parfum captivant o parte din colec\u021bia dvs.<\/p>","protected":false},"excerpt":{"rendered":"<p><b>Note de varf:\u00a0<\/b>bujor; coac\u0103z negru; pere<br \/>\n<b>Note de mijloc:\u00a0<\/b>boabe de tonka; iasomie; praline<br \/>\n<b>Note de baza:\u00a0<\/b>ambra; lemn de santal; mosc; vanilie<\/p>","protected":false},"featured_media":2169,"comment_status":"open","ping_status":"closed","template":"","meta":{"om_disable_all_campaigns":false,"_monsterinsights_skip_tracking":false,"_monsterinsights_sitenote_active":false,"_monsterinsights_sitenote_note":"","_monsterinsights_sitenote_category":0},"product_brand":[63],"product_cat":[56],"product_tag":[],"class_list":{"0":"post-2167","1":"product","2":"type-product","3":"status-publish","4":"has-post-thumbnail","6":"product_brand-lattafa","7":"product_cat-pentru-ea","9":"first","10":"outofstock","11":"shipping-taxable","12":"purchasable","13":"product-type-simple"},"aioseo_notices":[],"ct_brands":[{"id":63,"name":"Lattafa","slug":"lattafa"}],"_links":{"self":[{"href":"https:\/\/habibimb.com\/en\/wp-json\/wp\/v2\/product\/2167","targetHints":{"allow":["GET"]}}],"collection":[{"href":"https:\/\/habibimb.com\/en\/wp-json\/wp\/v2\/product"}],"about":[{"href":"https:\/\/habibimb.com\/en\/wp-json\/wp\/v2\/types\/product"}],"replies":[{"embeddable":true,"href":"https:\/\/habibimb.com\/en\/wp-json\/wp\/v2\/comments?post=2167"}],"wp:featuredmedia":[{"embeddable":true,"href":"https:\/\/habibimb.com\/en\/wp-json\/wp\/v2\/media\/2169"}],"wp:attachment":[{"href":"https:\/\/habibimb.com\/en\/wp-json\/wp\/v2\/media?parent=2167"}],"wp:term":[{"taxonomy":"product_brand","embeddable":true,"href":"https:\/\/habibimb.com\/en\/wp-json\/wp\/v2\/product_brand?post=2167"},{"taxonomy":"product_cat","embeddable":true,"href":"https:\/\/habibimb.com\/en\/wp-json\/wp\/v2\/product_cat?post=2167"},{"taxonomy":"product_tag","embeddable":true,"href":"https:\/\/habibimb.com\/en\/wp-json\/wp\/v2\/product_tag?post=2167"}],"curies":[{"name":"wp","href":"https:\/\/api.w.org\/{rel}","templated":true}]}}