{"id":2164,"date":"2025-05-03T07:49:20","date_gmt":"2025-05-03T07:49:20","guid":{"rendered":"https:\/\/habibimb.com\/?post_type=product&#038;p=2164"},"modified":"2025-05-15T07:32:04","modified_gmt":"2025-05-15T07:32:04","slug":"apa-de-parfum-ameer-al-arab-imperium-lattafa-barbati-100ml","status":"publish","type":"product","link":"https:\/\/habibimb.com\/en\/product\/apa-de-parfum-ameer-al-arab-imperium-lattafa-barbati-100ml\/","title":{"rendered":"Ameer Al Arab Imperium, Lattafa"},"content":{"rendered":"<h2>Experimenta\u021bi esen\u021ba luxului<\/h2>\n<p>V\u0103 prezent\u0103m Apa de Parfum Ameer Al Arab Imperium de la Lattafa, un parfum conceput pentru domnul cu discern\u0103m\u00e2nt care apreciaz\u0103 lucrurile fine din via\u021b\u0103. Acest parfum rafinat \u00eencapsuleaz\u0103 spiritul de \u00eencredere \u0219i rafinament, f\u0103c\u00e2ndu-l \u00eenso\u021bitorul perfect pentru orice ocazie, fie c\u0103 este vorba de un eveniment formal sau de o ie\u0219ire casual.<\/p>\n<h2>Profil de parfum de neuitat<\/h2>\n<p>Ameer Al Arab Imperium se deschide cu o explozie de note de v\u00e2rf r\u0103coritoare care trezesc sim\u021burile. Pe m\u0103sur\u0103 ce parfumul se desf\u0103\u0219oar\u0103, dezv\u0103luie o inim\u0103 de acorduri florale \u0219i picante vibrante, invit\u00e2ndu-v\u0103 s\u0103 aprofunda\u021bi caracterul s\u0103u complex. Notele de baz\u0103, un amestec armonios de lemn cald, mosc \u0219i r\u0103\u0219ini, asigur\u0103 un finisaj de durat\u0103 care persist\u0103 \u00een aer, l\u0103s\u00e2nd o impresie de neuitat.<\/p>\n<h2>Conceput pentru gentlemanul modern<\/h2>\n<p>Creat cu grij\u0103, acest parfum de 100 ml este ambalat elegant, f\u0103c\u00e2ndu-l un cadou ideal pentru tine sau pentru o persoan\u0103 drag\u0103. Designul sofisticat al sticlei reflect\u0103 esen\u021ba luxoas\u0103 p\u0103strat\u0103 \u00een interior. Ameer Al Arab Imperium nu este doar un parfum; este o expresie a individualit\u0103\u021bii \u0219i a stilului. \u00cembun\u0103t\u0103\u021be\u0219te-\u021bi rutina zilnic\u0103 cu un parfum care rezoneaz\u0103 cu \u00eencredere, f\u0103c\u00e2nd ca fiecare moment s\u0103 conteze.<\/p>\n<p>\u00cembr\u0103\u021bi\u0219eaz\u0103 farmecul Apa de Parfum Ameer Al Arab Imperium \u0219i \u00eembun\u0103t\u0103\u021be\u0219te-\u021bi colec\u021bia de parfumuri ast\u0103zi. Pun\u00e2nd accentul pe calitate \u0219i unicitate, acest parfum va deveni cu siguran\u021b\u0103 un element de baz\u0103 \u00een colec\u021bia dvs., perfect pentru cei care caut\u0103 s\u0103 ias\u0103 \u00een eviden\u021b\u0103 prin elegan\u021b\u0103.<\/p>","protected":false},"excerpt":{"rendered":"<p><b>Note de varf:\u00a0<\/b>bergamot\u0103; ghimbir; salvie<br \/>\n<b>Note de mijloc:\u00a0<\/b>ca\u0219mir; geranium (Geranium); mere<br \/>\n<b>Note de baza:\u00a0<\/b>chihlimbar; lemn de santal; mosc<\/p>","protected":false},"featured_media":2166,"comment_status":"open","ping_status":"closed","template":"","meta":{"om_disable_all_campaigns":false,"_monsterinsights_skip_tracking":false,"_monsterinsights_sitenote_active":false,"_monsterinsights_sitenote_note":"","_monsterinsights_sitenote_category":0},"product_brand":[63],"product_cat":[55],"product_tag":[],"class_list":{"0":"post-2164","1":"product","2":"type-product","3":"status-publish","4":"has-post-thumbnail","6":"product_brand-lattafa","7":"product_cat-pentru-el","9":"first","10":"instock","11":"shipping-taxable","12":"purchasable","13":"product-type-simple"},"aioseo_notices":[],"ct_brands":[{"id":63,"name":"Lattafa","slug":"lattafa"}],"_links":{"self":[{"href":"https:\/\/habibimb.com\/en\/wp-json\/wp\/v2\/product\/2164","targetHints":{"allow":["GET"]}}],"collection":[{"href":"https:\/\/habibimb.com\/en\/wp-json\/wp\/v2\/product"}],"about":[{"href":"https:\/\/habibimb.com\/en\/wp-json\/wp\/v2\/types\/product"}],"replies":[{"embeddable":true,"href":"https:\/\/habibimb.com\/en\/wp-json\/wp\/v2\/comments?post=2164"}],"wp:featuredmedia":[{"embeddable":true,"href":"https:\/\/habibimb.com\/en\/wp-json\/wp\/v2\/media\/2166"}],"wp:attachment":[{"href":"https:\/\/habibimb.com\/en\/wp-json\/wp\/v2\/media?parent=2164"}],"wp:term":[{"taxonomy":"product_brand","embeddable":true,"href":"https:\/\/habibimb.com\/en\/wp-json\/wp\/v2\/product_brand?post=2164"},{"taxonomy":"product_cat","embeddable":true,"href":"https:\/\/habibimb.com\/en\/wp-json\/wp\/v2\/product_cat?post=2164"},{"taxonomy":"product_tag","embeddable":true,"href":"https:\/\/habibimb.com\/en\/wp-json\/wp\/v2\/product_tag?post=2164"}],"curies":[{"name":"wp","href":"https:\/\/api.w.org\/{rel}","templated":true}]}}