{"id":2160,"date":"2025-05-03T07:46:20","date_gmt":"2025-05-03T07:46:20","guid":{"rendered":"https:\/\/habibimb.com\/?post_type=product&#038;p=2160"},"modified":"2025-05-15T07:32:04","modified_gmt":"2025-05-15T07:32:04","slug":"apa-de-parfum-mayar-natural-intense-lattafa-femei-100ml","status":"publish","type":"product","link":"https:\/\/habibimb.com\/en\/product\/apa-de-parfum-mayar-natural-intense-lattafa-femei-100ml\/","title":{"rendered":"Mayar Natural Intense, Lattafa"},"content":{"rendered":"<h2>Dezl\u0103n\u021buie-\u021bi elegan\u021ba interioar\u0103<\/h2>\n<p>P\u0103\u0219e\u0219te \u00eentr-o lume a aromelor captivante cu Apa de Parfum Mayar Natural Intense de la Lattafa. Conceput pentru femeile care pre\u021buiesc elegan\u021ba \u0219i rafinamentul, acest parfum rafinat v\u0103 invit\u0103 s\u0103 v\u0103 exprima\u021bi individualitatea printr-o c\u0103l\u0103torie aromat\u0103. Cu un amestec de parfum uimitor, promite s\u0103 fie \u00eenso\u021bitorul t\u0103u perfect, l\u0103s\u00e2nd \u00een urm\u0103 o urm\u0103 de neuitat care \u00ee\u021bi reflect\u0103 personalitatea.<\/p>\n<h2>O simfonie de note de parfum<\/h2>\n<p>Apa de Parfum Mayar Natural Intense se deschide cu note de v\u00e2rf r\u0103coritoare care \u00ee\u021bi revigoreaz\u0103 instantaneu sim\u021burile. Pe m\u0103sur\u0103 ce parfumul se desf\u0103\u0219oar\u0103, ve\u021bi experimenta o inim\u0103 plin\u0103 de acorduri florale \u0219i fructate, concepute pentru a evoca sentimente de bucurie \u0219i \u00eencredere. \u00cen cele din urm\u0103, notele de baz\u0103 ofer\u0103 un finisaj cald \u0219i atr\u0103g\u0103tor, asigur\u00e2ndu-se c\u0103 parfumul persist\u0103 pe piele pe tot parcursul zilei. Aceast\u0103 compozi\u021bie atent realizat\u0103 \u00eei va captiva cu siguran\u021b\u0103 pe cei din jurul t\u0103u \u0219i \u00ee\u021bi va \u00eembun\u0103t\u0103\u021bi experien\u021ba de zi cu zi.<\/p>\n<h2>Calitate \u00een care po\u021bi avea \u00eencredere<\/h2>\n<p>Lattafa este cunoscut pentru dedicarea sa fa\u021b\u0103 de calitate \u0219i autenticitate \u00een crearea parfumurilor. Mayar Natural Intense nu face excep\u021bie, deoarece valorific\u0103 cele mai bune ingrediente pentru a oferi o capodoper\u0103 aromat\u0103. Fiecare pulverizare promite durabilitate, asigur\u00e2ndu-v\u0103 c\u0103 v\u0103 bucura\u021bi de acest parfum luxos ore \u00een \u0219ir. Ambalat \u00eentr-o sticl\u0103 frumos proiectat\u0103, acest parfum de 100 ml este un plus uimitor pentru colec\u021bia ta sau un cadou atent pentru cineva special.<\/p>\n<p>\u00cembr\u0103\u021bi\u0219eaz\u0103 esen\u021ba alurii \u0219i rafinamentului cu Apa de Parfum Mayar Natural Intense. Experimenteaz\u0103 \u00eencrederea pe care o aduce \u0219i las\u0103-\u021bi parfumul s\u0103-\u021bi spun\u0103 povestea.<\/p>","protected":false},"excerpt":{"rendered":"<p><strong>Inspirat din Acqua di Gioia Giorgio\u00a0Armani<\/strong><\/p>\n<p>&nbsp;<\/p>\n<p><strong>Note de varf:\u00a0<\/strong>lapte de cocos; mandarina; pepene rosu; smochin<br \/>\n<strong>Note de mijloc:\u00a0<\/strong>crin; floare de lotus; iasomie<br \/>\n<strong>Note de baza:\u00a0<\/strong>ambroxan; lemn de santal; mosc; vanilie<\/p>\n<p class=\"\" data-start=\"477\" data-end=\"576\">","protected":false},"featured_media":2162,"comment_status":"open","ping_status":"closed","template":"","meta":{"om_disable_all_campaigns":false,"_monsterinsights_skip_tracking":false,"_monsterinsights_sitenote_active":false,"_monsterinsights_sitenote_note":"","_monsterinsights_sitenote_category":0},"product_brand":[63],"product_cat":[56],"product_tag":[],"class_list":{"0":"post-2160","1":"product","2":"type-product","3":"status-publish","4":"has-post-thumbnail","6":"product_brand-lattafa","7":"product_cat-pentru-ea","9":"first","10":"instock","11":"shipping-taxable","12":"purchasable","13":"product-type-simple"},"aioseo_notices":[],"ct_brands":[{"id":63,"name":"Lattafa","slug":"lattafa"}],"_links":{"self":[{"href":"https:\/\/habibimb.com\/en\/wp-json\/wp\/v2\/product\/2160","targetHints":{"allow":["GET"]}}],"collection":[{"href":"https:\/\/habibimb.com\/en\/wp-json\/wp\/v2\/product"}],"about":[{"href":"https:\/\/habibimb.com\/en\/wp-json\/wp\/v2\/types\/product"}],"replies":[{"embeddable":true,"href":"https:\/\/habibimb.com\/en\/wp-json\/wp\/v2\/comments?post=2160"}],"wp:featuredmedia":[{"embeddable":true,"href":"https:\/\/habibimb.com\/en\/wp-json\/wp\/v2\/media\/2162"}],"wp:attachment":[{"href":"https:\/\/habibimb.com\/en\/wp-json\/wp\/v2\/media?parent=2160"}],"wp:term":[{"taxonomy":"product_brand","embeddable":true,"href":"https:\/\/habibimb.com\/en\/wp-json\/wp\/v2\/product_brand?post=2160"},{"taxonomy":"product_cat","embeddable":true,"href":"https:\/\/habibimb.com\/en\/wp-json\/wp\/v2\/product_cat?post=2160"},{"taxonomy":"product_tag","embeddable":true,"href":"https:\/\/habibimb.com\/en\/wp-json\/wp\/v2\/product_tag?post=2160"}],"curies":[{"name":"wp","href":"https:\/\/api.w.org\/{rel}","templated":true}]}}