{"id":2157,"date":"2025-05-03T07:43:32","date_gmt":"2025-05-03T07:43:32","guid":{"rendered":"https:\/\/habibimb.com\/?post_type=product&#038;p=2157"},"modified":"2025-05-15T07:32:04","modified_gmt":"2025-05-15T07:32:04","slug":"apa-de-parfum-oud-al-khuloud-shamoos-lattafa-unisex-35ml","status":"publish","type":"product","link":"https:\/\/habibimb.com\/en\/product\/apa-de-parfum-oud-al-khuloud-shamoos-lattafa-unisex-35ml\/","title":{"rendered":"Oud Al Khuloud Shamoos, Lattafa, 35"},"content":{"rendered":"<h2>R\u0103sf\u0103\u021ba\u021bi-v\u0103 cu o c\u0103l\u0103torie senzorial\u0103<\/h2>\n<p>Descoper\u0103 esen\u021ba luxului cu Apa de Parfum Oud Al Khuloud Shamoos de la Lattafa. Acest parfum unisex rafinat, prezentat \u00eentr-o sticl\u0103 convenabil\u0103 de 35 ml, este conceput pentru cei care apreciaz\u0103 lucrurile fine din via\u021b\u0103. Cu amestecul s\u0103u captivant de note calde, lemnoase \u0219i dulcea\u021b\u0103 subtil\u0103, acest parfum \u00ee\u021bi ridic\u0103 prezen\u021ba \u00een orice decor. Las\u0103 fiecare spritz s\u0103 te \u00eenv\u0103luie \u00eentr-o arom\u0103 bogat\u0103 care persist\u0103, l\u0103s\u00e2nd o impresie de neuitat.<\/p>\n<h2>Creat pentru to\u021bi<\/h2>\n<p>Apa de Parfum Oud Al Khuloud este perfect\u0103 pentru toat\u0103 lumea, dep\u0103\u0219ind grani\u021bele de gen cu compozi\u021bia sa echilibrat\u0103. Fie c\u0103 sunte\u021bi \u00een c\u0103utarea unui parfum de semn\u0103tur\u0103 sau a unui cadou semnificativ pentru o persoan\u0103 drag\u0103, acest parfum satisface nevoile individului modern. Bucur\u0103-te de versatilitatea sa, f\u0103c\u00e2ndu-l potrivit pentru purtarea zilnic\u0103 sau pentru ocazii speciale, asigur\u00e2ndu-te c\u0103 te sim\u021bi \u00eencrez\u0103tor oriunde te-ai duce.<\/p>\n<h2>Calitate \u0219i longevitate de neegalat<\/h2>\n<p>Lattafa este celebrat pentru angajamentul s\u0103u fa\u021b\u0103 de calitate. Apa de Parfum Oud Al Khuloud Shamoos asigur\u0103 o purtare de lung\u0103 durat\u0103 cu doar c\u00e2teva spray-uri, permi\u021b\u00e2ndu-v\u0103 s\u0103 v\u0103 \u00eembr\u0103\u021bi\u0219a\u021bi ziua cu rafinament de durat\u0103. Complexitatea bogat\u0103 a oudului amestecat cu alte elemente creeaz\u0103 un profil de parfum care evolueaz\u0103 frumos \u00een timp, oferind o experien\u021b\u0103 unic\u0103 pe m\u0103sur\u0103 ce \u00eel por\u021bi. R\u0103sf\u0103\u021ba\u021bi-v\u0103 cu un parfum care nu numai c\u0103 miroase divin, dar \u00eentruchipeaz\u0103 \u0219i esen\u021ba elegan\u021bei.<\/p>","protected":false},"excerpt":{"rendered":"<p>Note de v\u00e2rf: iris, l\u0103m\u00e2ie, verbena<br \/>\nNote de mijloc: frunze de violete<br \/>\nNote de baz\u0103: lemn de santal, ambergris, lemn cedar, piele<\/p>","protected":false},"featured_media":2159,"comment_status":"open","ping_status":"closed","template":"","meta":{"om_disable_all_campaigns":false,"_monsterinsights_skip_tracking":false,"_monsterinsights_sitenote_active":false,"_monsterinsights_sitenote_note":"","_monsterinsights_sitenote_category":0},"product_brand":[63],"product_cat":[57],"product_tag":[],"class_list":{"0":"post-2157","1":"product","2":"type-product","3":"status-publish","4":"has-post-thumbnail","6":"product_brand-lattafa","7":"product_cat-unisex","9":"first","10":"instock","11":"shipping-taxable","12":"purchasable","13":"product-type-simple"},"aioseo_notices":[],"ct_brands":[{"id":63,"name":"Lattafa","slug":"lattafa"}],"_links":{"self":[{"href":"https:\/\/habibimb.com\/en\/wp-json\/wp\/v2\/product\/2157","targetHints":{"allow":["GET"]}}],"collection":[{"href":"https:\/\/habibimb.com\/en\/wp-json\/wp\/v2\/product"}],"about":[{"href":"https:\/\/habibimb.com\/en\/wp-json\/wp\/v2\/types\/product"}],"replies":[{"embeddable":true,"href":"https:\/\/habibimb.com\/en\/wp-json\/wp\/v2\/comments?post=2157"}],"wp:featuredmedia":[{"embeddable":true,"href":"https:\/\/habibimb.com\/en\/wp-json\/wp\/v2\/media\/2159"}],"wp:attachment":[{"href":"https:\/\/habibimb.com\/en\/wp-json\/wp\/v2\/media?parent=2157"}],"wp:term":[{"taxonomy":"product_brand","embeddable":true,"href":"https:\/\/habibimb.com\/en\/wp-json\/wp\/v2\/product_brand?post=2157"},{"taxonomy":"product_cat","embeddable":true,"href":"https:\/\/habibimb.com\/en\/wp-json\/wp\/v2\/product_cat?post=2157"},{"taxonomy":"product_tag","embeddable":true,"href":"https:\/\/habibimb.com\/en\/wp-json\/wp\/v2\/product_tag?post=2157"}],"curies":[{"name":"wp","href":"https:\/\/api.w.org\/{rel}","templated":true}]}}