{"id":2154,"date":"2025-05-03T07:41:46","date_gmt":"2025-05-03T07:41:46","guid":{"rendered":"https:\/\/habibimb.com\/?post_type=product&#038;p=2154"},"modified":"2025-05-15T07:32:04","modified_gmt":"2025-05-15T07:32:04","slug":"apa-de-parfum-ohood-shamoos-lattafa-barbati-35ml","status":"publish","type":"product","link":"https:\/\/habibimb.com\/en\/product\/apa-de-parfum-ohood-shamoos-lattafa-barbati-35ml\/","title":{"rendered":"Ohood Shamoos, Lattafa, 35"},"content":{"rendered":"<h2>Dezl\u0103n\u021buie-\u021bi farmecul cu Ohood Shamoos<\/h2>\n<p>P\u0103\u0219e\u0219te \u00eentr-o lume a alurii captivante cu <strong>Apa de Parfum Ohood Shamoos<\/strong> de la Lattafa. Creat cu m\u0103iestrie pentru gentlemanul modern, acest parfum combin\u0103 rafinamentul \u0219i elegan\u021ba, f\u0103c\u00e2ndu-l un plus esen\u021bial pentru rutina ta de \u00eengrijire. Flaconul de 35 ml este conceput at\u00e2t pentru purtarea de zi cu zi, c\u00e2t \u0219i pentru ocazii speciale, oferind versatilitate f\u0103r\u0103 a compromite stilul.<\/p>\n<h2>Amestec armonios de note<\/h2>\n<p>Dac\u0103 cau\u021bi un parfum care \u00eentruchipeaz\u0103 \u00eencrederea \u0219i carisma, Ohood Shamoos este r\u0103spunsul t\u0103u. Acest parfum prezint\u0103 o fuziune \u00eenc\u00e2nt\u0103toare de note aromatice care captiveaz\u0103 sim\u021burile. Explozia ini\u021bial\u0103 de citrice proaspete \u00ee\u021bi revigoreaz\u0103 spiritul, trec\u00e2nd f\u0103r\u0103 probleme \u00een note de inim\u0103 de acorduri florale \u0219i picante care creeaz\u0103 o experien\u021b\u0103 olfactiv\u0103 bogat\u0103. Fiecare spritz dezv\u0103luie note de baz\u0103 profunde, l\u0103s\u00e2nd o impresie de durat\u0103 care v\u0103 asigur\u0103 c\u0103 sunte\u021bi amintit mult timp dup\u0103 ce p\u0103r\u0103si\u021bi camera.<\/p>\n<h2>De ce s\u0103 alegi Ohood Shamoos?<\/h2>\n<p><strong>Apa de Parfum Ohood Shamoos<\/strong> este mai mult dec\u00e2t un parfum; este o declara\u021bie. L\u0103sa\u021bi profilul s\u0103u unic de parfum s\u0103 v\u0103 ridice stilul personal, oferind \u00een acela\u0219i timp o longevitate \u0219i un sillage excelente. Dimensiunea compact\u0103 de 35 ml \u00eel face un partener ideal pentru c\u0103l\u0103torii, asigur\u00e2ndu-v\u0103 c\u0103 nu trebuie s\u0103 r\u0103m\u00e2ne\u021bi niciodat\u0103 f\u0103r\u0103 parfumul semn\u0103tur\u0103. Fie c\u0103 te \u00eendrep\u021bi spre o \u00eent\u00e2lnire important\u0103, o cin\u0103 romantic\u0103 sau o ie\u0219ire casual cu prietenii, acest parfum se adapteaz\u0103 f\u0103r\u0103 efort oric\u0103rei ocazii, amplific\u00e2ndu-\u021bi carisma.<\/p>\n<p>Pe m\u0103sur\u0103 ce explora\u021bi notele complicate ale acestui parfum, ve\u021bi descoperi de ce Lattafa \u0219i-a c\u00e2\u0219tigat o reputa\u021bie de excelen\u021b\u0103 \u00een industria parfumurilor. Conceput pentru b\u0103rba\u021bii care apreciaz\u0103 lucrurile mai fine, Ohood Shamoos este o celebrare a masculinit\u0103\u021bii care invit\u0103 complimente \u0219i admira\u021bie.<\/p>\n<p>\u00cembun\u0103t\u0103\u021be\u0219te-\u021bi jocul de parfumuri \u0219i viziteaz\u0103 pagina noastr\u0103 pentru a-\u021bi asigura sticla de <strong>Apa de Parfum Ohood Shamoos, Lattafa, Barbati-35ml<\/strong>. Experimenteaz\u0103 rafinamentul \u0219i farmecul pe care acest parfum le aduce \u00een via\u021ba ta de zi cu zi \u0219i las\u0103-l s\u0103 fie atingerea final\u0103 a stilului t\u0103u personal.<\/p>","protected":false},"excerpt":{"rendered":"<p>Note de v\u00e2rf: iarba de vetiver, cedru, t\u0103m\u00e2ie eucalipt<\/p>\n<p>Note de mijloc: lemn de ca\u0219mir, bergamot\u0103, patchouli, condimente<\/p>\n<p>Note de baz\u0103: ambr\u0103, tabac, oud<\/p>","protected":false},"featured_media":2156,"comment_status":"open","ping_status":"closed","template":"","meta":{"om_disable_all_campaigns":false,"_monsterinsights_skip_tracking":false,"_monsterinsights_sitenote_active":false,"_monsterinsights_sitenote_note":"","_monsterinsights_sitenote_category":0},"product_brand":[63],"product_cat":[55],"product_tag":[],"class_list":{"0":"post-2154","1":"product","2":"type-product","3":"status-publish","4":"has-post-thumbnail","6":"product_brand-lattafa","7":"product_cat-pentru-el","9":"first","10":"instock","11":"shipping-taxable","12":"purchasable","13":"product-type-simple"},"aioseo_notices":[],"ct_brands":[{"id":63,"name":"Lattafa","slug":"lattafa"}],"_links":{"self":[{"href":"https:\/\/habibimb.com\/en\/wp-json\/wp\/v2\/product\/2154","targetHints":{"allow":["GET"]}}],"collection":[{"href":"https:\/\/habibimb.com\/en\/wp-json\/wp\/v2\/product"}],"about":[{"href":"https:\/\/habibimb.com\/en\/wp-json\/wp\/v2\/types\/product"}],"replies":[{"embeddable":true,"href":"https:\/\/habibimb.com\/en\/wp-json\/wp\/v2\/comments?post=2154"}],"wp:featuredmedia":[{"embeddable":true,"href":"https:\/\/habibimb.com\/en\/wp-json\/wp\/v2\/media\/2156"}],"wp:attachment":[{"href":"https:\/\/habibimb.com\/en\/wp-json\/wp\/v2\/media?parent=2154"}],"wp:term":[{"taxonomy":"product_brand","embeddable":true,"href":"https:\/\/habibimb.com\/en\/wp-json\/wp\/v2\/product_brand?post=2154"},{"taxonomy":"product_cat","embeddable":true,"href":"https:\/\/habibimb.com\/en\/wp-json\/wp\/v2\/product_cat?post=2154"},{"taxonomy":"product_tag","embeddable":true,"href":"https:\/\/habibimb.com\/en\/wp-json\/wp\/v2\/product_tag?post=2154"}],"curies":[{"name":"wp","href":"https:\/\/api.w.org\/{rel}","templated":true}]}}