{"id":2151,"date":"2025-05-03T07:39:17","date_gmt":"2025-05-03T07:39:17","guid":{"rendered":"https:\/\/habibimb.com\/?post_type=product&#038;p=2151"},"modified":"2025-05-15T07:32:04","modified_gmt":"2025-05-15T07:32:04","slug":"apa-de-parfum-meydan-shamoos-lattafa-unisex-35ml","status":"publish","type":"product","link":"https:\/\/habibimb.com\/en\/product\/apa-de-parfum-meydan-shamoos-lattafa-unisex-35ml\/","title":{"rendered":"Meydan Shamoos, Lattafa, 35"},"content":{"rendered":"<h2>Descoper\u0103 esen\u021ba elegan\u021bei<\/h2>\n<p>V\u0103 prezent\u0103m Apa de Parfum Meydan Shamoos de la Lattafa, un parfum unisex de lux creat pentru cei care apreciaz\u0103 lucrurile fine din via\u021b\u0103. Acest parfum rafinat este \u00eembuteliat \u00eentr-un recipient de 35 ml, perfect pentru utilizarea de zi cu zi sau pentru ocazii speciale. Meydan Shamoos \u00eencapsuleaz\u0103 un amestec armonios de note proaspete \u0219i calde care \u00eel fac potrivit pentru oricine, indiferent de sex. \u00cembun\u0103t\u0103\u021be\u0219te-\u021bi colec\u021bia de parfumuri cu acest parfum de semn\u0103tur\u0103.<\/p>\n<h2>Profil unic de parfum<\/h2>\n<p>Meydan Shamoos se deschide cu note de v\u00e2rf vibrante care captiveaz\u0103 instantaneu sim\u021burile, oferind o explozie r\u0103coritoare, care este at\u00e2t energizant\u0103, c\u00e2t \u0219i \u00een\u0103l\u021b\u0103toare. Inima parfumului dezv\u0103luie un echilibru delicat de nuan\u021be florale \u0219i picante, cre\u00e2nd o experien\u021b\u0103 aromatic\u0103 care se desf\u0103\u0219oar\u0103 frumos pe tot parcursul zilei. Pe m\u0103sur\u0103 ce parfumul se a\u0219eaz\u0103, apar note de baz\u0103 calde \u0219i p\u0103m\u00e2ntii, \u00eenv\u0103luindu-te \u00eentr-o \u00eembr\u0103\u021bi\u0219are confortabil\u0103 care persist\u0103 mult timp dup\u0103 aplicare.<\/p>\n<h2>De ce s\u0103-l alegi pe Meydan Shamoos?<\/h2>\n<p>Ceea ce diferen\u021biaz\u0103 Apa de Parfum Meydan Shamoos de alte parfumuri este versatilitatea sa. Fie c\u0103 te \u00eembraci pentru o ie\u0219ire casual, un eveniment formal sau pur \u0219i simplu vrei s\u0103 te sim\u021bi cel mai bine acas\u0103, acest parfum unisex este partenerul t\u0103u ideal. Cu formula sa de lung\u0103 durat\u0103, c\u00e2teva pulveriz\u0103ri v\u0103 vor men\u021bine mirosul fabulos de diminea\u021ba p\u00e2n\u0103 seara. \u00cen plus, sticla cu design elegant o face un plus izbitor pentru orice vanitate sau ca un cadou atent pentru cineva special.<\/p>\n<p>Alege Apa de Parfum Meydan Shamoos pentru un parfum care \u00ee\u021bi treze\u0219te sim\u021burile, rezoneaz\u0103 cu individualitatea ta \u0219i define\u0219te un nou standard \u00een parfumurile unisex. Experimenta\u021bi luxul Lattafa \u0219i r\u0103sf\u0103\u021ba\u021bi-v\u0103 cu un parfum care vorbe\u0219te despre esen\u021ba a ceea ce sunte\u021bi.<\/p>","protected":false},"excerpt":{"rendered":"<p>Note de v\u00e2rf: bergamot\u0103, lavand\u0103, \u0219ofran<br \/>\nNote de mijloc: tabac, cedru, mu\u0219cat\u0103<br \/>\nNote de baz\u0103: patchouli, note dulci de piele<\/p>","protected":false},"featured_media":2153,"comment_status":"open","ping_status":"closed","template":"","meta":{"om_disable_all_campaigns":false,"_monsterinsights_skip_tracking":false,"_monsterinsights_sitenote_active":false,"_monsterinsights_sitenote_note":"","_monsterinsights_sitenote_category":0},"product_brand":[63],"product_cat":[57],"product_tag":[],"class_list":{"0":"post-2151","1":"product","2":"type-product","3":"status-publish","4":"has-post-thumbnail","6":"product_brand-lattafa","7":"product_cat-unisex","9":"first","10":"instock","11":"shipping-taxable","12":"purchasable","13":"product-type-simple"},"aioseo_notices":[],"ct_brands":[{"id":63,"name":"Lattafa","slug":"lattafa"}],"_links":{"self":[{"href":"https:\/\/habibimb.com\/en\/wp-json\/wp\/v2\/product\/2151","targetHints":{"allow":["GET"]}}],"collection":[{"href":"https:\/\/habibimb.com\/en\/wp-json\/wp\/v2\/product"}],"about":[{"href":"https:\/\/habibimb.com\/en\/wp-json\/wp\/v2\/types\/product"}],"replies":[{"embeddable":true,"href":"https:\/\/habibimb.com\/en\/wp-json\/wp\/v2\/comments?post=2151"}],"wp:featuredmedia":[{"embeddable":true,"href":"https:\/\/habibimb.com\/en\/wp-json\/wp\/v2\/media\/2153"}],"wp:attachment":[{"href":"https:\/\/habibimb.com\/en\/wp-json\/wp\/v2\/media?parent=2151"}],"wp:term":[{"taxonomy":"product_brand","embeddable":true,"href":"https:\/\/habibimb.com\/en\/wp-json\/wp\/v2\/product_brand?post=2151"},{"taxonomy":"product_cat","embeddable":true,"href":"https:\/\/habibimb.com\/en\/wp-json\/wp\/v2\/product_cat?post=2151"},{"taxonomy":"product_tag","embeddable":true,"href":"https:\/\/habibimb.com\/en\/wp-json\/wp\/v2\/product_tag?post=2151"}],"curies":[{"name":"wp","href":"https:\/\/api.w.org\/{rel}","templated":true}]}}