{"id":2148,"date":"2025-05-03T07:37:26","date_gmt":"2025-05-03T07:37:26","guid":{"rendered":"https:\/\/habibimb.com\/?post_type=product&#038;p=2148"},"modified":"2026-01-03T10:42:43","modified_gmt":"2026-01-03T10:42:43","slug":"apa-de-parfum-hayaati-florence-lattafa-femei-100ml","status":"publish","type":"product","link":"https:\/\/habibimb.com\/en\/product\/apa-de-parfum-hayaati-florence-lattafa-femei-100ml\/","title":{"rendered":"Hayaati Florence, Lattafa"},"content":{"rendered":"<h2>Dezl\u0103n\u021buie-\u021bi elegan\u021ba interioar\u0103<\/h2>\n<p>Descoperi\u021bi esen\u021ba captivant\u0103 a Apa de Parfum Hayaati Florence by Lattafa. Acest parfum de lux pentru femei \u00eencapsuleaz\u0103 rafinament \u0219i clas\u0103, f\u0103c\u00e2ndu-l o alegere ideal\u0103 pentru orice ocazie. Cu un amestec perfect de note florale \u0219i fructate, Hayaati Florence promite s\u0103-\u021bi \u00eembun\u0103t\u0103\u021beasc\u0103 stilul unic \u0219i s\u0103 lase o impresie de durat\u0103 oriunde te-ai duce.<\/p>\n<h2>Amestecul perfect de note<\/h2>\n<p>\u00cen inima Hayaati Florence se afl\u0103 un buchet uimitor de flori \u00eenflorite, combinate elegant cu fructe proaspete \u0219i condimente subtile. Notele de v\u00e2rf \u00eencep cu o not\u0103 delicat\u0103 de citrice, infuzate cu fructe de p\u0103dure suculente, trezindu-\u021bi sim\u021burile \u0219i stabilind un ton r\u0103coritor. Pe m\u0103sur\u0103 ce parfumul se dezvolt\u0103, inima dezv\u0103luie un amestec armonios de flori luxuriante, cre\u00e2nd o arom\u0103 moale \u0219i \u00eenc\u00e2nt\u0103toare. \u00cen cele din urm\u0103, notele de baz\u0103 ofer\u0103 un final cald \u0219i reconfortant, cu vanilie cremoas\u0103 \u0219i mosc bogat care persist\u0103 pe tot parcursul zilei.<\/p>\n<h2>De lung\u0103 durat\u0103 \u0219i versatil<\/h2>\n<p>O caracteristic\u0103 remarcabil\u0103 a Apa de Parfum Hayaati Florence este formula sa de lung\u0103 durat\u0103. Conceput pentru a r\u0103m\u00e2ne cu tine de diminea\u021ba p\u00e2n\u0103 seara, acest parfum te asigur\u0103 c\u0103 te sim\u021bi \u0219i mirosi frumos toat\u0103 ziua. Fie c\u0103 participa\u021bi la un eveniment formal, merge\u021bi la birou sau v\u0103 bucura\u021bi de o zi casual, acest parfum versatil v\u0103 va ridica starea de spirit \u0219i v\u0103 va completa \u021binuta. Flaconul de 100 ml nu numai c\u0103 are un design rafinat, dar ofer\u0103 \u0219i o cantitate ampl\u0103 de parfum pentru a v\u0103 men\u021bine re\u00eemprosp\u0103tat, f\u0103c\u00e2ndu-l un plus fantastic pentru colec\u021bia dvs.<\/p>\n<p>Cu compozi\u021bia sa unic\u0103 \u0219i longevitatea remarcabil\u0103, Apa de Parfum Hayaati Florence nu este doar un parfum; este o declara\u021bie. R\u0103sf\u0103\u021ba\u021bi-v\u0103 cu acest parfum rafinat de la Lattafa \u0219i experimenta\u021bi frumuse\u021bea \u0219i \u00eencrederea care vin din purtarea unui parfum cu adev\u0103rat luxos.<\/p>","protected":false},"excerpt":{"rendered":"<p><strong>Note de varf:<\/strong>\u00a0Citrice<br \/>\n<strong>Note de mijloc:<\/strong>\u00a0Note dulci, Note florale<br \/>\n<strong>Note de baza:<\/strong>\u00a0Mosc, Condimente<\/p>\n<p>Inspirat din Very Good Girl Carolina Herrera<\/p>","protected":false},"featured_media":2150,"comment_status":"open","ping_status":"closed","template":"","meta":{"om_disable_all_campaigns":false,"_monsterinsights_skip_tracking":false,"_monsterinsights_sitenote_active":false,"_monsterinsights_sitenote_note":"","_monsterinsights_sitenote_category":0},"product_brand":[63],"product_cat":[56],"product_tag":[],"class_list":{"0":"post-2148","1":"product","2":"type-product","3":"status-publish","4":"has-post-thumbnail","6":"product_brand-lattafa","7":"product_cat-pentru-ea","9":"first","10":"instock","11":"shipping-taxable","12":"purchasable","13":"product-type-simple"},"aioseo_notices":[],"ct_brands":[{"id":63,"name":"Lattafa","slug":"lattafa"}],"_links":{"self":[{"href":"https:\/\/habibimb.com\/en\/wp-json\/wp\/v2\/product\/2148","targetHints":{"allow":["GET"]}}],"collection":[{"href":"https:\/\/habibimb.com\/en\/wp-json\/wp\/v2\/product"}],"about":[{"href":"https:\/\/habibimb.com\/en\/wp-json\/wp\/v2\/types\/product"}],"replies":[{"embeddable":true,"href":"https:\/\/habibimb.com\/en\/wp-json\/wp\/v2\/comments?post=2148"}],"wp:featuredmedia":[{"embeddable":true,"href":"https:\/\/habibimb.com\/en\/wp-json\/wp\/v2\/media\/2150"}],"wp:attachment":[{"href":"https:\/\/habibimb.com\/en\/wp-json\/wp\/v2\/media?parent=2148"}],"wp:term":[{"taxonomy":"product_brand","embeddable":true,"href":"https:\/\/habibimb.com\/en\/wp-json\/wp\/v2\/product_brand?post=2148"},{"taxonomy":"product_cat","embeddable":true,"href":"https:\/\/habibimb.com\/en\/wp-json\/wp\/v2\/product_cat?post=2148"},{"taxonomy":"product_tag","embeddable":true,"href":"https:\/\/habibimb.com\/en\/wp-json\/wp\/v2\/product_tag?post=2148"}],"curies":[{"name":"wp","href":"https:\/\/api.w.org\/{rel}","templated":true}]}}