{"id":2145,"date":"2025-05-03T07:35:38","date_gmt":"2025-05-03T07:35:38","guid":{"rendered":"https:\/\/habibimb.com\/?post_type=product&#038;p=2145"},"modified":"2025-10-23T07:32:59","modified_gmt":"2025-10-23T07:32:59","slug":"apa-de-parfum-mayar-lattafa-femei-100ml","status":"publish","type":"product","link":"https:\/\/habibimb.com\/en\/product\/apa-de-parfum-mayar-lattafa-femei-100ml\/","title":{"rendered":"Mayar, Lattafa"},"content":{"rendered":"<h2>Descoperi\u021bi esen\u021ba luxului<\/h2>\n<p>R\u0103sf\u0103\u021ba\u021bi-v\u0103 cu aroma \u00eenc\u00e2nt\u0103toare a <strong>Apa de Parfum Mayar<\/strong> de Lattafa, un parfum captivant conceput pentru femeile care \u00eembr\u0103\u021bi\u0219eaz\u0103 rafinamentul \u0219i elegan\u021ba. Acest parfum rafinat ofer\u0103 un amestec unic de note care te vor l\u0103sa s\u0103 te sim\u021bi puternic \u0219i \u00eencrez\u0103tor pe tot parcursul zilei.<\/p>\n<h2>O experien\u021b\u0103 unic\u0103 de parfum<\/h2>\n<p>Parfumul <strong>Mayar<\/strong> este meticulos creat pentru a armoniza aromele florale proaspete cu o baz\u0103 cald\u0103, lemnoas\u0103. \u00cen partea de sus, ve\u021bi g\u0103si notele proaspete de citrice, oferind un \u00eenceput revigorant care treze\u0219te sim\u021burile. Pe m\u0103sur\u0103 ce parfumul evolueaz\u0103, inima dezv\u0103luie note de flori delicate, \u00eentruchip\u00e2nd feminitatea \u0219i gra\u021bia. Uscarea introduce o baz\u0103 bogat\u0103 \u0219i atr\u0103g\u0103toare de lemn exotic \u0219i mosc moale, asigur\u00e2ndu-v\u0103 c\u0103 l\u0103sa\u021bi o impresie de durat\u0103 oriunde merge\u021bi.<\/p>\n<h2>Perfect pentru orice ocazie<\/h2>\n<p>Indiferent dac\u0103 v\u0103 \u00eendrepta\u021bi spre o ie\u0219ire casual sau un eveniment formal, <strong>Apa de Parfum Mayar<\/strong> se transform\u0103 perfect pentru a se potrivi oric\u0103rui decor. Formula sa de lung\u0103 durat\u0103 \u00eenseamn\u0103 c\u0103 v\u0103 pute\u021bi bucura de parfum toat\u0103 ziua f\u0103r\u0103 a fi nevoie s\u0103 aplica\u021bi din nou, f\u0103c\u00e2ndu-l un partener ideal pentru stilurile de via\u021b\u0103 ocupate. \u00cenvelit \u00eentr-o sticl\u0103 frumos proiectat\u0103, acest parfum nu este doar un parfum &#8211; este un accesoriu care v\u0103 va completa stilul personal!<\/p>\n<p>\u00cembun\u0103t\u0103\u021be\u0219te-\u021bi jocul de parfumuri cu \u00eenc\u00e2nt\u0103torul <strong>Mayar<\/strong> de la Lattafa. Experimenta\u021bi expresia divin\u0103 a feminit\u0103\u021bii \u0219i a \u00eencrederii, f\u0103c\u00e2nd fiecare moment memorabil. Alege Apa de Parfum Mayar ast\u0103zi \u0219i p\u0103\u0219e\u0219te \u00eentr-o lume a elegan\u021bei care oglinde\u0219te identitatea ta unic\u0103.<\/p>","protected":false},"excerpt":{"rendered":"<p><strong>Note de varf:<\/strong>\u00a0Lychee, Zmeura, Frunze de viorea<br \/>\n<strong>Note de mijloc:<\/strong>\u00a0Iasomie, Bujor, Trandafir alb<br \/>\n<strong>Note de baza:<\/strong>\u00a0Vanilie, Mosc<\/p>\n<p>Asemanator Cu:<\/p>\n<ul>\n<li class=\"\" data-start=\"654\" data-end=\"728\">\n<p class=\"\" data-start=\"656\" data-end=\"728\"><strong data-start=\"656\" data-end=\"687\">Thierry Mugler \u2013 Angel Nova<\/strong>: <span class=\"relative -mx-px my-[-0.2rem] rounded px-px py-[0.2rem] transition-colors duration-100 ease-in-out\">Ambele parfumuri au note de litchi \u0219i zmeur\u0103, oferind o deschidere fructat\u0103 similar\u0103.<\/span><\/p>\n<\/li>\n<li class=\"\" data-start=\"729\" data-end=\"806\">\n<p class=\"\" data-start=\"731\" data-end=\"806\"><strong data-start=\"731\" data-end=\"765\">Lanc\u00f4me \u2013 Tr\u00e9sor Midnight Rose<\/strong>: <span class=\"relative -mx-px my-[-0.2rem] rounded px-px py-[0.2rem] transition-colors duration-100 ease-in-out\">Combin\u0103 note de trandafir \u0219i vanilie, cre\u00e2nd o atmosfer\u0103 dulce \u0219i romantic\u0103.<\/span><\/p>\n<\/li>\n<li class=\"\" data-start=\"807\" data-end=\"915\">\n<p class=\"\" data-start=\"809\" data-end=\"915\"><strong data-start=\"809\" data-end=\"835\">Chlo\u00e9 \u2013 Roses de Chlo\u00e9<\/strong>: <span class=\"relative -mx-px my-[-0.2rem] rounded px-px py-[0.2rem] transition-colors duration-100 ease-in-out\">Un parfum floral cu note de trandafir \u0219i mosc, similar \u00een structura sa<\/span><\/p>\n<\/li>\n<\/ul>","protected":false},"featured_media":2147,"comment_status":"open","ping_status":"closed","template":"","meta":{"om_disable_all_campaigns":false,"_monsterinsights_skip_tracking":false,"_monsterinsights_sitenote_active":false,"_monsterinsights_sitenote_note":"","_monsterinsights_sitenote_category":0},"product_brand":[63],"product_cat":[56],"product_tag":[],"class_list":{"0":"post-2145","1":"product","2":"type-product","3":"status-publish","4":"has-post-thumbnail","6":"product_brand-lattafa","7":"product_cat-pentru-ea","9":"first","10":"outofstock","11":"shipping-taxable","12":"purchasable","13":"product-type-simple"},"aioseo_notices":[],"ct_brands":[{"id":63,"name":"Lattafa","slug":"lattafa"}],"_links":{"self":[{"href":"https:\/\/habibimb.com\/en\/wp-json\/wp\/v2\/product\/2145","targetHints":{"allow":["GET"]}}],"collection":[{"href":"https:\/\/habibimb.com\/en\/wp-json\/wp\/v2\/product"}],"about":[{"href":"https:\/\/habibimb.com\/en\/wp-json\/wp\/v2\/types\/product"}],"replies":[{"embeddable":true,"href":"https:\/\/habibimb.com\/en\/wp-json\/wp\/v2\/comments?post=2145"}],"wp:featuredmedia":[{"embeddable":true,"href":"https:\/\/habibimb.com\/en\/wp-json\/wp\/v2\/media\/2147"}],"wp:attachment":[{"href":"https:\/\/habibimb.com\/en\/wp-json\/wp\/v2\/media?parent=2145"}],"wp:term":[{"taxonomy":"product_brand","embeddable":true,"href":"https:\/\/habibimb.com\/en\/wp-json\/wp\/v2\/product_brand?post=2145"},{"taxonomy":"product_cat","embeddable":true,"href":"https:\/\/habibimb.com\/en\/wp-json\/wp\/v2\/product_cat?post=2145"},{"taxonomy":"product_tag","embeddable":true,"href":"https:\/\/habibimb.com\/en\/wp-json\/wp\/v2\/product_tag?post=2145"}],"curies":[{"name":"wp","href":"https:\/\/api.w.org\/{rel}","templated":true}]}}