{"id":2142,"date":"2025-05-03T07:33:18","date_gmt":"2025-05-03T07:33:18","guid":{"rendered":"https:\/\/habibimb.com\/?post_type=product&#038;p=2142"},"modified":"2025-12-29T08:05:58","modified_gmt":"2025-12-29T08:05:58","slug":"apa-de-parfum-his-confession-lattafa-barbati-100ml","status":"publish","type":"product","link":"https:\/\/habibimb.com\/en\/product\/apa-de-parfum-his-confession-lattafa-barbati-100ml\/","title":{"rendered":"His Confession, Lattafa"},"content":{"rendered":"<h2>Dezl\u0103n\u021buie misterul m\u0103rturisirii sale<\/h2>\n<p>V\u0103 prezent\u0103m apa de parfum His Confession de la Lattafa, un parfum \u00eendr\u0103zne\u021b \u0219i captivant conceput pentru omul modern. Acest parfum rafinat de 100 ml nu este doar un parfum; este o declara\u021bie de rafinament, intrig\u0103 \u0219i farmec. Ideal pentru cei care doresc s\u0103 lase o impresie de durat\u0103, M\u0103rturisirea Sa te \u00eenv\u0103luie \u00eentr-o arom\u0103 de neuitat care rezoneaz\u0103 cu \u00eencredere.<\/p>\n<h2>Note care captiveaz\u0103 \u0219i inspir\u0103<\/h2>\n<p>Confesiunea sa se deschide cu o explozie vibrant\u0103 de citrice proaspete \u0219i condimente revigorante care trezesc sim\u021burile. Pe m\u0103sur\u0103 ce parfumul se desf\u0103\u0219oar\u0103, notele de inim\u0103 de ierburi aromatice \u0219i acorduri florale formeaz\u0103 un amestec echilibrat \u0219i armonios. Baza dezv\u0103luie nuan\u021be p\u0103m\u00e2ntii de mosc, lemn \u0219i chihlimbar, oferind un finisaj cald \u0219i senzual care persist\u0103 pe tot parcursul zilei.<\/p>\n<h2>Perfect pentru orice ocazie<\/h2>\n<p>Fie c\u0103 mergi la birou, te bucuri de o noapte \u00een ora\u0219 sau participi la un eveniment special, M\u0103rturisirea Lui este suficient de versatil\u0103 pentru a face tranzi\u021bia cu tine. Compozi\u021bia sa bine rotunjit\u0103 este perfect\u0103 at\u00e2t pentru zi, c\u00e2t \u0219i pentru sear\u0103, asigur\u00e2ndu-v\u0103 c\u0103 v\u0103 sim\u021bi\u021bi \u00eentotdeauna \u00eencrez\u0103toare \u0219i calm\u0103. Cu doar c\u00e2teva pulveriz\u0103ri, v\u0103 pute\u021bi ridica f\u0103r\u0103 efort prezen\u021ba \u0219i pute\u021bi face o impresie de neuitat.<\/p>\n<p>Descoperi\u021bi arta parfumului cu M\u0103rturisirea sa de Lattafa. Aceast\u0103 ap\u0103 de parfum de 100 ml nu numai c\u0103 v\u0103 completeaz\u0103 stilul, dar v\u0103 \u00eembun\u0103t\u0103\u021be\u0219te \u0219i individualitatea. Experimenteaz\u0103 cum acest parfum irezistibil \u00ee\u021bi poate spori \u00eencrederea \u0219i te poate face s\u0103 ie\u0219i \u00een eviden\u021b\u0103 \u00een orice mul\u021bime. R\u0103sf\u0103\u021ba\u021bi-v\u0103 cu aroma luxoas\u0103 a M\u0103rturisirii Sale \u0219i l\u0103sa\u021bi-o s\u0103 devin\u0103 o parte esen\u021bial\u0103 a rutinei voastre zilnice.<\/p>","protected":false},"excerpt":{"rendered":"<p><b>Note de varf:\u00a0<\/b>mandarina, scortisoara si lavanda<br \/>\n<b>Note de mijloc:\u00a0<\/b>Iris, Chiparos, Benzoin si Mahonial<br \/>\n<b>Note de baza:\u00a0<\/b>vanilie, boabe de tonka, paciuli, lemn de cedru, tamaie si ambra<\/p>\n<p>Asemanator Cu :<\/p>\n<ul>\n<li class=\"\" data-start=\"574\" data-end=\"654\">\n<p class=\"\" data-start=\"576\" data-end=\"654\"><strong data-start=\"576\" data-end=\"612\">Givenchy Gentleman Eau de Parfum<\/strong> \u2013 <span class=\"relative -mx-px my-[-0.2rem] rounded px-px py-[0.2rem] transition-colors duration-100 ease-in-out\">pentru notele de iris \u0219i vanilie.<\/span><\/p>\n<\/li>\n<li class=\"\" data-start=\"655\" data-end=\"728\">\n<p class=\"\" data-start=\"657\" data-end=\"728\"><strong data-start=\"657\" data-end=\"686\">Dior Homme Intense (2011)<\/strong> \u2013 <span class=\"relative -mx-px my-[-0.2rem] rounded px-px py-[0.2rem] transition-colors duration-100 ease-in-out\">pentru accentele pudrate \u0219i lemnoase.<\/span><\/p>\n<\/li>\n<li class=\"\" data-start=\"729\" data-end=\"793\">\n<p class=\"\" data-start=\"731\" data-end=\"793\"><strong data-start=\"731\" data-end=\"751\">Celine Black Tie<\/strong> \u2013 <span class=\"relative -mx-px my-[-0.2rem] rounded px-px py-[0.2rem] transition-colors duration-100 ease-in-out\">pentru echilibrul \u00eentre elegan\u021b\u0103 \u0219i rafinament.<\/span><\/p>\n<\/li>\n<li class=\"\" data-start=\"794\" data-end=\"860\">\n<p class=\"\" data-start=\"796\" data-end=\"860\"><strong data-start=\"796\" data-end=\"818\">Armani Code Parfum<\/strong> \u2013 <span class=\"relative -mx-px my-[-0.2rem] rounded px-px py-[0.2rem] transition-colors duration-100 ease-in-out\">pentru combina\u021bia de t\u0103m\u00e2ie \u0219i vanilie.<\/span><\/p>\n<\/li>\n<li class=\"\" data-start=\"861\" data-end=\"931\">\n<p class=\"\" data-start=\"863\" data-end=\"931\"><strong data-start=\"863\" data-end=\"889\">Valentino Uomo Intense<\/strong> \u2013 <span class=\"relative -mx-px my-[-0.2rem] rounded px-px py-[0.2rem] transition-colors duration-100 ease-in-out\">pentru notele de iris \u0219i tonka.<\/span><\/p>\n<\/li>\n<li class=\"\" data-start=\"932\" data-end=\"1041\">\n<p class=\"\" data-start=\"934\" data-end=\"1041\"><strong data-start=\"934\" data-end=\"960\">Prada Luna Rossa Black<\/strong> \u2013 <span class=\"relative -mx-px my-[-0.2rem] rounded px-px py-[0.2rem] transition-colors duration-100 ease-in-out\">pentru accentele lemnoase \u0219i dulci.<\/span><\/p>\n<\/li>\n<\/ul>","protected":false},"featured_media":2144,"comment_status":"open","ping_status":"closed","template":"","meta":{"om_disable_all_campaigns":false,"_monsterinsights_skip_tracking":false,"_monsterinsights_sitenote_active":false,"_monsterinsights_sitenote_note":"","_monsterinsights_sitenote_category":0},"product_brand":[63],"product_cat":[55],"product_tag":[],"class_list":{"0":"post-2142","1":"product","2":"type-product","3":"status-publish","4":"has-post-thumbnail","6":"product_brand-lattafa","7":"product_cat-pentru-el","9":"first","10":"instock","11":"shipping-taxable","12":"purchasable","13":"product-type-simple"},"aioseo_notices":[],"ct_brands":[{"id":63,"name":"Lattafa","slug":"lattafa"}],"_links":{"self":[{"href":"https:\/\/habibimb.com\/en\/wp-json\/wp\/v2\/product\/2142","targetHints":{"allow":["GET"]}}],"collection":[{"href":"https:\/\/habibimb.com\/en\/wp-json\/wp\/v2\/product"}],"about":[{"href":"https:\/\/habibimb.com\/en\/wp-json\/wp\/v2\/types\/product"}],"replies":[{"embeddable":true,"href":"https:\/\/habibimb.com\/en\/wp-json\/wp\/v2\/comments?post=2142"}],"wp:featuredmedia":[{"embeddable":true,"href":"https:\/\/habibimb.com\/en\/wp-json\/wp\/v2\/media\/2144"}],"wp:attachment":[{"href":"https:\/\/habibimb.com\/en\/wp-json\/wp\/v2\/media?parent=2142"}],"wp:term":[{"taxonomy":"product_brand","embeddable":true,"href":"https:\/\/habibimb.com\/en\/wp-json\/wp\/v2\/product_brand?post=2142"},{"taxonomy":"product_cat","embeddable":true,"href":"https:\/\/habibimb.com\/en\/wp-json\/wp\/v2\/product_cat?post=2142"},{"taxonomy":"product_tag","embeddable":true,"href":"https:\/\/habibimb.com\/en\/wp-json\/wp\/v2\/product_tag?post=2142"}],"curies":[{"name":"wp","href":"https:\/\/api.w.org\/{rel}","templated":true}]}}