{"id":2138,"date":"2025-05-03T07:29:50","date_gmt":"2025-05-03T07:29:50","guid":{"rendered":"https:\/\/habibimb.com\/?post_type=product&#038;p=2138"},"modified":"2026-02-08T18:26:50","modified_gmt":"2026-02-08T18:26:50","slug":"apa-de-parfum-emeer-lattafa-unisex-100ml","status":"publish","type":"product","link":"https:\/\/habibimb.com\/en\/product\/apa-de-parfum-emeer-lattafa-unisex-100ml\/","title":{"rendered":"Emeer, Lattafa"},"content":{"rendered":"<h2>Dezv\u0103luie farmecul lui Emeer<\/h2>\n<p>P\u0103\u0219i\u021bi \u00eentr-o lume a rafinamentului \u0219i elegan\u021bei cu Apa de Parfum Emeer de la Lattafa. Conceput at\u00e2t pentru b\u0103rba\u021bi, c\u00e2t \u0219i pentru femei, acest parfum captivant se m\u00e2ndre\u0219te cu un amestec de note bogate care evoc\u0103 un sentiment de lux \u0219i distinc\u021bie. Cu profilul s\u0103u olfactiv atr\u0103g\u0103tor, Emeer devine o extensie a personalit\u0103\u021bii tale, f\u0103c\u00e2nd fiecare moment de neuitat.<\/p>\n<h2>Un amestec armonios de note<\/h2>\n<p>Apa de Parfum Emeer are o compozi\u021bie atent organizat\u0103, care echilibreaz\u0103 prospe\u021bimea cu profunzimea. Notele de v\u00e2rf te \u00eent\u00e2mpin\u0103 cu citrice vibrante \u0219i condimente aromate, cre\u00e2nd o deschidere revigorant\u0103. Pe m\u0103sur\u0103 ce parfumul evolueaz\u0103, notele de mijloc dezv\u0103luie un amestec somptuos de elemente florale \u0219i pe baz\u0103 de plante, l\u0103s\u00e2nd un aer persistent de rafinament. \u00cen cele din urm\u0103, notele de baz\u0103 de lemn cald \u0219i mosc bl\u00e2nd asigur\u0103 o impresie de durat\u0103 care captiveaz\u0103 sim\u021burile.<\/p>\n<h2>Perfect pentru orice ocazie<\/h2>\n<p>Fie c\u0103 te \u00eembraci pentru un eveniment de sear\u0103 sau cau\u021bi s\u0103-\u021bi \u00eembun\u0103t\u0103\u021be\u0219ti aspectul de zi cu zi, Apa de Parfum Emeer este accesoriul t\u0103u suprem. Parfumul s\u0103u versatil se potrive\u0219te at\u00e2t ie\u0219irilor casual, c\u00e2t \u0219i \u00eent\u00e2lnirilor formale, f\u0103c\u00e2ndu-l un plus obligatoriu pentru colec\u021bia ta de parfumuri. Fabricat \u00eentr-o sticl\u0103 de 100 ml, ofer\u0103 at\u00e2t calitate, c\u00e2t \u0219i valoare, asigur\u00e2ndu-v\u0103 c\u0103 v\u0103 pute\u021bi r\u0103sf\u0103\u021ba cu acest parfum rafinat din nou \u0219i din nou.<\/p>\n<p>\u00cembr\u0103\u021bi\u0219eaz\u0103 elegan\u021ba Apa de Parfum Emeer de la Lattafa \u0219i f\u0103 o declara\u021bie cu fiecare pulverizare. Cu atractivitatea sa unisex, Emeer este perfect pentru oricine apreciaz\u0103 lucrurile fine din via\u021b\u0103.<\/p>","protected":false},"excerpt":{"rendered":"<p>Note de V\u00e2rf:\u00a0Lamaie, Bergamot\u0103, Boabe de Ienup\u0103r, Nuc\u0219oar\u0103, Salvie<br \/>\nNote de Mijloc:\u00a0Cardamom, Ceai Alb, Lemn de Santal, Olibanum<br \/>\nNote de Baz\u0103:\u00a0Ambra, Kasmeran, Patchouli, Lemn de Cedru<\/p>\n<p>Se Aseamana cu :<\/p>\n<ul>\n<li class=\"\" data-start=\"572\" data-end=\"613\">\n<p class=\"\" data-start=\"574\" data-end=\"613\"><span class=\"relative -mx-px my-[-0.2rem] rounded px-px py-[0.2rem] transition-colors duration-100 ease-in-out\"><strong data-start=\"0\" data-end=\"31\" data-is-last-node=\"\" data-is-only-node=\"\">Louis Vuitton \u2013 L\u2019Immensit\u00e9<\/strong><\/span><\/p>\n<\/li>\n<li class=\"\" data-start=\"614\" data-end=\"655\">\n<p class=\"\" data-start=\"616\" data-end=\"655\"><span class=\"relative -mx-px my-[-0.2rem] rounded px-px py-[0.2rem] transition-colors duration-100 ease-in-out\"><strong data-start=\"0\" data-end=\"28\" data-is-last-node=\"\" data-is-only-node=\"\">Parfums de Marly \u2013 Kalan<\/strong><\/span><\/p>\n<\/li>\n<li class=\"\" data-start=\"656\" data-end=\"736\">\n<p class=\"\" data-start=\"658\" data-end=\"736\"><span class=\"relative -mx-px my-[-0.2rem] rounded px-px py-[0.2rem] transition-colors duration-100 ease-in-out\"><strong data-start=\"0\" data-end=\"34\" data-is-last-node=\"\" data-is-only-node=\"\">Tom Ford \u2013 Costa Azzurra Acqua<\/strong><\/span><\/p>\n<\/li>\n<\/ul>","protected":false},"featured_media":2141,"comment_status":"open","ping_status":"closed","template":"","meta":{"om_disable_all_campaigns":false,"_monsterinsights_skip_tracking":false,"_monsterinsights_sitenote_active":false,"_monsterinsights_sitenote_note":"","_monsterinsights_sitenote_category":0},"product_brand":[63],"product_cat":[57],"product_tag":[],"class_list":{"0":"post-2138","1":"product","2":"type-product","3":"status-publish","4":"has-post-thumbnail","6":"product_brand-lattafa","7":"product_cat-unisex","9":"first","10":"outofstock","11":"shipping-taxable","12":"purchasable","13":"product-type-simple"},"aioseo_notices":[],"ct_brands":[{"id":63,"name":"Lattafa","slug":"lattafa"}],"_links":{"self":[{"href":"https:\/\/habibimb.com\/en\/wp-json\/wp\/v2\/product\/2138","targetHints":{"allow":["GET"]}}],"collection":[{"href":"https:\/\/habibimb.com\/en\/wp-json\/wp\/v2\/product"}],"about":[{"href":"https:\/\/habibimb.com\/en\/wp-json\/wp\/v2\/types\/product"}],"replies":[{"embeddable":true,"href":"https:\/\/habibimb.com\/en\/wp-json\/wp\/v2\/comments?post=2138"}],"wp:featuredmedia":[{"embeddable":true,"href":"https:\/\/habibimb.com\/en\/wp-json\/wp\/v2\/media\/2141"}],"wp:attachment":[{"href":"https:\/\/habibimb.com\/en\/wp-json\/wp\/v2\/media?parent=2138"}],"wp:term":[{"taxonomy":"product_brand","embeddable":true,"href":"https:\/\/habibimb.com\/en\/wp-json\/wp\/v2\/product_brand?post=2138"},{"taxonomy":"product_cat","embeddable":true,"href":"https:\/\/habibimb.com\/en\/wp-json\/wp\/v2\/product_cat?post=2138"},{"taxonomy":"product_tag","embeddable":true,"href":"https:\/\/habibimb.com\/en\/wp-json\/wp\/v2\/product_tag?post=2138"}],"curies":[{"name":"wp","href":"https:\/\/api.w.org\/{rel}","templated":true}]}}