{"id":2135,"date":"2025-05-03T07:27:11","date_gmt":"2025-05-03T07:27:11","guid":{"rendered":"https:\/\/habibimb.com\/?post_type=product&#038;p=2135"},"modified":"2025-05-15T07:32:04","modified_gmt":"2025-05-15T07:32:04","slug":"apa-de-parfum-qaed-al-fursan-unlimited-lattafa-barbati-100ml","status":"publish","type":"product","link":"https:\/\/habibimb.com\/en\/product\/apa-de-parfum-qaed-al-fursan-unlimited-lattafa-barbati-100ml\/","title":{"rendered":"Qaed Al Fursan Unlimited, Lattafa"},"content":{"rendered":"<h2>Descoper\u0103 esen\u021ba elegan\u021bei<\/h2>\n<p>V\u0103 prezent\u0103m Apa de Parfum Qaed Al Fursan Unlimited de la Lattafa, un parfum fascinant creat pentru domnul modern. Acest parfum rafinat surprinde esen\u021ba rafinamentului \u0219i farmecului, perfect pentru a face o impresie de durat\u0103. Cu aroma sa atr\u0103g\u0103toare, Qaed Al Fursan Unlimited este \u00eenso\u021bitorul perfect pentru orice ocazie, fie c\u0103 este vorba de o \u00eent\u00e2lnire formal\u0103 sau de o ie\u0219ire casual.<\/p>\n<h2>Note care \u00ee\u021bi aprind sim\u021burile<\/h2>\n<p>Scufund\u0103-te \u00een profilul parfumat captivant al Qaed Al Fursan Unlimited. Parfumul se deschide cu o explozie vibrant\u0103 de note citrice r\u0103coritoare care trezesc sim\u021burile \u0219i stabilesc un ton dinamic. Inima dezv\u0103luie un amestec bogat de condimente aromate \u0219i note florale subtile, cre\u00e2nd o experien\u021b\u0103 echilibrat\u0103, dar revigorant\u0103. \u00cen cele din urm\u0103, notele de baz\u0103 de lemn cald \u0219i mosc cremos te \u00eenv\u0103luie, oferind un final senzual care persist\u0103 frumos. Fiecare strat se desf\u0103\u0219oar\u0103 \u00een mod unic pe piele, asigur\u00e2ndu-v\u0103 c\u0103 l\u0103sa\u021bi o urm\u0103 memorabil\u0103 oriunde merge\u021bi.<\/p>\n<h2>Calitate \u0219i m\u0103iestrie<\/h2>\n<p>Creat cu cele mai bune ingrediente, Apa de Parfum Qaed Al Fursan Unlimited \u00eentruchipeaz\u0103 luxul \u0219i calitatea. Lattafa Perfumes, renumit pentru angajamentul lor fa\u021b\u0103 de excelen\u021b\u0103, a proiectat aceast\u0103 sticl\u0103 de 100 ml pentru a reflecta elegan\u021ba &#8211; exteriorul s\u0103u elegant \u0219i elegant este un plus estetic pentru orice raft. Acest parfum de lung\u0103 durat\u0103 v\u0103 asigur\u0103 c\u0103 r\u0103m\u00e2ne\u021bi \u00eenv\u0103luit \u00een parfumul s\u0103u minunat pe tot parcursul zilei, ceea ce \u00eel face o investi\u021bie util\u0103 pentru orice pasionat de parfumuri.<\/p>\n<p>\u00cembr\u0103\u021bi\u0219eaz\u0103-\u021bi individualitatea \u0219i exprim\u0103-\u021bi personalitatea cu Qaed Al Fursan Unlimited. \u00cembun\u0103t\u0103\u021be\u0219te-\u021bi garderoba de parfumuri \u0219i bucur\u0103-te de complimentele care \u00ee\u021bi vin \u00een cale. Fie c\u0103 v\u0103 r\u0103sf\u0103\u021ba\u021bi sau c\u0103uta\u021bi un cadou perfect, acest parfum va impresiona cu siguran\u021b\u0103.<\/p>","protected":false},"excerpt":{"rendered":"<p><strong>Note de v\u00e2rf:<\/strong> Bergamot\u0103, Fructe de p\u0103dure, M\u0103r;<\/p>\n<p><strong>Note de mijloc:<\/strong> Mesteac\u0103n, Note lemnoase, Iasomie, Patchouli;<\/p>\n<p><strong>Note de baz\u0103:<\/strong>\u00a0Vanilie, Mu\u0219chi de stejar, Ambr\u0103 cenu\u0219ie, Mosc.<\/p>","protected":false},"featured_media":2137,"comment_status":"open","ping_status":"closed","template":"","meta":{"om_disable_all_campaigns":false,"_monsterinsights_skip_tracking":false,"_monsterinsights_sitenote_active":false,"_monsterinsights_sitenote_note":"","_monsterinsights_sitenote_category":0},"product_brand":[63],"product_cat":[55],"product_tag":[],"class_list":{"0":"post-2135","1":"product","2":"type-product","3":"status-publish","4":"has-post-thumbnail","6":"product_brand-lattafa","7":"product_cat-pentru-el","9":"first","10":"instock","11":"shipping-taxable","12":"purchasable","13":"product-type-simple"},"aioseo_notices":[],"ct_brands":[{"id":63,"name":"Lattafa","slug":"lattafa"}],"_links":{"self":[{"href":"https:\/\/habibimb.com\/en\/wp-json\/wp\/v2\/product\/2135","targetHints":{"allow":["GET"]}}],"collection":[{"href":"https:\/\/habibimb.com\/en\/wp-json\/wp\/v2\/product"}],"about":[{"href":"https:\/\/habibimb.com\/en\/wp-json\/wp\/v2\/types\/product"}],"replies":[{"embeddable":true,"href":"https:\/\/habibimb.com\/en\/wp-json\/wp\/v2\/comments?post=2135"}],"wp:featuredmedia":[{"embeddable":true,"href":"https:\/\/habibimb.com\/en\/wp-json\/wp\/v2\/media\/2137"}],"wp:attachment":[{"href":"https:\/\/habibimb.com\/en\/wp-json\/wp\/v2\/media?parent=2135"}],"wp:term":[{"taxonomy":"product_brand","embeddable":true,"href":"https:\/\/habibimb.com\/en\/wp-json\/wp\/v2\/product_brand?post=2135"},{"taxonomy":"product_cat","embeddable":true,"href":"https:\/\/habibimb.com\/en\/wp-json\/wp\/v2\/product_cat?post=2135"},{"taxonomy":"product_tag","embeddable":true,"href":"https:\/\/habibimb.com\/en\/wp-json\/wp\/v2\/product_tag?post=2135"}],"curies":[{"name":"wp","href":"https:\/\/api.w.org\/{rel}","templated":true}]}}