{"id":2132,"date":"2025-05-03T07:24:52","date_gmt":"2025-05-03T07:24:52","guid":{"rendered":"https:\/\/habibimb.com\/?post_type=product&#038;p=2132"},"modified":"2026-01-28T09:16:02","modified_gmt":"2026-01-28T09:16:02","slug":"apa-de-parfum-musamam-lattafa-unisex-100ml","status":"publish","type":"product","link":"https:\/\/habibimb.com\/en\/product\/apa-de-parfum-musamam-lattafa-unisex-100ml\/","title":{"rendered":"Musamam, Lattafa"},"content":{"rendered":"<h2>Dezl\u0103n\u021buie-\u021bi esen\u021ba unic\u0103 cu Apa de Parfum Musamam<\/h2>\n<p>Descoperi\u021bi alura \u00eenc\u00e2nt\u0103toare a Apa de Parfum Musamam de Lattafa, un parfum captivant conceput at\u00e2t pentru b\u0103rba\u021bi, c\u00e2t \u0219i pentru femei. Acest parfum unisex rafinat combin\u0103 rafinamentul \u0219i prospe\u021bimea, promi\u021b\u00e2nd s\u0103 v\u0103 \u00eembun\u0103t\u0103\u021beasc\u0103 experien\u021ba de zi cu zi \u0219i s\u0103 lase o impresie de durat\u0103 oriunde merge\u021bi. Cu fiecare pulverizare, \u00eembr\u0103\u021bi\u0219eaz\u0103 esen\u021ba unic\u0103 care \u00ee\u021bi define\u0219te individualitatea.<\/p>\n<h2>Note de parfum interesante<\/h2>\n<p>Apa de Parfum Musamam se deschide cu o explozie vibrant\u0103 de fructe delicioase care trezesc sim\u021burile. Inima se desf\u0103\u0219oar\u0103 \u00eentr-un amestec armonios de note florale \u0219i picante, cre\u00e2nd o profunzime intrigant\u0103 care captiveaz\u0103 \u0219i \u00eenc\u00e2nt\u0103. \u00cen cele din urm\u0103, pe m\u0103sur\u0103 ce parfumul se a\u0219eaz\u0103, o baz\u0103 cald\u0103 de lemn bogat \u0219i nuan\u021be de mosc ofer\u0103 o calitate persistent\u0103, care este at\u00e2t reconfortant\u0103, c\u00e2t \u0219i luxoas\u0103. Aceast\u0103 compozi\u021bie atent organizat\u0103 face ca Musamam s\u0103 fie perfect pentru versatilitatea zilei \u0219i nop\u021bii.<\/p>\n<h2>Calitatea \u00eent\u00e2lne\u0219te elegan\u021ba<\/h2>\n<p>Prezentat \u00eentr-o sticl\u0103 elegant\u0103 de 100 ml, Apa de Parfum Musamam nu este doar un parfum, ci \u0219i o experien\u021b\u0103 de lux. Ambalajul elegant oglinde\u0219te aten\u021bia la detalii g\u0103sit\u0103 \u00een parfumul \u00een sine. Ideal\u0103 pentru uz personal sau ca un cadou atent, aceast\u0103 arom\u0103 exemplific\u0103 calitatea \u0219i rafinamentul. Fii preg\u0103tit s\u0103 prime\u0219ti complimente de fiecare dat\u0103 c\u00e2nd \u00eel por\u021bi, deoarece parfumul s\u0103u captivant se \u00eemplete\u0219te complicat \u00een amintirile create cu cei din jurul t\u0103u.<\/p>\n<p>Selecta\u021bi Apa de Parfum Musamam pentru un parfum care spune multe f\u0103r\u0103 a spune un cuv\u00e2nt. Investe\u0219te ast\u0103zi \u00een acest parfum de semn\u0103tur\u0103 \u0219i descoper\u0103 cum \u00ee\u021bi transform\u0103 prezen\u021ba \u00een orice situa\u021bie.<\/p>","protected":false},"excerpt":{"rendered":"<p><strong>Note de varf<\/strong>: mandarina italiana, lavanda, sofran<\/p>\n<p><strong>Note de mijloc<\/strong>: geranium egiptean, cedru,\u00a0Amberwood<\/p>\n<p><strong>Note de baza<\/strong>:\u00a0frankincense de Somalia,\u00a0Akigalawood<\/p>","protected":false},"featured_media":2134,"comment_status":"open","ping_status":"closed","template":"","meta":{"om_disable_all_campaigns":false,"_monsterinsights_skip_tracking":false,"_monsterinsights_sitenote_active":false,"_monsterinsights_sitenote_note":"","_monsterinsights_sitenote_category":0},"product_brand":[63],"product_cat":[57],"product_tag":[],"class_list":{"0":"post-2132","1":"product","2":"type-product","3":"status-publish","4":"has-post-thumbnail","6":"product_brand-lattafa","7":"product_cat-unisex","9":"first","10":"instock","11":"shipping-taxable","12":"purchasable","13":"product-type-simple"},"aioseo_notices":[],"ct_brands":[{"id":63,"name":"Lattafa","slug":"lattafa"}],"_links":{"self":[{"href":"https:\/\/habibimb.com\/en\/wp-json\/wp\/v2\/product\/2132","targetHints":{"allow":["GET"]}}],"collection":[{"href":"https:\/\/habibimb.com\/en\/wp-json\/wp\/v2\/product"}],"about":[{"href":"https:\/\/habibimb.com\/en\/wp-json\/wp\/v2\/types\/product"}],"replies":[{"embeddable":true,"href":"https:\/\/habibimb.com\/en\/wp-json\/wp\/v2\/comments?post=2132"}],"wp:featuredmedia":[{"embeddable":true,"href":"https:\/\/habibimb.com\/en\/wp-json\/wp\/v2\/media\/2134"}],"wp:attachment":[{"href":"https:\/\/habibimb.com\/en\/wp-json\/wp\/v2\/media?parent=2132"}],"wp:term":[{"taxonomy":"product_brand","embeddable":true,"href":"https:\/\/habibimb.com\/en\/wp-json\/wp\/v2\/product_brand?post=2132"},{"taxonomy":"product_cat","embeddable":true,"href":"https:\/\/habibimb.com\/en\/wp-json\/wp\/v2\/product_cat?post=2132"},{"taxonomy":"product_tag","embeddable":true,"href":"https:\/\/habibimb.com\/en\/wp-json\/wp\/v2\/product_tag?post=2132"}],"curies":[{"name":"wp","href":"https:\/\/api.w.org\/{rel}","templated":true}]}}