{"id":2129,"date":"2025-05-03T07:23:17","date_gmt":"2025-05-03T07:23:17","guid":{"rendered":"https:\/\/habibimb.com\/?post_type=product&#038;p=2129"},"modified":"2026-01-07T05:56:13","modified_gmt":"2026-01-07T05:56:13","slug":"apa-de-parfum-badee-al-oud-sublime-lattafa-femei-100ml","status":"publish","type":"product","link":"https:\/\/habibimb.com\/en\/product\/apa-de-parfum-badee-al-oud-sublime-lattafa-femei-100ml\/","title":{"rendered":"Badee Al Oud Sublime, Lattafa"},"content":{"rendered":"<h2>Dezl\u0103n\u021buie elegan\u021b\u0103 atemporal\u0103<\/h2>\n<p>Descoperi\u021bi aura \u00eenc\u00e2nt\u0103toare a Apa de Parfum Badee Al Oud Sublime de la Lattafa, un parfum care \u00eencapsuleaz\u0103 esen\u021ba rafinamentului. Acest parfum de lux este croit pentru femeile care apreciaz\u0103 lucrurile fine din via\u021b\u0103, \u00eembin\u00e2nd perfect tradi\u021bia \u0219i modernitatea cu fiecare spritz. R\u0103sf\u0103\u021ba\u021bi-v\u0103 cu un parfum care spune multe f\u0103r\u0103 a spune un cuv\u00e2nt \u0219i las\u0103 o impresie de durat\u0103.<\/p>\n<h2>Un profil de parfum captivant<\/h2>\n<p>Alura Badee Al Oud Sublime const\u0103 \u00een compozi\u021bia sa complicat\u0103, care \u00eembin\u0103 armonios oud bogat cu note florale delicate. Parfumul se deschide cu o explozie de citrice proaspete, tranzi\u021bion\u00e2ndu-se \u00eentr-o inim\u0103 de trandafiri catifela\u021bi \u0219i iasomie, \u00eenv\u0103luit\u0103 de mirosul cald \u0219i p\u0103m\u00e2ntesc al oudului. Acest echilibru rafinat de parfumuri \u00eel face perfect at\u00e2t pentru zi, c\u00e2t \u0219i pentru noapte, asigur\u00e2ndu-v\u0103 c\u0103 v\u0103 sim\u021bi\u021bi \u00eencrez\u0103tor \u0219i radiant indiferent de ocazie.<\/p>\n<h2>Cadou perfect pentru ocazii speciale<\/h2>\n<p>Fie c\u0103 este vorba de o zi de na\u0219tere, o aniversare sau pur \u0219i simplu un gest de dragoste, Apa de Parfum Badee Al Oud Sublime serve\u0219te ca o alegere elegant\u0103 de cadou. \u00cenvelit \u00eentr-o sticl\u0103 frumos proiectat\u0103 care reflect\u0103 con\u021binutul s\u0103u luxos, acest parfum va \u00eenc\u00e2nta pe oricine \u00eel prime\u0219te. Arat\u0103-i cuiva c\u00e2t de mult \u00eenseamn\u0103 pentru tine cu un cadou care \u00eentruchipeaz\u0103 rafinamentul, romantismul \u0219i frumuse\u021bea atemporal\u0103.<\/p>\n<p>Ridica\u021bi-v\u0103 colec\u021bia de parfumuri ast\u0103zi cu acest parfum captivant \u0219i l\u0103sa\u021bi aroma sa magnific\u0103 s\u0103 v\u0103 transporte \u00eentr-o lume a elegan\u021bei \u0219i gra\u021biei. Cu o dimensiune generoas\u0103 de 100 ml, ve\u021bi avea un parfum amplu de care s\u0103 v\u0103 bucura\u021bi \u0219i s\u0103 \u00eemp\u0103rt\u0103\u0219i\u021bi. Experimenteaz\u0103 farmecul Badee Al Oud Sublime \u0219i redefine\u0219te-\u021bi parfumul semn\u0103tur\u0103 cu Lattafa.<\/p>","protected":false},"excerpt":{"rendered":"<p><strong>NOTE VARF:<\/strong>\u00a0Lychee, mar, trandafir.<\/p>\n<p><strong>NOTE ASCUNSE:<\/strong>\u00a0jasomie, pruna.<\/p>\n<p><strong>NOTE BAZA:\u00a0<\/strong>muschi, patchouli, vanilie.<\/p>","protected":false},"featured_media":2131,"comment_status":"open","ping_status":"closed","template":"","meta":{"om_disable_all_campaigns":false,"_monsterinsights_skip_tracking":false,"_monsterinsights_sitenote_active":false,"_monsterinsights_sitenote_note":"","_monsterinsights_sitenote_category":0},"product_brand":[63],"product_cat":[56],"product_tag":[],"class_list":{"0":"post-2129","1":"product","2":"type-product","3":"status-publish","4":"has-post-thumbnail","6":"product_brand-lattafa","7":"product_cat-pentru-ea","9":"first","10":"outofstock","11":"shipping-taxable","12":"purchasable","13":"product-type-simple"},"aioseo_notices":[],"ct_brands":[{"id":63,"name":"Lattafa","slug":"lattafa"}],"_links":{"self":[{"href":"https:\/\/habibimb.com\/en\/wp-json\/wp\/v2\/product\/2129","targetHints":{"allow":["GET"]}}],"collection":[{"href":"https:\/\/habibimb.com\/en\/wp-json\/wp\/v2\/product"}],"about":[{"href":"https:\/\/habibimb.com\/en\/wp-json\/wp\/v2\/types\/product"}],"replies":[{"embeddable":true,"href":"https:\/\/habibimb.com\/en\/wp-json\/wp\/v2\/comments?post=2129"}],"wp:featuredmedia":[{"embeddable":true,"href":"https:\/\/habibimb.com\/en\/wp-json\/wp\/v2\/media\/2131"}],"wp:attachment":[{"href":"https:\/\/habibimb.com\/en\/wp-json\/wp\/v2\/media?parent=2129"}],"wp:term":[{"taxonomy":"product_brand","embeddable":true,"href":"https:\/\/habibimb.com\/en\/wp-json\/wp\/v2\/product_brand?post=2129"},{"taxonomy":"product_cat","embeddable":true,"href":"https:\/\/habibimb.com\/en\/wp-json\/wp\/v2\/product_cat?post=2129"},{"taxonomy":"product_tag","embeddable":true,"href":"https:\/\/habibimb.com\/en\/wp-json\/wp\/v2\/product_tag?post=2129"}],"curies":[{"name":"wp","href":"https:\/\/api.w.org\/{rel}","templated":true}]}}