{"id":2126,"date":"2025-05-03T05:44:54","date_gmt":"2025-05-03T05:44:54","guid":{"rendered":"https:\/\/habibimb.com\/?post_type=product&#038;p=2126"},"modified":"2025-05-15T07:32:04","modified_gmt":"2025-05-15T07:32:04","slug":"apa-de-parfum-maahir-legacy-by-lattafa-barbati-100ml","status":"publish","type":"product","link":"https:\/\/habibimb.com\/en\/product\/apa-de-parfum-maahir-legacy-by-lattafa-barbati-100ml\/","title":{"rendered":"Maahir Legacy, By Lattafa"},"content":{"rendered":"<h2>Dezl\u0103n\u021buie-\u021bi carisma cu Maahir Legacy<\/h2>\n<p>V\u0103 prezent\u0103m captivantul Apa de Parfum Maahir Legacy de la Lattafa, conceput pentru b\u0103rbatul modern care \u00eentruchipeaz\u0103 \u00eencrederea \u0219i rafinamentul. Acest parfum rafinat de 100 ml nu este doar un parfum; Este o experien\u021b\u0103 care \u00eencapsuleaz\u0103 esen\u021ba masculinit\u0103\u021bii \u0219i a atrac\u021biei. Infuzat cu note bogate \u0219i vibrante, Maahir Legacy se remarc\u0103 ca un parfum atemporal care las\u0103 o impresie de durat\u0103.<\/p>\n<h2>Fabricat la perfec\u021biune<\/h2>\n<p>Maahir Legacy \u00eencepe cu un amestec intrigant de note proaspete de citrice, oferind o explozie r\u0103coritoare care revigoreaz\u0103 sim\u021burile. Pe m\u0103sur\u0103 ce se desf\u0103\u0219oar\u0103, inima dezv\u0103luie un amestec de condimente aromate \u0219i nuan\u021be florale, ad\u0103ug\u00e2nd profunzime \u0219i complexitate acestui parfum unic. Notele de baz\u0103 constau din chihlimbar cald \u0219i lemn p\u0103m\u00e2ntesc, cre\u00e2nd un final bogat, persistent, care este at\u00e2t atr\u0103g\u0103tor, c\u00e2t \u0219i sofisticat. Este un amestec armonios care echilibreaz\u0103 perfect for\u021ba \u0219i elegan\u021ba.<\/p>\n<h2>\u00cembun\u0103t\u0103\u021bi\u021bi-v\u0103 experien\u021ba de zi cu zi<\/h2>\n<p>Fie c\u0103 te \u00eendrep\u021bi spre o \u00eent\u00e2lnire de afaceri sau te bucuri de o noapte \u00een ora\u0219, Apa de Parfum Maahir Legacy este \u00eenso\u021bitorul suprem pentru orice ocazie. C\u00e2teva pulveriz\u0103ri din acest parfum luxos nu numai c\u0103 \u00ee\u021bi vor \u00eembun\u0103t\u0103\u021bi stilul personal, ci \u0219i \u00ee\u021bi vor spori \u00eencrederea. Formula sa de lung\u0103 durat\u0103 v\u0103 asigur\u0103 c\u0103 r\u0103m\u00e2ne\u021bi \u00eenv\u0103luit \u00een aroma sa rafinat\u0103 pe tot parcursul zilei. Experimenta\u021bi farmecul de durat\u0103 pe care numai Maahir Legacy \u00eel poate oferi.<\/p>\n<p>R\u0103sf\u0103\u021ba\u021bi-v\u0103 cu exprimarea de sine cu Apa de Parfum Maahir Legacy. Acest parfum excep\u021bional \u00eencapsuleaz\u0103 spiritul rafinamentului, f\u0103c\u00e2ndu-l un cadou perfect pentru tine sau pentru b\u0103rbatul distins din via\u021ba ta. Explora\u021bi esen\u021ba luxului ast\u0103zi \u0219i \u00eembr\u0103\u021bi\u0219a\u021bi o mo\u0219tenire de elegan\u021b\u0103 cu Maahir Legacy.<\/p>","protected":false},"excerpt":{"rendered":"<p><strong>Note de varf\u00a0<\/strong>&#8211; Lime verde, grapefruit, lavanda, menta, ananas.<\/p>\n<p><strong>Note de mijloc<\/strong>\u00a0&#8211; boabe de ienupar, rozmarin, rasinoid de oliban, muscate, piper negru.<\/p>\n<p><strong>Note de baza<\/strong>\u00a0&#8211; Vetiver, casmir, ambrox, lichen, boabe de tonka.<\/p>","protected":false},"featured_media":2128,"comment_status":"open","ping_status":"closed","template":"","meta":{"om_disable_all_campaigns":false,"_monsterinsights_skip_tracking":false,"_monsterinsights_sitenote_active":false,"_monsterinsights_sitenote_note":"","_monsterinsights_sitenote_category":0},"product_brand":[63],"product_cat":[55],"product_tag":[],"class_list":{"0":"post-2126","1":"product","2":"type-product","3":"status-publish","4":"has-post-thumbnail","6":"product_brand-lattafa","7":"product_cat-pentru-el","9":"first","10":"instock","11":"shipping-taxable","12":"purchasable","13":"product-type-simple"},"aioseo_notices":[],"ct_brands":[{"id":63,"name":"Lattafa","slug":"lattafa"}],"_links":{"self":[{"href":"https:\/\/habibimb.com\/en\/wp-json\/wp\/v2\/product\/2126","targetHints":{"allow":["GET"]}}],"collection":[{"href":"https:\/\/habibimb.com\/en\/wp-json\/wp\/v2\/product"}],"about":[{"href":"https:\/\/habibimb.com\/en\/wp-json\/wp\/v2\/types\/product"}],"replies":[{"embeddable":true,"href":"https:\/\/habibimb.com\/en\/wp-json\/wp\/v2\/comments?post=2126"}],"wp:featuredmedia":[{"embeddable":true,"href":"https:\/\/habibimb.com\/en\/wp-json\/wp\/v2\/media\/2128"}],"wp:attachment":[{"href":"https:\/\/habibimb.com\/en\/wp-json\/wp\/v2\/media?parent=2126"}],"wp:term":[{"taxonomy":"product_brand","embeddable":true,"href":"https:\/\/habibimb.com\/en\/wp-json\/wp\/v2\/product_brand?post=2126"},{"taxonomy":"product_cat","embeddable":true,"href":"https:\/\/habibimb.com\/en\/wp-json\/wp\/v2\/product_cat?post=2126"},{"taxonomy":"product_tag","embeddable":true,"href":"https:\/\/habibimb.com\/en\/wp-json\/wp\/v2\/product_tag?post=2126"}],"curies":[{"name":"wp","href":"https:\/\/api.w.org\/{rel}","templated":true}]}}