{"id":2120,"date":"2025-05-03T05:40:30","date_gmt":"2025-05-03T05:40:30","guid":{"rendered":"https:\/\/habibimb.com\/?post_type=product&#038;p=2120"},"modified":"2025-05-15T07:32:04","modified_gmt":"2025-05-15T07:32:04","slug":"apa-de-parfum-ajwad-by-lattafa-femei-60ml","status":"publish","type":"product","link":"https:\/\/habibimb.com\/en\/product\/apa-de-parfum-ajwad-by-lattafa-femei-60ml\/","title":{"rendered":"Ajwad, By Lattafa"},"content":{"rendered":"<h2>V\u0103 prezent\u0103m Ajwad de Lattafa<\/h2>\n<p>R\u0103sf\u0103\u021ba\u021bi-v\u0103 cu aroma luxoas\u0103 a <strong>Ajwad de Lattafa<\/strong>, un parfum captivant conceput pentru femei. Aceast\u0103 <strong>apa de parfum<\/strong> rafinat\u0103 ofer\u0103 un amestec \u00eenc\u00e2nt\u0103tor de note care v\u0103 vor transporta \u00eentr-un t\u0103r\u00e2m al elegan\u021bei \u0219i rafinamentului.<\/p>\n<h2>Amestecul perfect de parfum<\/h2>\n<p>Fiecare pulverizare de <strong>Ajwad<\/strong> dezv\u0103luie o fuziune armonioas\u0103 de note florale \u0219i fructate, cre\u00e2nd un parfum care este at\u00e2t revigorant, c\u00e2t \u0219i atr\u0103g\u0103tor. Notele sale de v\u00e2rf str\u0103lucesc de prospe\u021bime, \u00een timp ce notele de mijloc scot \u00een eviden\u021b\u0103 esen\u021ba floral\u0103 bogat\u0103, culmin\u00e2nd cu o baz\u0103 cald\u0103 care persist\u0103 pe tot parcursul zilei. Flaconul de 60 ml este perfect pentru cei care apreciaz\u0103 un parfum care se adapteaz\u0103 la diverse ocazii, l\u0103s\u00e2nd o urm\u0103 de neuitat.<\/p>\n<h2>De ce s\u0103 alegi Ajwad?<\/h2>\n<p>Alegerea <strong>Ajwad de la Lattafa<\/strong> \u00eenseamn\u0103 \u00eembr\u0103\u021bi\u0219area unui parfum care nu numai c\u0103 \u00ee\u021bi \u00eembun\u0103t\u0103\u021be\u0219te frumuse\u021bea, ci \u0219i \u00ee\u021bi spore\u0219te \u00eencrederea. Indiferent dac\u0103 \u00eel por\u021bi la un eveniment formal sau la o ie\u0219ire casual, acest <strong>apa de parfum<\/strong> \u00ee\u021bi completeaz\u0103 personalitatea unic\u0103 f\u0103r\u0103 efort. Aroma sa \u00eenc\u00e2nt\u0103toare este o reflectare a individualit\u0103\u021bii \u0219i puterii tale, f\u0103c\u00e2ndu-l un plus esen\u021bial pentru colec\u021bia ta de parfumuri.<\/p>\n<p>Elegan\u021ba nu este doar despre aspect; este despre aura pe care o proiectezi. <strong>Las\u0103-l pe Ajwad<\/strong> s\u0103 fie atingerea final\u0103 care \u00ee\u021bi completeaz\u0103 look-ul \u0219i \u00eei captiveaz\u0103 pe cei din jurul t\u0103u. Scufunda\u021bi-v\u0103 \u00een lumea luxului \u0219i rafinamentului cu fiecare utilizare a acestui parfum de semn\u0103tur\u0103.<\/p>","protected":false},"excerpt":{"rendered":"<p><strong>Note de varf<\/strong>: note fructate.<br \/>\n<strong>Note de mijloc<\/strong>: trandafir, iasomie.<br \/>\n<strong>Note de baza<\/strong>: mosc, ambra, vanilie, cedru.<\/p>","protected":false},"featured_media":2122,"comment_status":"open","ping_status":"closed","template":"","meta":{"om_disable_all_campaigns":false,"_monsterinsights_skip_tracking":false,"_monsterinsights_sitenote_active":false,"_monsterinsights_sitenote_note":"","_monsterinsights_sitenote_category":0},"product_brand":[63],"product_cat":[56],"product_tag":[],"class_list":{"0":"post-2120","1":"product","2":"type-product","3":"status-publish","4":"has-post-thumbnail","6":"product_brand-lattafa","7":"product_cat-pentru-ea","9":"first","10":"instock","11":"shipping-taxable","12":"purchasable","13":"product-type-simple"},"aioseo_notices":[],"ct_brands":[{"id":63,"name":"Lattafa","slug":"lattafa"}],"_links":{"self":[{"href":"https:\/\/habibimb.com\/en\/wp-json\/wp\/v2\/product\/2120","targetHints":{"allow":["GET"]}}],"collection":[{"href":"https:\/\/habibimb.com\/en\/wp-json\/wp\/v2\/product"}],"about":[{"href":"https:\/\/habibimb.com\/en\/wp-json\/wp\/v2\/types\/product"}],"replies":[{"embeddable":true,"href":"https:\/\/habibimb.com\/en\/wp-json\/wp\/v2\/comments?post=2120"}],"wp:featuredmedia":[{"embeddable":true,"href":"https:\/\/habibimb.com\/en\/wp-json\/wp\/v2\/media\/2122"}],"wp:attachment":[{"href":"https:\/\/habibimb.com\/en\/wp-json\/wp\/v2\/media?parent=2120"}],"wp:term":[{"taxonomy":"product_brand","embeddable":true,"href":"https:\/\/habibimb.com\/en\/wp-json\/wp\/v2\/product_brand?post=2120"},{"taxonomy":"product_cat","embeddable":true,"href":"https:\/\/habibimb.com\/en\/wp-json\/wp\/v2\/product_cat?post=2120"},{"taxonomy":"product_tag","embeddable":true,"href":"https:\/\/habibimb.com\/en\/wp-json\/wp\/v2\/product_tag?post=2120"}],"curies":[{"name":"wp","href":"https:\/\/api.w.org\/{rel}","templated":true}]}}