{"id":2117,"date":"2025-05-03T05:38:50","date_gmt":"2025-05-03T05:38:50","guid":{"rendered":"https:\/\/habibimb.com\/?post_type=product&#038;p=2117"},"modified":"2025-05-15T07:32:04","modified_gmt":"2025-05-15T07:32:04","slug":"apa-de-parfum-ajwad-pink-to-pink-by-lattafa-femei-60ml","status":"publish","type":"product","link":"https:\/\/habibimb.com\/en\/product\/apa-de-parfum-ajwad-pink-to-pink-by-lattafa-femei-60ml\/","title":{"rendered":"Ajwad Pink To Pink, By Lattafa"},"content":{"rendered":"<h2>Dezv\u0103luie-\u021bi frumuse\u021bea interioar\u0103<\/h2>\n<p>Descoper\u0103 alura \u00eenc\u00e2nt\u0103toare a Apa de Parfum Ajwad Pink To Pink de Lattafa, un parfum conceput cu meticulozitate pentru femeia modern\u0103. Acest parfum de 60 ml este conceput pentru a evoca un sentiment de elegan\u021b\u0103 \u0219i farmec, f\u0103c\u00e2ndu-l \u00eenso\u021bitorul perfect at\u00e2t pentru zi, c\u00e2t \u0219i pentru noapte. Cu amestecul s\u0103u unic de note rafinate, acest parfum v\u0103 asigur\u0103 s\u0103 ie\u0219i\u021bi \u00een eviden\u021b\u0103 \u0219i s\u0103 face\u021bi o impresie de durat\u0103.<\/p>\n<h2>Profilul parfumului<\/h2>\n<p>Apa de Parfum Ajwad Pink To Pink se deschide cu o explozie r\u0103coritoare de note fructate vibrante, trec\u00e2nd f\u0103r\u0103 probleme \u00eentr-o inim\u0103 care captiveaz\u0103 cu nuan\u021be florale. Pe m\u0103sur\u0103 ce parfumul evolueaz\u0103, baza dezv\u0103luie note lemnoase calde \u0219i subtile, cre\u00e2nd un parfum bine rotunjit care rezoneaz\u0103 cu feminitatea \u0219i gra\u021bie. Aceast\u0103 compozi\u021bie frumos stratificat\u0103 rezoneaz\u0103 cu cei care apreciaz\u0103 rafinamentul \u0219i profunzimea parfumului lor.<\/p>\n<h2>Perfect pentru orice ocazie<\/h2>\n<p>Fie c\u0103 v\u0103 preg\u0103ti\u021bi pentru o ie\u0219ire casual sau un eveniment elegant de sear\u0103, Ajwad Pink To Pink v\u0103 acoper\u0103. Profilul s\u0103u olfactiv versatil \u00eel face o alegere u\u0219oar\u0103 pentru orice ocazie, permi\u021b\u00e2ndu-v\u0103 s\u0103 v\u0103 exprima\u021bi personalitatea f\u0103r\u0103 efort. Pur \u0219i simplu pulverizeaz\u0103-l pe punctele de puls \u0219i las\u0103 parfumul s\u0103 te \u00eembr\u0103\u021bi\u0219eze pe tot parcursul zilei. Cu fiecare aplicare, te vei sim\u021bi \u00eemputernicit \u0219i \u00eencrez\u0103tor, subliniind stilul t\u0103u unic.<\/p>\n<p>R\u0103sf\u0103\u021ba\u021bi-v\u0103 sau surprinde\u021bi o persoan\u0103 drag\u0103 cu acest parfum elegant. Apa de Parfum Ajwad Pink To Pink nu este doar un parfum; Este o declara\u021bie de elegan\u021b\u0103 \u0219i individualitate pe care o po\u021bi purta cu m\u00e2ndrie.<\/p>","protected":false},"excerpt":{"rendered":"<p><strong>Note de varf:<\/strong>\u00a0grapefruit roz, piper roz, Lychee<br \/>\n<strong>Note de mijloc:<\/strong>\u00a0magnolie, bujor, trandafir<br \/>\n<strong>Note de baza:\u00a0<\/strong>chihlimbar cenu\u015fiu, vanilie, piele, mosc, mu\u015fchi<\/p>\n<p>&nbsp;<\/p>","protected":false},"featured_media":2119,"comment_status":"open","ping_status":"closed","template":"","meta":{"om_disable_all_campaigns":false,"_monsterinsights_skip_tracking":false,"_monsterinsights_sitenote_active":false,"_monsterinsights_sitenote_note":"","_monsterinsights_sitenote_category":0},"product_brand":[63],"product_cat":[56],"product_tag":[],"class_list":{"0":"post-2117","1":"product","2":"type-product","3":"status-publish","4":"has-post-thumbnail","6":"product_brand-lattafa","7":"product_cat-pentru-ea","9":"first","10":"instock","11":"shipping-taxable","12":"purchasable","13":"product-type-simple"},"aioseo_notices":[],"ct_brands":[{"id":63,"name":"Lattafa","slug":"lattafa"}],"_links":{"self":[{"href":"https:\/\/habibimb.com\/en\/wp-json\/wp\/v2\/product\/2117","targetHints":{"allow":["GET"]}}],"collection":[{"href":"https:\/\/habibimb.com\/en\/wp-json\/wp\/v2\/product"}],"about":[{"href":"https:\/\/habibimb.com\/en\/wp-json\/wp\/v2\/types\/product"}],"replies":[{"embeddable":true,"href":"https:\/\/habibimb.com\/en\/wp-json\/wp\/v2\/comments?post=2117"}],"wp:featuredmedia":[{"embeddable":true,"href":"https:\/\/habibimb.com\/en\/wp-json\/wp\/v2\/media\/2119"}],"wp:attachment":[{"href":"https:\/\/habibimb.com\/en\/wp-json\/wp\/v2\/media?parent=2117"}],"wp:term":[{"taxonomy":"product_brand","embeddable":true,"href":"https:\/\/habibimb.com\/en\/wp-json\/wp\/v2\/product_brand?post=2117"},{"taxonomy":"product_cat","embeddable":true,"href":"https:\/\/habibimb.com\/en\/wp-json\/wp\/v2\/product_cat?post=2117"},{"taxonomy":"product_tag","embeddable":true,"href":"https:\/\/habibimb.com\/en\/wp-json\/wp\/v2\/product_tag?post=2117"}],"curies":[{"name":"wp","href":"https:\/\/api.w.org\/{rel}","templated":true}]}}