{"id":2114,"date":"2025-05-03T05:36:09","date_gmt":"2025-05-03T05:36:09","guid":{"rendered":"https:\/\/habibimb.com\/?post_type=product&#038;p=2114"},"modified":"2025-05-15T07:32:03","modified_gmt":"2025-05-15T07:32:03","slug":"apa-de-parfum-muna-by-lattafa-unisex-100ml","status":"publish","type":"product","link":"https:\/\/habibimb.com\/en\/product\/apa-de-parfum-muna-by-lattafa-unisex-100ml\/","title":{"rendered":"Muna, By Lattafa"},"content":{"rendered":"<p><strong>Experimenta\u021bi esen\u021ba captivant\u0103 a Apa de Parfum Muna de la Lattafa.<\/strong> Acest parfum unisex, prezentat \u00eentr-o sticl\u0103 generoas\u0103 de 100 ml, combin\u0103 c\u0103ldura \u0219i rafinamentul pentru a oferi o c\u0103l\u0103torie olfactiv\u0103 potrivit\u0103 pentru toate persoanele. Fie c\u0103 te preg\u0103te\u0219ti pentru o ocazie special\u0103 sau vrei s\u0103-\u021bi ridici prezen\u021ba de zi cu zi, Muna ofer\u0103 parfumul perfect pentru a-\u021bi spori individualitatea.<\/p>\n<h2>Note care captiveaz\u0103<\/h2>\n<p>Apa de Parfum Muna se deschide cu note proaspete \u0219i vibrante care trezesc sim\u021burile, \u00eenv\u0103luindu-te \u00eentr-un buchet de arome \u00eenc\u00e2nt\u0103toare. Notele de v\u00e2rf izbucnesc cu citrice revigorante \u0219i flori delicate, cre\u00e2nd o introducere \u00een\u0103l\u021b\u0103toare. Pe m\u0103sur\u0103 ce parfumul se dezvolt\u0103, o inim\u0103 de condimente bogate \u0219i nuan\u021be lemnoase subtile prinde via\u021b\u0103, g\u0103sind un echilibru \u00eentre elegan\u021b\u0103 \u0219i farmec. \u00cen cele din urm\u0103, notele de baz\u0103 se a\u0219eaz\u0103 \u00eentr-o \u00eembr\u0103\u021bi\u0219are cald\u0103 de chihlimbar \u0219i mosc, l\u0103s\u00e2nd o urm\u0103 de neuitat care persist\u0103 mult timp dup\u0103 aplicare.<\/p>\n<h2>Atrac\u021bie unisex<\/h2>\n<p>Conceput pentru a fi purtat de oricine, Apa de Parfum Muna transcende grani\u021bele tradi\u021bionale de gen. Amestecul s\u0103u armonios de note \u00eel face o alegere ideal\u0103 at\u00e2t pentru b\u0103rba\u021bi, c\u00e2t \u0219i pentru femei, asigur\u00e2nd un parfum versatil care rezoneaz\u0103 cu toate personalit\u0103\u021bile. Fie c\u0103 te \u00eembraci pentru o noapte \u00een ora\u0219 sau participi la o \u00eent\u00e2lnire casual, Muna completeaz\u0103 orice stare de spirit, \u00eembun\u0103t\u0103\u021bindu-\u021bi aura cu prezen\u021ba sa \u00eenc\u00e2nt\u0103toare.<\/p>\n<h2>Parfum de lung\u0103 durat\u0103<\/h2>\n<p>Una dintre caracteristicile definitorii ale Apa de Parfum Muna este longevitatea sa remarcabil\u0103. Infuzat cu concentra\u021bii de \u00eenalt\u0103 calitate de uleiuri parfumate, acest parfum promite un parfum care dureaz\u0103 toat\u0103 ziua, care necesit\u0103 o reaplicare minim\u0103. Silajul s\u0103u este impresionant, asigur\u00e2ndu-v\u0103 c\u0103 l\u0103sa\u021bi o impresie frumoas\u0103 oriunde merge\u021bi, f\u0103r\u0103 a fi cople\u0219itor. C\u00e2teva spray-uri sunt suficiente pentru a te \u00eenv\u0103lui \u00een aroma sa luxoas\u0103 pe tot parcursul zilei.<\/p>\n<p>\u00cen concluzie, Apa de Parfum Muna de la Lattafa este mai mult dec\u00e2t un parfum; este o experien\u021b\u0103. Cu atrac\u021bia sa unisex, notele vii \u0219i formula de lung\u0103 durat\u0103, acest parfum este un must-have \u00een orice colec\u021bie de parfumuri. R\u0103sf\u0103\u021ba\u021bi-v\u0103 pe dumneavoastr\u0103 sau pe o persoan\u0103 drag\u0103 cu Muna \u0219i descoperi\u021bi farmecul acestui parfum rafinat.<\/p>","protected":false},"excerpt":{"rendered":"<p>Note de varf : Pepene Verde, Capsune<br \/>\nNote de mijloc : Bujor, Trandafir de Damasc, Magnolie, Ciclamen<br \/>\nNote de baza : Note Lemnoase, Mosc<\/p>","protected":false},"featured_media":2116,"comment_status":"open","ping_status":"closed","template":"","meta":{"om_disable_all_campaigns":false,"_monsterinsights_skip_tracking":false,"_monsterinsights_sitenote_active":false,"_monsterinsights_sitenote_note":"","_monsterinsights_sitenote_category":0},"product_brand":[63],"product_cat":[57],"product_tag":[],"class_list":{"0":"post-2114","1":"product","2":"type-product","3":"status-publish","4":"has-post-thumbnail","6":"product_brand-lattafa","7":"product_cat-unisex","9":"first","10":"instock","11":"shipping-taxable","12":"purchasable","13":"product-type-simple"},"aioseo_notices":[],"ct_brands":[{"id":63,"name":"Lattafa","slug":"lattafa"}],"_links":{"self":[{"href":"https:\/\/habibimb.com\/en\/wp-json\/wp\/v2\/product\/2114","targetHints":{"allow":["GET"]}}],"collection":[{"href":"https:\/\/habibimb.com\/en\/wp-json\/wp\/v2\/product"}],"about":[{"href":"https:\/\/habibimb.com\/en\/wp-json\/wp\/v2\/types\/product"}],"replies":[{"embeddable":true,"href":"https:\/\/habibimb.com\/en\/wp-json\/wp\/v2\/comments?post=2114"}],"wp:featuredmedia":[{"embeddable":true,"href":"https:\/\/habibimb.com\/en\/wp-json\/wp\/v2\/media\/2116"}],"wp:attachment":[{"href":"https:\/\/habibimb.com\/en\/wp-json\/wp\/v2\/media?parent=2114"}],"wp:term":[{"taxonomy":"product_brand","embeddable":true,"href":"https:\/\/habibimb.com\/en\/wp-json\/wp\/v2\/product_brand?post=2114"},{"taxonomy":"product_cat","embeddable":true,"href":"https:\/\/habibimb.com\/en\/wp-json\/wp\/v2\/product_cat?post=2114"},{"taxonomy":"product_tag","embeddable":true,"href":"https:\/\/habibimb.com\/en\/wp-json\/wp\/v2\/product_tag?post=2114"}],"curies":[{"name":"wp","href":"https:\/\/api.w.org\/{rel}","templated":true}]}}