{"id":2112,"date":"2025-05-03T05:34:05","date_gmt":"2025-05-03T05:34:05","guid":{"rendered":"https:\/\/habibimb.com\/?post_type=product&#038;p=2112"},"modified":"2025-06-10T10:42:05","modified_gmt":"2025-06-10T10:42:05","slug":"apa-de-parfum-opulent-dubai-by-lattafa-unisex-100ml","status":"publish","type":"product","link":"https:\/\/habibimb.com\/en\/product\/apa-de-parfum-opulent-dubai-by-lattafa-unisex-100ml\/","title":{"rendered":"Opulent Dubai, By Lattafa"},"content":{"rendered":"<h2>Dezv\u0103lui\u021bi esen\u021ba elegan\u021bei<\/h2>\n<p>R\u0103sf\u0103\u021ba\u021bi-v\u0103 cu alura luxoas\u0103 a Apa de Parfum Opulent Dubai by Lattafa. Acest parfum unisex captivant este conceput pentru cei care apreciaz\u0103 lucrurile fine din via\u021b\u0103. \u00cenvelit \u00eentr-o sticl\u0103 rafinat\u0103, acest parfum ofer\u0103 un parfum bogat care \u00eencapsuleaz\u0103 spiritul Dubaiului &#8211; un ora\u0219 cunoscut pentru opulen\u021ba \u0219i rafinamentul s\u0103u.<\/p>\n<h2>Un amestec armonios de note<\/h2>\n<p>Opulentul Dubai este creat cu un echilibru perfect de diverse note aromatice, oferind o experien\u021b\u0103 de parfum cu mai multe fa\u021bete. Notele de v\u00e2rf ofer\u0103 o explozie vibrant\u0103, trec\u00e2nd treptat la o inim\u0103 cald\u0103 \u0219i primitoare, care \u00eentruchipeaz\u0103 profunzimea \u0219i elegan\u021ba. \u00cen cele din urm\u0103, notele de baz\u0103 persist\u0103, \u00eenv\u0103luindu-te \u00eentr-o aur\u0103 captivant\u0103, care este at\u00e2t fascinant\u0103, c\u00e2t \u0219i durabil\u0103. Fiecare spritz este o c\u0103l\u0103torie printr-o oaz\u0103 de lux, f\u0103c\u00e2ndu-l perfect pentru orice ocazie, fie c\u0103 este vorba de o zi la birou sau de o noapte \u00een ora\u0219.<\/p>\n<h2>Calitate \u0219i versatilitate<\/h2>\n<p>Acest parfum unisex eman\u0103 nu numai rafinament, ci \u0219i versatilitate, atr\u0103g\u00e2nd at\u00e2t b\u0103rba\u021bii, c\u00e2t \u0219i femeile. Flaconul de 100 ml v\u0103 asigur\u0103 c\u0103 ave\u021bi o cantitate ampl\u0103 de acest parfum \u00eenc\u00e2nt\u0103tor, permi\u021b\u00e2ndu-v\u0103 s\u0103 v\u0103 r\u0103sf\u0103\u021ba\u021bi ori de c\u00e2te ori ave\u021bi chef. Formula sa de lung\u0103 durat\u0103 \u00eenseamn\u0103 c\u0103 v\u0103 pute\u021bi bucura de parfumul ispititor pe tot parcursul zilei f\u0103r\u0103 reaplic\u0103ri frecvente, f\u0103c\u00e2ndu-l un plus ideal pentru colec\u021bia dvs.<\/p>\n<p>Descoperi\u021bi lumea luxului prin lentila Apa de Parfum Opulent Dubai by Lattafa. Fie pentru tine, fie ca un cadou \u00eenc\u00e2nt\u0103tor pentru o persoan\u0103 drag\u0103, acest parfum \u00eencapsuleaz\u0103 o experien\u021b\u0103 de neuitat, \u00eentruchip\u00e2nd gra\u021bia \u0219i grandoarea omonimei sale. Ridica\u021bi-v\u0103 profilul de parfum \u0219i \u00eembr\u0103\u021bi\u0219a\u021bi esen\u021ba elegan\u021bei ast\u0103zi.<\/p>","protected":false},"excerpt":{"rendered":"<p><strong>Note de v\u00e2rf:<\/strong>\u00a0bergamot\u0103 \u0219i mandarin\u0103<br \/>\n<strong>Note de mijloc:<\/strong>\u00a0iasomie, trandafir, \u0219ofran<br \/>\n<strong>Note de baz\u0103:<\/strong>\u00a0ambra, oud, vanilie<\/p>","protected":false},"featured_media":2113,"comment_status":"open","ping_status":"closed","template":"","meta":{"om_disable_all_campaigns":false,"_monsterinsights_skip_tracking":false,"_monsterinsights_sitenote_active":false,"_monsterinsights_sitenote_note":"","_monsterinsights_sitenote_category":0},"product_brand":[63],"product_cat":[57],"product_tag":[],"class_list":{"0":"post-2112","1":"product","2":"type-product","3":"status-publish","4":"has-post-thumbnail","6":"product_brand-lattafa","7":"product_cat-unisex","9":"first","10":"instock","11":"shipping-taxable","12":"purchasable","13":"product-type-simple"},"aioseo_notices":[],"ct_brands":[{"id":63,"name":"Lattafa","slug":"lattafa"}],"_links":{"self":[{"href":"https:\/\/habibimb.com\/en\/wp-json\/wp\/v2\/product\/2112","targetHints":{"allow":["GET"]}}],"collection":[{"href":"https:\/\/habibimb.com\/en\/wp-json\/wp\/v2\/product"}],"about":[{"href":"https:\/\/habibimb.com\/en\/wp-json\/wp\/v2\/types\/product"}],"replies":[{"embeddable":true,"href":"https:\/\/habibimb.com\/en\/wp-json\/wp\/v2\/comments?post=2112"}],"wp:featuredmedia":[{"embeddable":true,"href":"https:\/\/habibimb.com\/en\/wp-json\/wp\/v2\/media\/2113"}],"wp:attachment":[{"href":"https:\/\/habibimb.com\/en\/wp-json\/wp\/v2\/media?parent=2112"}],"wp:term":[{"taxonomy":"product_brand","embeddable":true,"href":"https:\/\/habibimb.com\/en\/wp-json\/wp\/v2\/product_brand?post=2112"},{"taxonomy":"product_cat","embeddable":true,"href":"https:\/\/habibimb.com\/en\/wp-json\/wp\/v2\/product_cat?post=2112"},{"taxonomy":"product_tag","embeddable":true,"href":"https:\/\/habibimb.com\/en\/wp-json\/wp\/v2\/product_tag?post=2112"}],"curies":[{"name":"wp","href":"https:\/\/api.w.org\/{rel}","templated":true}]}}