{"id":2109,"date":"2025-05-03T05:31:52","date_gmt":"2025-05-03T05:31:52","guid":{"rendered":"https:\/\/habibimb.com\/?post_type=product&#038;p=2109"},"modified":"2026-02-02T11:44:46","modified_gmt":"2026-02-02T11:44:46","slug":"apa-de-parfum-opulent-musk-by-lattafa-femei-100ml","status":"publish","type":"product","link":"https:\/\/habibimb.com\/en\/product\/apa-de-parfum-opulent-musk-by-lattafa-femei-100ml\/","title":{"rendered":"Opulent Musk, By Lattafa"},"content":{"rendered":"<h2>R\u0103sf\u0103\u021ba\u021bi-v\u0103 cu parfumuri de lux<\/h2>\n<p>Descoper\u0103 amestecul captivant de elegan\u021b\u0103 \u0219i farmec cu Apa de Parfum Opulent Musk de la Lattafa. Conceput special pentru femei, acest parfum rafinat \u00eencapsuleaz\u0103 rafinamentul \u00een fiecare pic\u0103tur\u0103. Cu formula sa unic\u0103, acest parfum te invit\u0103 s\u0103-\u021bi exprimi adev\u0103rata esen\u021b\u0103, l\u0103s\u00e2nd \u00een acela\u0219i timp o impresie de durat\u0103 oriunde te-ai duce.<\/p>\n<h2>Note care inspir\u0103<\/h2>\n<p>Moscul opulent se desf\u0103\u0219oar\u0103 cu o not\u0103 de v\u00e2rf \u00eenc\u00e2nt\u0103toare de citrice proaspete, tranzi\u021bion\u00e2nd f\u0103r\u0103 probleme \u00eentr-o inim\u0103 de amestecuri florale bogate. Notele de baz\u0103 captivante prezint\u0103 un mosc cald \u0219i profund care te \u00eenv\u0103luie \u00een bog\u0103\u021bia sa, cre\u00e2nd o aur\u0103 magnetic\u0103. Aceast\u0103 combina\u021bie dinamic\u0103 asigur\u0103 c\u0103 fiecare spray dezv\u0103luie noi dimensiuni, f\u0103c\u00e2ndu-l o alegere perfect\u0103 at\u00e2t pentru zi, c\u00e2t \u0219i pentru noapte.<\/p>\n<h2>Luxul t\u0103u zilnic<\/h2>\n<p>La 100 ml, Apa de Parfum Opulent Musk nu este doar un parfum; este o experien\u021b\u0103 menit\u0103 s\u0103-\u021bi \u00eembun\u0103t\u0103\u021beasc\u0103 rutina zilnic\u0103. Ambalajul uimitor reflect\u0103 spiritul luxos al parfumului, iar formula sa de lung\u0103 durat\u0103 v\u0103 asigur\u0103 c\u0103 v\u0103 sim\u021bi\u021bi \u00eencrez\u0103tori pe tot parcursul zilei. Fie c\u0103 participa\u021bi la un eveniment plin de farmec sau v\u0103 bucura\u021bi de o ie\u0219ire casual, acest parfum v\u0103 va \u00eenso\u021bi cu gra\u021bie, permi\u021b\u00e2ndu-v\u0103 s\u0103 \u00eembr\u0103\u021bi\u0219a\u021bi fiecare moment.<\/p>\n<p>Las\u0103-\u021bi parfumul s\u0103 vorbeasc\u0103 pentru tine cu Apa de Parfum Opulent Musk de la Lattafa, o frumoas\u0103 m\u0103rturie a feminit\u0103\u021bii \u0219i gra\u021biei. Exploreaz\u0103 opulen\u021ba \u0219i transform\u0103 acest parfum \u00eenc\u00e2nt\u0103tor \u00eentr-un element de baz\u0103 \u00een colec\u021bia ta de parfumuri.<\/p>","protected":false},"excerpt":{"rendered":"<p><strong>Note de v\u00e2rf<\/strong>: l\u0103m\u00e2ie, \u0219ofran, mosc<br \/>\n<strong>Note de mijloc<\/strong>: iasomie, flori albe, mosc<br \/>\n<strong>Note de baz\u0103<\/strong>: lemn de santal, r\u0103\u0219in\u0103 de brad, r\u0103\u0219in\u0103 de cedru, ambr\u0103, mosc<\/p>","protected":false},"featured_media":2111,"comment_status":"open","ping_status":"closed","template":"","meta":{"om_disable_all_campaigns":false,"_monsterinsights_skip_tracking":false,"_monsterinsights_sitenote_active":false,"_monsterinsights_sitenote_note":"","_monsterinsights_sitenote_category":0},"product_brand":[63],"product_cat":[56],"product_tag":[],"class_list":{"0":"post-2109","1":"product","2":"type-product","3":"status-publish","4":"has-post-thumbnail","6":"product_brand-lattafa","7":"product_cat-pentru-ea","9":"first","10":"instock","11":"shipping-taxable","12":"purchasable","13":"product-type-simple"},"aioseo_notices":[],"ct_brands":[{"id":63,"name":"Lattafa","slug":"lattafa"}],"_links":{"self":[{"href":"https:\/\/habibimb.com\/en\/wp-json\/wp\/v2\/product\/2109","targetHints":{"allow":["GET"]}}],"collection":[{"href":"https:\/\/habibimb.com\/en\/wp-json\/wp\/v2\/product"}],"about":[{"href":"https:\/\/habibimb.com\/en\/wp-json\/wp\/v2\/types\/product"}],"replies":[{"embeddable":true,"href":"https:\/\/habibimb.com\/en\/wp-json\/wp\/v2\/comments?post=2109"}],"wp:featuredmedia":[{"embeddable":true,"href":"https:\/\/habibimb.com\/en\/wp-json\/wp\/v2\/media\/2111"}],"wp:attachment":[{"href":"https:\/\/habibimb.com\/en\/wp-json\/wp\/v2\/media?parent=2109"}],"wp:term":[{"taxonomy":"product_brand","embeddable":true,"href":"https:\/\/habibimb.com\/en\/wp-json\/wp\/v2\/product_brand?post=2109"},{"taxonomy":"product_cat","embeddable":true,"href":"https:\/\/habibimb.com\/en\/wp-json\/wp\/v2\/product_cat?post=2109"},{"taxonomy":"product_tag","embeddable":true,"href":"https:\/\/habibimb.com\/en\/wp-json\/wp\/v2\/product_tag?post=2109"}],"curies":[{"name":"wp","href":"https:\/\/api.w.org\/{rel}","templated":true}]}}