{"id":2106,"date":"2025-05-03T05:30:01","date_gmt":"2025-05-03T05:30:01","guid":{"rendered":"https:\/\/habibimb.com\/?post_type=product&#038;p=2106"},"modified":"2026-03-30T08:46:21","modified_gmt":"2026-03-30T08:46:21","slug":"apa-de-parfum-yara-moi-by-lattafa-femei-100ml","status":"publish","type":"product","link":"https:\/\/habibimb.com\/en\/product\/apa-de-parfum-yara-moi-by-lattafa-femei-100ml\/","title":{"rendered":"Yara Moi, By Lattafa"},"content":{"rendered":"<h2>\u00cembr\u0103\u021bi\u0219eaz\u0103-\u021bi elegan\u021ba interioar\u0103<\/h2>\n<p>Descoperi\u021bi rafinata <strong>Apa de Parfum Yara Moi<\/strong> de la Lattafa, o \u00eentruchipare parfumat\u0103 a feminit\u0103\u021bii conceput\u0103 pentru femeia modern\u0103. Acest parfum de 100 ml ofer\u0103 un amestec irezistibil care captiveaz\u0103 \u0219i \u00eenc\u00e2nt\u0103 pe oricine \u00ee\u021bi iese \u00een cale. \u00cen momentul \u00een care pulverizezi Yara Moi, e\u0219ti \u00eenv\u0103luit \u00eentr-o lume \u00een care elegan\u021ba \u00eent\u00e2lne\u0219te farmec, f\u0103c\u00e2ndu-l accesoriul perfect pentru orice ocazie, fie c\u0103 este vorba de o ie\u0219ire casual sau de un eveniment sofisticat.<\/p>\n<h2>O c\u0103l\u0103torie captivant\u0103 a parfumurilor<\/h2>\n<p>Apa de Parfum Yara Moi se deschide cu o explozie de note proaspete \u0219i fructate, frumos echilibrate cu nuan\u021be florale care creeaz\u0103 o armonie vibrant\u0103. Pe m\u0103sur\u0103 ce parfumul evolueaz\u0103, dezv\u0103luie o inim\u0103 de flori bogate care evoc\u0103 sentimente de c\u0103ldur\u0103 \u0219i fericire. Notele de baz\u0103 se instaleaz\u0103 \u00eentr-un amestec moale \u0219i atr\u0103g\u0103tor, l\u0103s\u00e2nd o urm\u0103 persistent\u0103 care este at\u00e2t reconfortant\u0103, c\u00e2t \u0219i seduc\u0103toare. Aceast\u0103 compozi\u021bie unic\u0103 este conceput\u0103 pentru a-\u021bi completa personalitatea, f\u0103c\u00e2ndu-te s\u0103 te sim\u021bi \u00eencrez\u0103tor \u0219i senza\u021bional pe tot parcursul zilei.<\/p>\n<h2>Creat pentru fiecare femeie<\/h2>\n<p>Lattafa a creat cu m\u0103iestrie Yara Moi pentru a se potrivi diverselor gusturi \u0219i stiluri ale femeilor de pretutindeni. Parfumul s\u0103u sofisticat, dar accesibil, asigur\u0103 c\u0103 rezoneaz\u0103 cu toate v\u00e2rstele, f\u0103c\u00e2ndu-l un cadou \u00eenc\u00e2nt\u0103tor pentru tine sau pentru o persoan\u0103 drag\u0103. Ambalajul elegant reflect\u0103 calitatea din interior, \u00eentruchip\u00e2nd un design luxos care v\u0103 va \u00eembun\u0103t\u0103\u021bi colec\u021bia de parfumuri. Perfect pentru purtarea zilnic\u0103 sau pentru ocazii speciale, acest parfum v\u0103 invit\u0103 s\u0103 v\u0103 exprima\u021bi individualitatea \u0219i farmecul.<\/p>\n<p>R\u0103sf\u0103\u021ba\u021bi-v\u0103 cu alura Apa de Parfum Yara Moi, un parfum care celebreaz\u0103 feminitatea \u0219i rafinamentul. Las\u0103 acest parfum \u00eenc\u00e2nt\u0103tor s\u0103 devin\u0103 o parte integrant\u0103 a ritualului t\u0103u zilnic, amintindu-\u021bi de puterea \u0219i frumuse\u021bea ta de fiecare dat\u0103 c\u00e2nd \u00eel por\u021bi.<\/p>","protected":false},"excerpt":{"rendered":"<p><strong>Note de v\u00e2rf:<\/strong>\u00a0Iasomie, Piersic\u0103;<\/p>\n<p><strong>Note de mijloc:<\/strong>\u00a0Ambr\u0103, Caramel;<\/p>\n<p><strong>Note de baz\u0103:<\/strong>\u00a0Patchouli, Lemn de santal.<\/p>","protected":false},"featured_media":2108,"comment_status":"open","ping_status":"closed","template":"","meta":{"om_disable_all_campaigns":false,"_monsterinsights_skip_tracking":false,"_monsterinsights_sitenote_active":false,"_monsterinsights_sitenote_note":"","_monsterinsights_sitenote_category":0},"product_brand":[63],"product_cat":[56],"product_tag":[],"class_list":{"0":"post-2106","1":"product","2":"type-product","3":"status-publish","4":"has-post-thumbnail","6":"product_brand-lattafa","7":"product_cat-pentru-ea","9":"first","10":"outofstock","11":"shipping-taxable","12":"purchasable","13":"product-type-simple"},"aioseo_notices":[],"ct_brands":[{"id":63,"name":"Lattafa","slug":"lattafa"}],"_links":{"self":[{"href":"https:\/\/habibimb.com\/en\/wp-json\/wp\/v2\/product\/2106","targetHints":{"allow":["GET"]}}],"collection":[{"href":"https:\/\/habibimb.com\/en\/wp-json\/wp\/v2\/product"}],"about":[{"href":"https:\/\/habibimb.com\/en\/wp-json\/wp\/v2\/types\/product"}],"replies":[{"embeddable":true,"href":"https:\/\/habibimb.com\/en\/wp-json\/wp\/v2\/comments?post=2106"}],"wp:featuredmedia":[{"embeddable":true,"href":"https:\/\/habibimb.com\/en\/wp-json\/wp\/v2\/media\/2108"}],"wp:attachment":[{"href":"https:\/\/habibimb.com\/en\/wp-json\/wp\/v2\/media?parent=2106"}],"wp:term":[{"taxonomy":"product_brand","embeddable":true,"href":"https:\/\/habibimb.com\/en\/wp-json\/wp\/v2\/product_brand?post=2106"},{"taxonomy":"product_cat","embeddable":true,"href":"https:\/\/habibimb.com\/en\/wp-json\/wp\/v2\/product_cat?post=2106"},{"taxonomy":"product_tag","embeddable":true,"href":"https:\/\/habibimb.com\/en\/wp-json\/wp\/v2\/product_tag?post=2106"}],"curies":[{"name":"wp","href":"https:\/\/api.w.org\/{rel}","templated":true}]}}