{"id":2103,"date":"2025-05-03T05:28:00","date_gmt":"2025-05-03T05:28:00","guid":{"rendered":"https:\/\/habibimb.com\/?post_type=product&#038;p=2103"},"modified":"2025-11-18T11:11:52","modified_gmt":"2025-11-18T11:11:52","slug":"apa-de-parfum-yara-by-lattafa-femei-100ml","status":"publish","type":"product","link":"https:\/\/habibimb.com\/en\/product\/apa-de-parfum-yara-by-lattafa-femei-100ml\/","title":{"rendered":"Yara, By Lattafa"},"content":{"rendered":"<h2>Experimenta\u021bi esen\u021ba Yarei<\/h2>\n<p>Descoper\u0103 alura captivant\u0103 a Apa de Parfum Yara de Lattafa, un parfum rafinat conceput pentru femeile care doresc s\u0103-\u0219i \u00eembr\u0103\u021bi\u0219eze elegan\u021ba. \u00cenvelit \u00eentr-o sticl\u0103 de 100 ml frumos realizat\u0103, acest parfum este o declara\u021bie de rafinament \u0219i lux care v\u0103 \u00eembun\u0103t\u0103\u021be\u0219te experien\u021ba de zi cu zi. Amestecul armonios de note rafinate creeaz\u0103 o c\u0103l\u0103torie senzorial\u0103 care las\u0103 o impresie de durat\u0103.<\/p>\n<h2>O simfonie senzorial\u0103<\/h2>\n<p>Yara se deschide cu note de v\u00e2rf care sunt vibrante \u0219i revigorante. O combina\u021bie delicat\u0103 de elemente fructate \u0219i florale creeaz\u0103 o explozie ini\u021bial\u0103 de energie, captiv\u00e2nd sim\u021burile \u00eenc\u0103 de la prima pulverizare. Pe m\u0103sur\u0103 ce parfumul evolueaz\u0103, apar note de mijloc, dezv\u0103luind un amestec seduc\u0103tor care aduce c\u0103ldur\u0103 \u0219i profunzime profilului. Notele de baz\u0103 bogate persist\u0103 gra\u021bios, oferind un fundal de senzualitate care se desf\u0103\u0219oar\u0103 pe tot parcursul zilei.<\/p>\n<h2>Perfect pentru orice ocazie<\/h2>\n<p>Indiferent dac\u0103 te \u00eendrep\u021bi spre o \u00eent\u00e2lnire casual sau un eveniment formal, Apa de Parfum Yara este \u00eenso\u021bitorul t\u0103u perfect. Profilul s\u0103u de parfum versatil v\u0103 asigur\u0103 c\u0103 v\u0103 \u00eembun\u0103t\u0103\u021be\u0219te prezen\u021ba, indiferent de cadru. Simte-te puternic \u0219i \u00eencrez\u0103tor \u00een timp ce por\u021bi acest parfum captivant, conceput pentru femeia modern\u0103 care apreciaz\u0103 rafinamentul f\u0103r\u0103 compromisuri.<\/p>\n<p>Fabricat cu cele mai bune ingrediente, Apa de Parfum Yara de la Lattafa ofer\u0103 o experien\u021b\u0103 de lung\u0103 durat\u0103 care vorbe\u0219te despre calitatea \u0219i dedicarea din spatele crea\u021biei sale. Ideal pentru cadouri sau o completare \u00eenc\u00e2nt\u0103toare a colec\u021biei personale, Yara este o emblem\u0103 atemporal\u0103 a feminit\u0103\u021bii \u0219i farmecului.<\/p>\n<p>R\u0103sf\u0103\u021ba\u021bi-v\u0103 cu lumea Yara \u0219i experimenta\u021bi un parfum care nu numai c\u0103 v\u0103 completeaz\u0103 stilul, ci \u0219i v\u0103 reflect\u0103 personalitatea unic\u0103. Un must-have pentru oricine caut\u0103 un parfum de semn\u0103tur\u0103 care surprinde esen\u021ba atrac\u021biei \u0219i a gra\u021biei.<\/p>","protected":false},"excerpt":{"rendered":"<ul>\n<li>Note de varf: portocaliu, mandarina.<\/li>\n<li>Note de mijloc: note florale, trandafir.<\/li>\n<li>Note de baza: iasomie, note fresh, note florale<\/li>\n<\/ul>\n<p>Asemanator cu:<\/p>\n<p class=\"\" data-start=\"180\" data-end=\"253\"><strong data-start=\"180\" data-end=\"210\">Lancome \u2013 La Vie Est Belle<\/strong>, dar cu o tent\u0103 oriental\u0103 \u0219i mai cremoas\u0103.<\/p>","protected":false},"featured_media":2105,"comment_status":"open","ping_status":"closed","template":"","meta":{"om_disable_all_campaigns":false,"_monsterinsights_skip_tracking":false,"_monsterinsights_sitenote_active":false,"_monsterinsights_sitenote_note":"","_monsterinsights_sitenote_category":0},"product_brand":[63],"product_cat":[56],"product_tag":[],"class_list":{"0":"post-2103","1":"product","2":"type-product","3":"status-publish","4":"has-post-thumbnail","6":"product_brand-lattafa","7":"product_cat-pentru-ea","9":"first","10":"instock","11":"shipping-taxable","12":"purchasable","13":"product-type-simple"},"aioseo_notices":[],"ct_brands":[{"id":63,"name":"Lattafa","slug":"lattafa"}],"_links":{"self":[{"href":"https:\/\/habibimb.com\/en\/wp-json\/wp\/v2\/product\/2103","targetHints":{"allow":["GET"]}}],"collection":[{"href":"https:\/\/habibimb.com\/en\/wp-json\/wp\/v2\/product"}],"about":[{"href":"https:\/\/habibimb.com\/en\/wp-json\/wp\/v2\/types\/product"}],"replies":[{"embeddable":true,"href":"https:\/\/habibimb.com\/en\/wp-json\/wp\/v2\/comments?post=2103"}],"wp:featuredmedia":[{"embeddable":true,"href":"https:\/\/habibimb.com\/en\/wp-json\/wp\/v2\/media\/2105"}],"wp:attachment":[{"href":"https:\/\/habibimb.com\/en\/wp-json\/wp\/v2\/media?parent=2103"}],"wp:term":[{"taxonomy":"product_brand","embeddable":true,"href":"https:\/\/habibimb.com\/en\/wp-json\/wp\/v2\/product_brand?post=2103"},{"taxonomy":"product_cat","embeddable":true,"href":"https:\/\/habibimb.com\/en\/wp-json\/wp\/v2\/product_cat?post=2103"},{"taxonomy":"product_tag","embeddable":true,"href":"https:\/\/habibimb.com\/en\/wp-json\/wp\/v2\/product_tag?post=2103"}],"curies":[{"name":"wp","href":"https:\/\/api.w.org\/{rel}","templated":true}]}}