{"id":2100,"date":"2025-05-03T05:25:24","date_gmt":"2025-05-03T05:25:24","guid":{"rendered":"https:\/\/habibimb.com\/?post_type=product&#038;p=2100"},"modified":"2025-05-15T07:32:03","modified_gmt":"2025-05-15T07:32:03","slug":"apa-de-parfum-yara-candy-by-lattafa-femei-100ml","status":"publish","type":"product","link":"https:\/\/habibimb.com\/en\/product\/apa-de-parfum-yara-candy-by-lattafa-femei-100ml\/","title":{"rendered":"Yara Candy, By Lattafa"},"content":{"rendered":"<h2>Dezl\u0103n\u021buie-\u021bi dulcea\u021ba interioar\u0103<\/h2>\n<p>P\u0103\u0219i\u021bi \u00eentr-o lume a aromelor \u00eenc\u00e2nt\u0103toare cu Apa de Parfum Yara Candy de la Lattafa. Conceput pentru femeia modern\u0103 care \u00ee\u0219i \u00eembr\u0103\u021bi\u0219eaz\u0103 feminitatea \u0219i farmecul, acest parfum rafinat prezint\u0103 un amestec \u00eenc\u00e2nt\u0103tor de note dulci \u0219i florale care captiveaz\u0103 sim\u021burile. Indiferent dac\u0103 v\u0103 \u00eendrepta\u021bi spre un brunch casual sau un eveniment elegant de sear\u0103, Yara Candy este \u00eenso\u021bitorul perfect pentru a v\u0103 spori prezen\u021ba.<\/p>\n<h2>O simfonie de note de parfum<\/h2>\n<p>Frumuse\u021bea Yara Candy const\u0103 \u00een compozi\u021bia sa atent realizat\u0103. \u00cen partea de sus, parfumul te \u00eent\u00e2mpin\u0103 cu dulcea\u021ba atr\u0103g\u0103toare a fructelor coapte, d\u00e2nd un ton vesel chiar de la prima pulverizare. Pe m\u0103sur\u0103 ce se a\u0219eaz\u0103, ve\u021bi descoperi note florale delicate care adaug\u0103 un strat de rafinament, f\u0103c\u00e2nd din acest parfum nu doar un parfum, ci o declara\u021bie. \u00cen cele din urm\u0103, baza dezv\u0103luie nuan\u021be calde \u0219i bogate, l\u0103s\u00e2nd o urm\u0103 persistent\u0103 care \u00eei \u00eenc\u00e2nt\u0103 pe to\u021bi cei din apropiere.<\/p>\n<h2>Perfect pentru orice ocazie<\/h2>\n<p>Yara Candy este mai mult dec\u00e2t un simplu parfum; Este un accesoriu care \u00ee\u021bi ridic\u0103 \u021binuta \u0219i starea de spirit. Fie c\u0103 este vorba de o zi la birou, o \u00eent\u00e2lnire la pr\u00e2nz sau o sear\u0103 cu prietenii, acest parfum se adapteaz\u0103 stilului t\u0103u de via\u021b\u0103, oferindu-\u021bi \u00eencrederea de care ai nevoie pentru a str\u0103luci. Cu o sticl\u0103 generoas\u0103 de 100 ml, v\u0103 pute\u021bi r\u0103sf\u0103\u021ba zilnic cu acest parfum luxos, asigur\u00e2ndu-v\u0103 c\u0103 ave\u021bi \u00eentotdeauna esen\u021ba dulce\u021bii la \u00eendem\u00e2n\u0103.<\/p>\n<p>Perfect ambalat, designul elegant al sticlei se potrive\u0219te frumos pe orice chiuvet\u0103, prezent\u00e2nd lichidul bogat de chihlimbar din interior &#8211; simboliz\u00e2nd spiritul vesel pe care \u00eel \u00eentruchipeaz\u0103. \u00cembr\u0103\u021bi\u0219eaz\u0103-\u021bi individualitatea \u0219i las\u0103 Yara Candy by Lattafa s\u0103 devin\u0103 o parte esen\u021bial\u0103 a colec\u021biei tale de parfumuri ast\u0103zi.<\/p>","protected":false},"excerpt":{"rendered":"<p><strong>Note de varf:<\/strong>\u00a0mandarina verde, coacaze negre<br \/>\n<strong>Note de mijloc:<\/strong>\u00a0Bomboane Fizz de capsuni, gardenia<br \/>\n<strong>Note de baza:<\/strong>\u00a0lemn de santal, sirop de vanilie, mosc, ambra<\/p>\n<p><strong>Asemanare:<\/strong><\/p>\n<p class=\"\" data-start=\"114\" data-end=\"222\"><strong data-start=\"114\" data-end=\"164\">Ariana Grande \u2013 Cloud Pink (sau Cloud Intense)<\/strong><br data-start=\"164\" data-end=\"167\" \/><strong data-start=\"191\" data-end=\"221\">&#8211; Billie Eilish Eilish No. 1<\/strong>.<\/p>","protected":false},"featured_media":2102,"comment_status":"open","ping_status":"closed","template":"","meta":{"om_disable_all_campaigns":false,"_monsterinsights_skip_tracking":false,"_monsterinsights_sitenote_active":false,"_monsterinsights_sitenote_note":"","_monsterinsights_sitenote_category":0},"product_brand":[63],"product_cat":[56],"product_tag":[],"class_list":{"0":"post-2100","1":"product","2":"type-product","3":"status-publish","4":"has-post-thumbnail","6":"product_brand-lattafa","7":"product_cat-pentru-ea","9":"first","10":"instock","11":"shipping-taxable","12":"purchasable","13":"product-type-simple"},"aioseo_notices":[],"ct_brands":[{"id":63,"name":"Lattafa","slug":"lattafa"}],"_links":{"self":[{"href":"https:\/\/habibimb.com\/en\/wp-json\/wp\/v2\/product\/2100","targetHints":{"allow":["GET"]}}],"collection":[{"href":"https:\/\/habibimb.com\/en\/wp-json\/wp\/v2\/product"}],"about":[{"href":"https:\/\/habibimb.com\/en\/wp-json\/wp\/v2\/types\/product"}],"replies":[{"embeddable":true,"href":"https:\/\/habibimb.com\/en\/wp-json\/wp\/v2\/comments?post=2100"}],"wp:featuredmedia":[{"embeddable":true,"href":"https:\/\/habibimb.com\/en\/wp-json\/wp\/v2\/media\/2102"}],"wp:attachment":[{"href":"https:\/\/habibimb.com\/en\/wp-json\/wp\/v2\/media?parent=2100"}],"wp:term":[{"taxonomy":"product_brand","embeddable":true,"href":"https:\/\/habibimb.com\/en\/wp-json\/wp\/v2\/product_brand?post=2100"},{"taxonomy":"product_cat","embeddable":true,"href":"https:\/\/habibimb.com\/en\/wp-json\/wp\/v2\/product_cat?post=2100"},{"taxonomy":"product_tag","embeddable":true,"href":"https:\/\/habibimb.com\/en\/wp-json\/wp\/v2\/product_tag?post=2100"}],"curies":[{"name":"wp","href":"https:\/\/api.w.org\/{rel}","templated":true}]}}